{"id":19242,"date":"2026-02-27T00:43:44","date_gmt":"2026-02-27T00:43:44","guid":{"rendered":"https:\/\/nordicmart.andreevmaster.com\/product\/vasagle-sminkbord-med-spegel-och-pall\/"},"modified":"2026-02-27T08:31:25","modified_gmt":"2026-02-27T08:31:25","slug":"vasagle-sminkbord-med-spegel-och-pall","status":"publish","type":"product","link":"https:\/\/nordicmart.andreevmaster.com\/sv\/produkt\/vasagle-sminkbord-med-spegel-och-pall\/","title":{"rendered":"VASAGLE sminkbord med spegel och pall"},"content":{"rendered":"<p>VASAGLE sminkbord, toalettbord med 3-delad f\u00e4llbar spegel, h\u00e5rtorkh\u00e5llare, sminkbord med stoppad pall, 3 l\u00e5dor, industriell design, vintagebrun-svart RVT004B01<br \/>\n&#8211; F\u00e4rg: Vit<br \/>\n&#8211; Material: sp\u00e5nskiva, st\u00e5l, glas, konstl\u00e4der, mullgummi<br \/>\n&#8211; M\u00e5tt p\u00e5 bordet: 40 x 90 x 141 cm (D x B x H)<br \/>\n&#8211; M\u00e5tt p\u00e5 pallen: 28,6 x 42 x 42,5 cm (B x L x H)<br \/>\n&#8211; Vikt: 25,7 kg<br \/>\n&#8211; Max. statisk belastningskapacitet f\u00f6r pallen: 150 kg<\/p>\n","protected":false},"excerpt":{"rendered":"<p>VASAGLE sminkbord, toalettbord med 3-delad f\u00e4llbar spegel, h\u00e5rtorkh\u00e5llare, sminkbord med stoppad pall, 3 l\u00e5dor, industriell design, vintagebrun-svart RVT004B01<\/p>\n","protected":false},"featured_media":46182,"comment_status":"open","ping_status":"closed","template":"","meta":[],"product_brand":[],"product_cat":[33],"product_tag":[],"class_list":{"0":"post-19242","1":"product","2":"type-product","3":"status-publish","4":"has-post-thumbnail","6":"product_cat-okategoriserad","8":"first","9":"instock","10":"shipping-taxable","11":"purchasable","12":"product-type-simple"},"_links":{"self":[{"href":"https:\/\/nordicmart.andreevmaster.com\/sv\/wp-json\/wp\/v2\/product\/19242","targetHints":{"allow":["GET"]}}],"collection":[{"href":"https:\/\/nordicmart.andreevmaster.com\/sv\/wp-json\/wp\/v2\/product"}],"about":[{"href":"https:\/\/nordicmart.andreevmaster.com\/sv\/wp-json\/wp\/v2\/types\/product"}],"replies":[{"embeddable":true,"href":"https:\/\/nordicmart.andreevmaster.com\/sv\/wp-json\/wp\/v2\/comments?post=19242"}],"wp:featuredmedia":[{"embeddable":true,"href":"https:\/\/nordicmart.andreevmaster.com\/sv\/wp-json\/wp\/v2\/media\/46182"}],"wp:attachment":[{"href":"https:\/\/nordicmart.andreevmaster.com\/sv\/wp-json\/wp\/v2\/media?parent=19242"}],"wp:term":[{"taxonomy":"product_brand","embeddable":true,"href":"https:\/\/nordicmart.andreevmaster.com\/sv\/wp-json\/wp\/v2\/product_brand?post=19242"},{"taxonomy":"product_cat","embeddable":true,"href":"https:\/\/nordicmart.andreevmaster.com\/sv\/wp-json\/wp\/v2\/product_cat?post=19242"},{"taxonomy":"product_tag","embeddable":true,"href":"https:\/\/nordicmart.andreevmaster.com\/sv\/wp-json\/wp\/v2\/product_tag?post=19242"}],"curies":[{"name":"wp","href":"https:\/\/api.w.org\/{rel}","templated":true}]}}