{"id":19240,"date":"2026-02-27T00:43:43","date_gmt":"2026-02-27T00:43:43","guid":{"rendered":"https:\/\/nordicmart.andreevmaster.com\/product\/vasagle-sminkbordsset-med-fallbar-spegel-grabeige-svart\/"},"modified":"2026-02-27T08:31:25","modified_gmt":"2026-02-27T08:31:25","slug":"vasagle-sminkbordsset-med-fallbar-spegel-grabeige-svart","status":"publish","type":"product","link":"https:\/\/nordicmart.andreevmaster.com\/sv\/produkt\/vasagle-sminkbordsset-med-fallbar-spegel-grabeige-svart\/","title":{"rendered":"VASAGLE sminkbordsset med f\u00e4llbar spegel, gr\u00e5beige-svart"},"content":{"rendered":"<p>Produktdetaljer: &#8211; F\u00e4rg: Greige-svart &#8211; Material: Sp\u00e5nskiva, st\u00e5l, glas, konstl\u00e4der, skumplast &#8211; Storlek p\u00e5 sminkbordet: 90 x 40 x 141 cm (L x B x H) &#8211; Storlek p\u00e5 pallen: 42 x 28,6 x 42,5 cm (L x B x H) &#8211; Vikt: 25,7 kg &#8211; Max. statisk belastningskapacitet f\u00f6r pallen: 150 kg Leveransomfattning: &#8211; 1 x sminkbord &#8211; 1 x pall &#8211; 1 x tillbeh\u00f6rspaket &#8211; 1 x bruksanvisning VASAGLE Anm\u00e4rkningar: &#8211; Av s\u00e4kerhetssk\u00e4l \u00e4r det f\u00f6rbjudet f\u00f6r barn att kl\u00e4ttra p\u00e5 eller leka med produkten.- Pallen har en maximal statisk belastningskapacitet p\u00e5 150 kg. \u00d6verskrid inte viktgr\u00e4nsen.<\/p>\n","protected":false},"excerpt":{"rendered":"<p>VASAGLE sminkbord, toalettbord med 3-delad f\u00e4llbar spegel, h\u00e5rtorkh\u00e5llare, sminkbord med stoppad pall, 3 l\u00e5dor, industriell design, vintagebrun-svart RVT004B01<\/p>\n","protected":false},"featured_media":46180,"comment_status":"open","ping_status":"closed","template":"","meta":[],"product_brand":[],"product_cat":[33],"product_tag":[],"class_list":{"0":"post-19240","1":"product","2":"type-product","3":"status-publish","4":"has-post-thumbnail","6":"product_cat-okategoriserad","8":"first","9":"instock","10":"shipping-taxable","11":"purchasable","12":"product-type-simple"},"_links":{"self":[{"href":"https:\/\/nordicmart.andreevmaster.com\/sv\/wp-json\/wp\/v2\/product\/19240","targetHints":{"allow":["GET"]}}],"collection":[{"href":"https:\/\/nordicmart.andreevmaster.com\/sv\/wp-json\/wp\/v2\/product"}],"about":[{"href":"https:\/\/nordicmart.andreevmaster.com\/sv\/wp-json\/wp\/v2\/types\/product"}],"replies":[{"embeddable":true,"href":"https:\/\/nordicmart.andreevmaster.com\/sv\/wp-json\/wp\/v2\/comments?post=19240"}],"wp:featuredmedia":[{"embeddable":true,"href":"https:\/\/nordicmart.andreevmaster.com\/sv\/wp-json\/wp\/v2\/media\/46180"}],"wp:attachment":[{"href":"https:\/\/nordicmart.andreevmaster.com\/sv\/wp-json\/wp\/v2\/media?parent=19240"}],"wp:term":[{"taxonomy":"product_brand","embeddable":true,"href":"https:\/\/nordicmart.andreevmaster.com\/sv\/wp-json\/wp\/v2\/product_brand?post=19240"},{"taxonomy":"product_cat","embeddable":true,"href":"https:\/\/nordicmart.andreevmaster.com\/sv\/wp-json\/wp\/v2\/product_cat?post=19240"},{"taxonomy":"product_tag","embeddable":true,"href":"https:\/\/nordicmart.andreevmaster.com\/sv\/wp-json\/wp\/v2\/product_tag?post=19240"}],"curies":[{"name":"wp","href":"https:\/\/api.w.org\/{rel}","templated":true}]}}