{"id":19238,"date":"2026-02-27T00:43:42","date_gmt":"2026-02-27T00:43:42","guid":{"rendered":"https:\/\/nordicmart.andreevmaster.com\/product\/vasagle-sminkbord-med-3-delad-fallbar-spegel\/"},"modified":"2026-02-27T08:31:24","modified_gmt":"2026-02-27T08:31:24","slug":"vasagle-sminkbord-med-3-delad-fallbar-spegel","status":"publish","type":"product","link":"https:\/\/nordicmart.andreevmaster.com\/sv\/produkt\/vasagle-sminkbord-med-3-delad-fallbar-spegel\/","title":{"rendered":"VASAGLE sminkbord med 3-delad f\u00e4llbar spegel"},"content":{"rendered":"<p>Produktdetaljer: &#8211; F\u00e4rg: naturf\u00e4rgad-vit &#8211; Material: sp\u00e5nskiva, st\u00e5l, glas &#8211; Storlek p\u00e5 sminkbordet: 90 x 40 x 137,5 cm (L x B x H) &#8211; Storlek p\u00e5 pall: 38 x 28 x 43 cm (L x B x H) &#8211; Vikt: 24,5 kg Leveransomfattning:- 1 x sminkbord &#8211; 1 x pall &#8211; 1 x tillbeh\u00f6rspaket &#8211; 1 x bruksanvisning (DE, EN, FR, ES, IT) VASAGLE Anm\u00e4rkningar: &#8211; Av s\u00e4kerhetssk\u00e4l \u00e4r det f\u00f6rbjudet f\u00f6r barn att kl\u00e4ttra p\u00e5 eller leka med produkten.<\/p>\n","protected":false},"excerpt":{"rendered":"<p>VASAGLE sminkbord, toalettbord med 3-delad f\u00e4llbar spegel, st\u00e5lram, sminkbord med pall, 3 l\u00e5dor, naturf\u00e4rgat-vitt RVT002W09<\/p>\n","protected":false},"featured_media":46178,"comment_status":"open","ping_status":"closed","template":"","meta":[],"product_brand":[],"product_cat":[33],"product_tag":[],"class_list":{"0":"post-19238","1":"product","2":"type-product","3":"status-publish","4":"has-post-thumbnail","6":"product_cat-okategoriserad","8":"first","9":"instock","10":"shipping-taxable","11":"purchasable","12":"product-type-simple"},"_links":{"self":[{"href":"https:\/\/nordicmart.andreevmaster.com\/sv\/wp-json\/wp\/v2\/product\/19238","targetHints":{"allow":["GET"]}}],"collection":[{"href":"https:\/\/nordicmart.andreevmaster.com\/sv\/wp-json\/wp\/v2\/product"}],"about":[{"href":"https:\/\/nordicmart.andreevmaster.com\/sv\/wp-json\/wp\/v2\/types\/product"}],"replies":[{"embeddable":true,"href":"https:\/\/nordicmart.andreevmaster.com\/sv\/wp-json\/wp\/v2\/comments?post=19238"}],"wp:featuredmedia":[{"embeddable":true,"href":"https:\/\/nordicmart.andreevmaster.com\/sv\/wp-json\/wp\/v2\/media\/46178"}],"wp:attachment":[{"href":"https:\/\/nordicmart.andreevmaster.com\/sv\/wp-json\/wp\/v2\/media?parent=19238"}],"wp:term":[{"taxonomy":"product_brand","embeddable":true,"href":"https:\/\/nordicmart.andreevmaster.com\/sv\/wp-json\/wp\/v2\/product_brand?post=19238"},{"taxonomy":"product_cat","embeddable":true,"href":"https:\/\/nordicmart.andreevmaster.com\/sv\/wp-json\/wp\/v2\/product_cat?post=19238"},{"taxonomy":"product_tag","embeddable":true,"href":"https:\/\/nordicmart.andreevmaster.com\/sv\/wp-json\/wp\/v2\/product_tag?post=19238"}],"curies":[{"name":"wp","href":"https:\/\/api.w.org\/{rel}","templated":true}]}}