{"id":19237,"date":"2026-02-27T00:43:42","date_gmt":"2026-02-27T00:43:42","guid":{"rendered":"https:\/\/nordicmart.andreevmaster.com\/product\/songmics-vakuumpasar-15-stycken\/"},"modified":"2026-02-27T08:31:24","modified_gmt":"2026-02-27T08:31:24","slug":"songmics-vakuumpasar-15-stycken","status":"publish","type":"product","link":"https:\/\/nordicmart.andreevmaster.com\/sv\/produkt\/songmics-vakuumpasar-15-stycken\/","title":{"rendered":"SONGMICS vakuump\u00e5sar 15 stycken"},"content":{"rendered":"<p>Spara plats med Songmics vakuump\u00e5sar i 15-pack! Vakuump\u00e5sarna \u00e4r ett popul\u00e4rt hush\u00e5llshj\u00e4lpmedel och finns i olika storlekar f\u00f6r att passa dina olika behov av f\u00f6rvaring av oanv\u00e4nda kl\u00e4der och s\u00e4ngkl\u00e4der. Genom att vakuumf\u00f6rpacka sparar p\u00e5sen 75 % f\u00f6rvaringsutrymme i din garderob och skyddar inneh\u00e5llet fr\u00e5n damm, m\u00f6gel och fukt. Tack vare platsbesparingen \u00e4r Songmics vakuump\u00e5sar ocks\u00e5 perfekta f\u00f6r resor. Du kan komprimera skidkl\u00e4der, sovs\u00e4ckar etc. s\u00e5 att de tar minimalt med plats i ryggs\u00e4cken\/bilen. Med Songmics vakuump\u00e5sar kommer du att ha gl\u00e4dje av ditt k\u00f6p i m\u00e5nga \u00e5r. Produktdetaljer: &#8211; F\u00e4rg: transparent &#8211; M\u00e5tt: 50 x 60 cm (5 x); 60 x 80 cm (6 st); 80 x 100 cm (4 st) &#8211; Material: PA + PE &#8211; Tjocklek: 0,07 mm &#8211; F\u00f6rpackningsm\u00e5tt: 40 x 27,5 x 14 cm Leveransomfattning: &#8211; 1 x 15-delars set vakuumf\u00f6rpackningar (utan luftpump)<\/p>\n","protected":false},"excerpt":{"rendered":"<p>SONGMICS vakuump\u00e5sar, 15 stycken, f\u00f6rvaringsp\u00e5sar, kompressionsp\u00e5sar, \u00e5teranv\u00e4ndbara, f\u00f6r s\u00e4ngkl\u00e4der, kl\u00e4der, kuddar och t\u00e4cken, 4 stora (80 x 100 cm), 6 medelstora (60 x 80 cm) och 5 sm\u00e5 (50 x 60 cm) RVM15T<\/p>\n","protected":false},"featured_media":46177,"comment_status":"open","ping_status":"closed","template":"","meta":[],"product_brand":[],"product_cat":[33],"product_tag":[],"class_list":{"0":"post-19237","1":"product","2":"type-product","3":"status-publish","4":"has-post-thumbnail","6":"product_cat-okategoriserad","8":"first","9":"instock","10":"shipping-taxable","11":"purchasable","12":"product-type-simple"},"_links":{"self":[{"href":"https:\/\/nordicmart.andreevmaster.com\/sv\/wp-json\/wp\/v2\/product\/19237","targetHints":{"allow":["GET"]}}],"collection":[{"href":"https:\/\/nordicmart.andreevmaster.com\/sv\/wp-json\/wp\/v2\/product"}],"about":[{"href":"https:\/\/nordicmart.andreevmaster.com\/sv\/wp-json\/wp\/v2\/types\/product"}],"replies":[{"embeddable":true,"href":"https:\/\/nordicmart.andreevmaster.com\/sv\/wp-json\/wp\/v2\/comments?post=19237"}],"wp:featuredmedia":[{"embeddable":true,"href":"https:\/\/nordicmart.andreevmaster.com\/sv\/wp-json\/wp\/v2\/media\/46177"}],"wp:attachment":[{"href":"https:\/\/nordicmart.andreevmaster.com\/sv\/wp-json\/wp\/v2\/media?parent=19237"}],"wp:term":[{"taxonomy":"product_brand","embeddable":true,"href":"https:\/\/nordicmart.andreevmaster.com\/sv\/wp-json\/wp\/v2\/product_brand?post=19237"},{"taxonomy":"product_cat","embeddable":true,"href":"https:\/\/nordicmart.andreevmaster.com\/sv\/wp-json\/wp\/v2\/product_cat?post=19237"},{"taxonomy":"product_tag","embeddable":true,"href":"https:\/\/nordicmart.andreevmaster.com\/sv\/wp-json\/wp\/v2\/product_tag?post=19237"}],"curies":[{"name":"wp","href":"https:\/\/api.w.org\/{rel}","templated":true}]}}