{"id":19236,"date":"2026-02-27T00:43:42","date_gmt":"2026-02-27T00:43:42","guid":{"rendered":"https:\/\/nordicmart.andreevmaster.com\/product\/songmics-vakuumpasar-10-stycken-upp-till-128-cm\/"},"modified":"2026-02-27T08:31:24","modified_gmt":"2026-02-27T08:31:24","slug":"songmics-vakuumpasar-10-stycken-upp-till-128-cm","status":"publish","type":"product","link":"https:\/\/nordicmart.andreevmaster.com\/sv\/produkt\/songmics-vakuumpasar-10-stycken-upp-till-128-cm\/","title":{"rendered":"SONGMICS vakuump\u00e5sar 10 stycken upp till 128 cm"},"content":{"rendered":"<p>Har du allt mindre plats i din garderob? Spara plats med Songmics vakuump\u00e5sar i 10-pack!  Genom vakuumering sparar p\u00e5sen 75 % f\u00f6rvaringsutrymme i din garderob och skyddar inneh\u00e5llet fr\u00e5n damm, m\u00f6gel och fukt. Tack vare platsbesparingen \u00e4r Songmics vakuump\u00e5sar ocks\u00e5 perfekta f\u00f6r resor. Du kan komprimera skidkl\u00e4der, sovs\u00e4ckar etc. s\u00e5 att de tar minimalt med plats i ryggs\u00e4cken\/bilen. Med Songmics vakuump\u00e5sar kommer du att ha gl\u00e4dje av ditt k\u00f6p i m\u00e5nga \u00e5r. Produktdetaljer:  &#8211; F\u00e4rg: transparent &#8211; M\u00e5tt:  2 x vakuump\u00e5sar: ca 128 x 98 cm (varje p\u00e5se kan fyllas med upp till 3 tjocka t\u00e4cken eller  6 tunna t\u00e4cken) 3 x vakuump\u00e5sar: ca 98 x 68 cm (varje p\u00e5se kan fyllas med upp till 1 tjock t\u00e4cke eller  3 stora kuddar) 5 x vakuump\u00e5sar: ca 78 x 58 cm (varje p\u00e5se kan fyllas med upp till 5 sm\u00e5 kuddar eller  10-15 tr\u00f6jor) &#8211; Material: PA + PE &#8211; F\u00f6rpackningsm\u00e5tt: 38 x 27,5 x 10 cm &#8211; Vikt: 1,32 kg  Leveransomfattning:  &#8211; 1 x 10-delars set vakuump\u00e5sar (utan handpump)<\/p>\n","protected":false},"excerpt":{"rendered":"<p>SONGMICS 10-delars set vakuumf\u00f6rpackningar Vakuumf\u00f6rvaringsp\u00e5sar Hush\u00e5llshj\u00e4lpmedel Transparent 128 x 98 cm 98 x 68 cm 78 x 58 cm RVM10T<\/p>\n","protected":false},"featured_media":46176,"comment_status":"open","ping_status":"closed","template":"","meta":[],"product_brand":[],"product_cat":[33],"product_tag":[],"class_list":{"0":"post-19236","1":"product","2":"type-product","3":"status-publish","4":"has-post-thumbnail","6":"product_cat-okategoriserad","8":"first","9":"instock","10":"shipping-taxable","11":"purchasable","12":"product-type-simple"},"_links":{"self":[{"href":"https:\/\/nordicmart.andreevmaster.com\/sv\/wp-json\/wp\/v2\/product\/19236","targetHints":{"allow":["GET"]}}],"collection":[{"href":"https:\/\/nordicmart.andreevmaster.com\/sv\/wp-json\/wp\/v2\/product"}],"about":[{"href":"https:\/\/nordicmart.andreevmaster.com\/sv\/wp-json\/wp\/v2\/types\/product"}],"replies":[{"embeddable":true,"href":"https:\/\/nordicmart.andreevmaster.com\/sv\/wp-json\/wp\/v2\/comments?post=19236"}],"wp:featuredmedia":[{"embeddable":true,"href":"https:\/\/nordicmart.andreevmaster.com\/sv\/wp-json\/wp\/v2\/media\/46176"}],"wp:attachment":[{"href":"https:\/\/nordicmart.andreevmaster.com\/sv\/wp-json\/wp\/v2\/media?parent=19236"}],"wp:term":[{"taxonomy":"product_brand","embeddable":true,"href":"https:\/\/nordicmart.andreevmaster.com\/sv\/wp-json\/wp\/v2\/product_brand?post=19236"},{"taxonomy":"product_cat","embeddable":true,"href":"https:\/\/nordicmart.andreevmaster.com\/sv\/wp-json\/wp\/v2\/product_cat?post=19236"},{"taxonomy":"product_tag","embeddable":true,"href":"https:\/\/nordicmart.andreevmaster.com\/sv\/wp-json\/wp\/v2\/product_tag?post=19236"}],"curies":[{"name":"wp","href":"https:\/\/api.w.org\/{rel}","templated":true}]}}