{"id":19235,"date":"2026-02-27T00:43:41","date_gmt":"2026-02-27T00:43:41","guid":{"rendered":"https:\/\/nordicmart.andreevmaster.com\/product\/songmics-vakuumpasar-10-pack-upp-till-100-cm\/"},"modified":"2026-02-27T08:31:24","modified_gmt":"2026-02-27T08:31:24","slug":"songmics-vakuumpasar-10-pack-upp-till-100-cm","status":"publish","type":"product","link":"https:\/\/nordicmart.andreevmaster.com\/sv\/produkt\/songmics-vakuumpasar-10-pack-upp-till-100-cm\/","title":{"rendered":"SONGMICS vakuump\u00e5sar 10-pack upp till 100 cm"},"content":{"rendered":"<p>V\u00e5ren \u00e4r p\u00e5 v\u00e4g, sv\u00e4mmar byr\u00e5l\u00e5dan \u00f6ver med vintert\u00e4cken igen? Med Songmics vakuump\u00e5sar kan du g\u00f6ra tjocka vintert\u00e4cken, rockar etc. superplatta och f\u00f6rvara dem dammfritt under s\u00e4ngen eller i den tr\u00e5nga garderoben. L\u00e4gg bara sakerna i vakuump\u00e5sen efter att de har torkat, st\u00e4ng p\u00e5sens \u00f6ppning med skjutreglaget, sug ut luften, klart. Du kommer att bli f\u00f6rv\u00e5nad \u00f6ver hur mycket utrymme du kan spara n\u00e4r luften \u00e4r ute! Tack vare utrymmesbesparingen \u00e4r Songmics vakuump\u00e5se ocks\u00e5 utm\u00e4rkt f\u00f6r resor. Du kan g\u00f6ra skidkl\u00e4der, sovs\u00e4ckar etc. s\u00e5 sm\u00e5 att de tar liten plats i ryggs\u00e4ckar\/bilen. Med Songmics vakuump\u00e5sar kommer du att ha gl\u00e4dje av ditt k\u00f6p i m\u00e5nga \u00e5r. Produktdetaljer:  &#8211; F\u00e4rg: transparent  &#8211; M\u00e5tt: 40 x 60 cm (3 x); 60 x 80 cm (5 x); 80 x 100 cm (2 x)  &#8211; Material: PA + PE (tjocklek: 0,07 mm)  &#8211; F\u00f6rpackningsm\u00e5tt: 26 x 20 x 12 cm  &#8211; Vikt: 2 kg Leveransomfattning:  &#8211; 1x 10-delars set vakuumf\u00f6rpackningar &#8211; 1 x liten gul pump<\/p>\n","protected":false},"excerpt":{"rendered":"<p>SONGMICS 10-delars set vakuumf\u00f6rvaringsp\u00e5sar, kompressionsp\u00e5sar, olika storlekar, \u00e5teranv\u00e4ndbara f\u00f6r s\u00e4ngkl\u00e4der, kl\u00e4der, kuddar, t\u00e4cken, 40 x 60 cm, 60 x 80 cm, 80 x 100 cm RVM102<\/p>\n","protected":false},"featured_media":46175,"comment_status":"open","ping_status":"closed","template":"","meta":[],"product_brand":[],"product_cat":[33],"product_tag":[],"class_list":{"0":"post-19235","1":"product","2":"type-product","3":"status-publish","4":"has-post-thumbnail","6":"product_cat-okategoriserad","8":"first","9":"instock","10":"shipping-taxable","11":"purchasable","12":"product-type-simple"},"_links":{"self":[{"href":"https:\/\/nordicmart.andreevmaster.com\/sv\/wp-json\/wp\/v2\/product\/19235","targetHints":{"allow":["GET"]}}],"collection":[{"href":"https:\/\/nordicmart.andreevmaster.com\/sv\/wp-json\/wp\/v2\/product"}],"about":[{"href":"https:\/\/nordicmart.andreevmaster.com\/sv\/wp-json\/wp\/v2\/types\/product"}],"replies":[{"embeddable":true,"href":"https:\/\/nordicmart.andreevmaster.com\/sv\/wp-json\/wp\/v2\/comments?post=19235"}],"wp:featuredmedia":[{"embeddable":true,"href":"https:\/\/nordicmart.andreevmaster.com\/sv\/wp-json\/wp\/v2\/media\/46175"}],"wp:attachment":[{"href":"https:\/\/nordicmart.andreevmaster.com\/sv\/wp-json\/wp\/v2\/media?parent=19235"}],"wp:term":[{"taxonomy":"product_brand","embeddable":true,"href":"https:\/\/nordicmart.andreevmaster.com\/sv\/wp-json\/wp\/v2\/product_brand?post=19235"},{"taxonomy":"product_cat","embeddable":true,"href":"https:\/\/nordicmart.andreevmaster.com\/sv\/wp-json\/wp\/v2\/product_cat?post=19235"},{"taxonomy":"product_tag","embeddable":true,"href":"https:\/\/nordicmart.andreevmaster.com\/sv\/wp-json\/wp\/v2\/product_tag?post=19235"}],"curies":[{"name":"wp","href":"https:\/\/api.w.org\/{rel}","templated":true}]}}