{"id":19234,"date":"2026-02-27T00:43:41","date_gmt":"2026-02-27T00:43:41","guid":{"rendered":"https:\/\/nordicmart.andreevmaster.com\/product\/songmics-10-delars-set-vakuumforvaringspasar\/"},"modified":"2026-02-27T08:31:23","modified_gmt":"2026-02-27T08:31:23","slug":"songmics-10-delars-set-vakuumforvaringspasar","status":"publish","type":"product","link":"https:\/\/nordicmart.andreevmaster.com\/sv\/produkt\/songmics-10-delars-set-vakuumforvaringspasar\/","title":{"rendered":"SONGMICS 10-delars set vakuumf\u00f6rvaringsp\u00e5sar"},"content":{"rendered":"<p>Har du allt mindre plats i din garderob? Spara plats med Songmics vakuump\u00e5sar i 10-delars set!  Genom att vakuumf\u00f6rpacka sparar p\u00e5sen 75 % f\u00f6rvaringsutrymme i din garderob och skyddar inneh\u00e5llet mot damm, m\u00f6gel och fukt. Tack vare platsbesparingen \u00e4r Songmics vakuump\u00e5sar ocks\u00e5 perfekta f\u00f6r resor. Du kan komprimera skidkl\u00e4der, sovs\u00e4ckar etc. s\u00e5 att de tar minimalt med plats i ryggs\u00e4cken\/bilen. Med Songmics vakuumf\u00f6rpackningar kommer du att ha gl\u00e4dje av ditt k\u00f6p i m\u00e5nga \u00e5r. Produktdetaljer:  &#8211; F\u00e4rg: transparent &#8211; M\u00e5tt: 60 x 80 cm (10 x), inkl. en luftpump &#8211; Material: PA + PE &#8211; Tjocklek: 0,07 mm &#8211; F\u00f6rpackningsm\u00e5tt: 42 x 31 x 7 cm &#8211; Vikt: 1,04 kg  Leveransomfattning: &#8211; 1 x 10-delars set vakuumf\u00f6rpackningar  &#8211; 1 x gul luftpump  <\/p>\n","protected":false},"excerpt":{"rendered":"<p>SONGMICS 10-delars set vakuumf\u00f6rvaringsp\u00e5sar med gratis luftpump 60 x 80 cm RVM101<\/p>\n","protected":false},"featured_media":0,"comment_status":"open","ping_status":"closed","template":"","meta":[],"product_brand":[],"product_cat":[33],"product_tag":[],"class_list":{"0":"post-19234","1":"product","2":"type-product","3":"status-publish","5":"product_cat-okategoriserad","7":"first","8":"instock","9":"shipping-taxable","10":"purchasable","11":"product-type-simple"},"_links":{"self":[{"href":"https:\/\/nordicmart.andreevmaster.com\/sv\/wp-json\/wp\/v2\/product\/19234","targetHints":{"allow":["GET"]}}],"collection":[{"href":"https:\/\/nordicmart.andreevmaster.com\/sv\/wp-json\/wp\/v2\/product"}],"about":[{"href":"https:\/\/nordicmart.andreevmaster.com\/sv\/wp-json\/wp\/v2\/types\/product"}],"replies":[{"embeddable":true,"href":"https:\/\/nordicmart.andreevmaster.com\/sv\/wp-json\/wp\/v2\/comments?post=19234"}],"wp:attachment":[{"href":"https:\/\/nordicmart.andreevmaster.com\/sv\/wp-json\/wp\/v2\/media?parent=19234"}],"wp:term":[{"taxonomy":"product_brand","embeddable":true,"href":"https:\/\/nordicmart.andreevmaster.com\/sv\/wp-json\/wp\/v2\/product_brand?post=19234"},{"taxonomy":"product_cat","embeddable":true,"href":"https:\/\/nordicmart.andreevmaster.com\/sv\/wp-json\/wp\/v2\/product_cat?post=19234"},{"taxonomy":"product_tag","embeddable":true,"href":"https:\/\/nordicmart.andreevmaster.com\/sv\/wp-json\/wp\/v2\/product_tag?post=19234"}],"curies":[{"name":"wp","href":"https:\/\/api.w.org\/{rel}","templated":true}]}}