{"id":19233,"date":"2026-02-27T00:43:41","date_gmt":"2026-02-27T00:43:41","guid":{"rendered":"https:\/\/nordicmart.andreevmaster.com\/product\/songmics-8-delars-set-vakuumforvaringspasar\/"},"modified":"2026-02-27T08:31:23","modified_gmt":"2026-02-27T08:31:23","slug":"songmics-8-delars-set-vakuumforvaringspasar","status":"publish","type":"product","link":"https:\/\/nordicmart.andreevmaster.com\/sv\/produkt\/songmics-8-delars-set-vakuumforvaringspasar\/","title":{"rendered":"SONGMICS 8-delars set vakuumf\u00f6rvaringsp\u00e5sar"},"content":{"rendered":"<p>Vakuump\u00e5sarna \u00e4r helt genomskinliga, till och med f\u00f6rslutningsdelen i ventilen \u00e4r transparent. F\u00f6rslutningsremsorna, ventilen och f\u00f6rslutningsreglaget \u00e4r vita. Denna kombination g\u00f6r p\u00e5sarna enkla och snygga. F\u00f6rslutningsreglaget har vi utformat i oval form och b\u00e5da sidorna \u00e4r v\u00e4lvda in\u00e5t, vilket motsvarar anv\u00e4ndningsvanorna och ligger bekv\u00e4mt i handen. En lapp med anv\u00e4ndningsanvisningar medf\u00f6ljer produkten. Anv\u00e4nd vakuumf\u00f6rvaringsp\u00e5sarna endast enligt anvisningarna p\u00e5 lappen. Produktdetaljer: &#8211; M\u00e5tt: 60 x 40 cm (L x B) &#8211; F\u00f6rpackningsm\u00e5tt: 54 x 50 x 36 cm &#8211; F\u00e4rg: transparent &#8211; Material: PE + PA &#8211; Vikt: 0,61 kg Leveransomfattning: &#8211; 8 x vakuumf\u00f6rvaringsp\u00e5sar &#8211; 1 x liten pump <\/p>\n","protected":false},"excerpt":{"rendered":"<p>SONGMICS 8-delars set vakuumf\u00f6rvaringsp\u00e5sar med pump, \u00e5teranv\u00e4ndbara f\u00f6r s\u00e4ngkl\u00e4der, kl\u00e4der, kuddar, t\u00e4cken, gardiner, handdukar RVM081, 8 60 x 40 cm<\/p>\n","protected":false},"featured_media":46174,"comment_status":"open","ping_status":"closed","template":"","meta":[],"product_brand":[],"product_cat":[33],"product_tag":[],"class_list":{"0":"post-19233","1":"product","2":"type-product","3":"status-publish","4":"has-post-thumbnail","6":"product_cat-okategoriserad","8":"first","9":"instock","10":"shipping-taxable","11":"purchasable","12":"product-type-simple"},"_links":{"self":[{"href":"https:\/\/nordicmart.andreevmaster.com\/sv\/wp-json\/wp\/v2\/product\/19233","targetHints":{"allow":["GET"]}}],"collection":[{"href":"https:\/\/nordicmart.andreevmaster.com\/sv\/wp-json\/wp\/v2\/product"}],"about":[{"href":"https:\/\/nordicmart.andreevmaster.com\/sv\/wp-json\/wp\/v2\/types\/product"}],"replies":[{"embeddable":true,"href":"https:\/\/nordicmart.andreevmaster.com\/sv\/wp-json\/wp\/v2\/comments?post=19233"}],"wp:featuredmedia":[{"embeddable":true,"href":"https:\/\/nordicmart.andreevmaster.com\/sv\/wp-json\/wp\/v2\/media\/46174"}],"wp:attachment":[{"href":"https:\/\/nordicmart.andreevmaster.com\/sv\/wp-json\/wp\/v2\/media?parent=19233"}],"wp:term":[{"taxonomy":"product_brand","embeddable":true,"href":"https:\/\/nordicmart.andreevmaster.com\/sv\/wp-json\/wp\/v2\/product_brand?post=19233"},{"taxonomy":"product_cat","embeddable":true,"href":"https:\/\/nordicmart.andreevmaster.com\/sv\/wp-json\/wp\/v2\/product_cat?post=19233"},{"taxonomy":"product_tag","embeddable":true,"href":"https:\/\/nordicmart.andreevmaster.com\/sv\/wp-json\/wp\/v2\/product_tag?post=19233"}],"curies":[{"name":"wp","href":"https:\/\/api.w.org\/{rel}","templated":true}]}}