{"id":19231,"date":"2026-02-27T00:43:40","date_gmt":"2026-02-27T00:43:40","guid":{"rendered":"https:\/\/nordicmart.andreevmaster.com\/product\/songmics-6-delars-set-vakuumforpackningar\/"},"modified":"2026-02-27T08:31:23","modified_gmt":"2026-02-27T08:31:23","slug":"songmics-6-delars-set-vakuumforpackningar","status":"publish","type":"product","link":"https:\/\/nordicmart.andreevmaster.com\/sv\/produkt\/songmics-6-delars-set-vakuumforpackningar\/","title":{"rendered":"SONGMICS 6-delars set vakuumf\u00f6rpackningar"},"content":{"rendered":"<p>V\u00e5ren \u00e4r p\u00e5 v\u00e4g, sv\u00e4mmar byr\u00e5l\u00e5dan \u00f6ver med vinterkl\u00e4der igen? Med Songmics vakuump\u00e5sar kan du g\u00f6ra tjocka vinterkl\u00e4der, rockar etc. superplatta och f\u00f6rvara dem dammfritt under s\u00e4ngen eller i ett tr\u00e5ngt sk\u00e5p. L\u00e4gg bara in sakerna i vakuump\u00e5sen efter att de har torkat, st\u00e4ng p\u00e5sens \u00f6ppning med skjutreglaget, sug ut luften, klart. Du kommer att bli f\u00f6rv\u00e5nad \u00f6ver hur mycket utrymme du kan spara n\u00e4r luften \u00e4r ute! Tack vare utrymmesbesparingen \u00e4r Songmics vakuump\u00e5se ocks\u00e5 utm\u00e4rkt f\u00f6r resor. Du kan g\u00f6ra skidkl\u00e4der, sovs\u00e4ckar etc. s\u00e5 sm\u00e5 att de tar liten plats i ryggs\u00e4ckar\/bilen. Med Songmics vakuump\u00e5sar kommer du att ha gl\u00e4dje av ditt k\u00f6p i m\u00e5nga \u00e5r.  Produktdetaljer: &#8211; F\u00e4rg: transparent &#8211; M\u00e5tt: 60 x 80 cm (6 x) &#8211; Material: PA + PE (tjocklek: 0,07 mm) &#8211; F\u00f6rpackningsm\u00e5tt: 26 x 20 x 12 cm &#8211; Vikt: 1,05 kg Leveransomfattning: &#8211; 1x 6-delars set vakuumf\u00f6rpackningar &#8211; 1 x liten gul pump<\/p>\n","protected":false},"excerpt":{"rendered":"<p>SONGMICS 6-pack vakuump\u00e5sar f\u00f6r kl\u00e4der med pump 60 x 80 cm RVM061<\/p>\n","protected":false},"featured_media":0,"comment_status":"open","ping_status":"closed","template":"","meta":[],"product_brand":[],"product_cat":[33],"product_tag":[],"class_list":{"0":"post-19231","1":"product","2":"type-product","3":"status-publish","5":"product_cat-okategoriserad","7":"first","8":"instock","9":"shipping-taxable","10":"purchasable","11":"product-type-simple"},"_links":{"self":[{"href":"https:\/\/nordicmart.andreevmaster.com\/sv\/wp-json\/wp\/v2\/product\/19231","targetHints":{"allow":["GET"]}}],"collection":[{"href":"https:\/\/nordicmart.andreevmaster.com\/sv\/wp-json\/wp\/v2\/product"}],"about":[{"href":"https:\/\/nordicmart.andreevmaster.com\/sv\/wp-json\/wp\/v2\/types\/product"}],"replies":[{"embeddable":true,"href":"https:\/\/nordicmart.andreevmaster.com\/sv\/wp-json\/wp\/v2\/comments?post=19231"}],"wp:attachment":[{"href":"https:\/\/nordicmart.andreevmaster.com\/sv\/wp-json\/wp\/v2\/media?parent=19231"}],"wp:term":[{"taxonomy":"product_brand","embeddable":true,"href":"https:\/\/nordicmart.andreevmaster.com\/sv\/wp-json\/wp\/v2\/product_brand?post=19231"},{"taxonomy":"product_cat","embeddable":true,"href":"https:\/\/nordicmart.andreevmaster.com\/sv\/wp-json\/wp\/v2\/product_cat?post=19231"},{"taxonomy":"product_tag","embeddable":true,"href":"https:\/\/nordicmart.andreevmaster.com\/sv\/wp-json\/wp\/v2\/product_tag?post=19231"}],"curies":[{"name":"wp","href":"https:\/\/api.w.org\/{rel}","templated":true}]}}