{"id":19227,"date":"2026-02-27T00:43:39","date_gmt":"2026-02-27T00:43:39","guid":{"rendered":"https:\/\/nordicmart.andreevmaster.com\/product\/songmics-garderobsorganiserare-4-pack-hopfallbara-lador-med-6-fack\/"},"modified":"2026-02-27T08:31:22","modified_gmt":"2026-02-27T08:31:22","slug":"songmics-garderobsorganiserare-4-pack-hopfallbara-lador-med-6-fack","status":"publish","type":"product","link":"https:\/\/nordicmart.andreevmaster.com\/sv\/produkt\/songmics-garderobsorganiserare-4-pack-hopfallbara-lador-med-6-fack\/","title":{"rendered":"SONGMICS garderobsorganiserare, 4-pack, hopf\u00e4llbara l\u00e5dor med 6 fack"},"content":{"rendered":"<p>SONGMICS garderobsorganiserare, 4-pack, f\u00f6rvaringsbox med 6 fack, f\u00f6rvaringssystem f\u00f6r l\u00e5dor, hopf\u00e4llbara f\u00f6rvaringsboxar, 42 x 30 x 17 cm, f\u00f6r byxor, kl\u00e4der, duvgr\u00e5 RUS009G04<br \/>\nSpecifikationer:<br \/>\n&#8211; M\u00e5tt: 42 x 30 x 17 cm (per organizer)<br \/>\n&#8211; Vikt: 1,7 kg (totalt)<br \/>\n&#8211; Material: 80 g\/\u33a1 non-woven tyg, kartong<br \/>\n&#8211; F\u00e4rg: duvgr\u00e5<\/p>\n","protected":false},"excerpt":{"rendered":"<p>SONGMICS garderobsorganiserare, 4-pack, f\u00f6rvaringsbox med 6 fack, f\u00f6rvaringssystem f\u00f6r l\u00e5dor, hopf\u00e4llbara f\u00f6rvaringsboxar, 42 x 30 x 17 cm, f\u00f6r byxor, kl\u00e4der, duvgr\u00e5 RUS009G04<\/p>\n","protected":false},"featured_media":46171,"comment_status":"open","ping_status":"closed","template":"","meta":[],"product_brand":[],"product_cat":[33],"product_tag":[],"class_list":{"0":"post-19227","1":"product","2":"type-product","3":"status-publish","4":"has-post-thumbnail","6":"product_cat-okategoriserad","8":"first","9":"instock","10":"shipping-taxable","11":"purchasable","12":"product-type-simple"},"_links":{"self":[{"href":"https:\/\/nordicmart.andreevmaster.com\/sv\/wp-json\/wp\/v2\/product\/19227","targetHints":{"allow":["GET"]}}],"collection":[{"href":"https:\/\/nordicmart.andreevmaster.com\/sv\/wp-json\/wp\/v2\/product"}],"about":[{"href":"https:\/\/nordicmart.andreevmaster.com\/sv\/wp-json\/wp\/v2\/types\/product"}],"replies":[{"embeddable":true,"href":"https:\/\/nordicmart.andreevmaster.com\/sv\/wp-json\/wp\/v2\/comments?post=19227"}],"wp:featuredmedia":[{"embeddable":true,"href":"https:\/\/nordicmart.andreevmaster.com\/sv\/wp-json\/wp\/v2\/media\/46171"}],"wp:attachment":[{"href":"https:\/\/nordicmart.andreevmaster.com\/sv\/wp-json\/wp\/v2\/media?parent=19227"}],"wp:term":[{"taxonomy":"product_brand","embeddable":true,"href":"https:\/\/nordicmart.andreevmaster.com\/sv\/wp-json\/wp\/v2\/product_brand?post=19227"},{"taxonomy":"product_cat","embeddable":true,"href":"https:\/\/nordicmart.andreevmaster.com\/sv\/wp-json\/wp\/v2\/product_cat?post=19227"},{"taxonomy":"product_tag","embeddable":true,"href":"https:\/\/nordicmart.andreevmaster.com\/sv\/wp-json\/wp\/v2\/product_tag?post=19227"}],"curies":[{"name":"wp","href":"https:\/\/api.w.org\/{rel}","templated":true}]}}