{"id":19222,"date":"2026-02-27T00:43:38","date_gmt":"2026-02-27T00:43:38","guid":{"rendered":"https:\/\/nordicmart.andreevmaster.com\/product\/songmics-forvaringslador-for-underklader-6-pack\/"},"modified":"2026-02-27T08:31:20","modified_gmt":"2026-02-27T08:31:20","slug":"songmics-forvaringslador-for-underklader-6-pack","status":"publish","type":"product","link":"https:\/\/nordicmart.andreevmaster.com\/sv\/produkt\/songmics-forvaringslador-for-underklader-6-pack\/","title":{"rendered":"SONGMICS f\u00f6rvaringsl\u00e5dor f\u00f6r underkl\u00e4der, 6-pack"},"content":{"rendered":"<p>H\u00e4r hittar du r\u00e4tt f\u00f6rvaringsplats f\u00f6r dina underkl\u00e4der! Med dessa f\u00f6rvaringskorgar kan du f\u00e5 ordning p\u00e5 kaotiska l\u00e5dor eller garderober. Dina beh\u00e5ar, trosor, strumpor och andra sm\u00e5 f\u00f6rem\u00e5l kan f\u00f6rvaras snyggt och l\u00e4ttillg\u00e4ngligt i dessa l\u00e5dor. Ordning g\u00f6r lycklig! F\u00f6rvaringsutrymme i \u00f6verfl\u00f6d: Detta set best\u00e5r av 6 tygl\u00e5dor. Varje l\u00e5da \u00e4r indelad i flera fack s\u00e5 att du kan f\u00f6rvara olika f\u00f6rem\u00e5l som underkl\u00e4der, halsdukar, slipsar och strumpor separat fr\u00e5n varandra. Hur du anv\u00e4nder setet \u00e4r helt upp till dig! Det \u00e4r ocks\u00e5 v\u00e4l l\u00e4mpat f\u00f6r f\u00f6rvaring av babyartiklar. Rulla ihop ditt barns kl\u00e4der och sortera dem efter kategori i olika l\u00e5dor. Om du reser mycket hj\u00e4lper setet dig att f\u00f6rvara dina saker ordentligt \u00e4ven p\u00e5 hotellet. Dessutom tar l\u00e5dorna endast liten plats i din resv\u00e4ska n\u00e4r de \u00e4r hopvikta. Med detta set kan du \u00e4ven f\u00f6rvara din smink p\u00e5 ett ordnat s\u00e4tt. Produktdetaljer: &#8211; F\u00e4rg: Gr\u00e5 &#8211; Material: 80 g\/m\u00b2 non-woven, PE-platta, kartong &#8211; Storlek: L\u00e5da med 5 fack f\u00f6r BH:ar: 32 x 32 x 10 cm (L x B x H) L\u00e5da med 6 fack f\u00f6r halsdukar\/kalsonger (2x): 32 x 16 x 10 cm (L x B x H) L\u00e5da med 8 fack f\u00f6r slipsar (2x): 32 x 16 x 10 cm (L x B x H) L\u00e5da med 24 fack f\u00f6r strumpor eller andra accessoarer: 32 x 32 x 10 cm (L x B x H) &#8211; Vikt: 0,9 kg Leveransomfattning: &#8211; 1 x set best\u00e5ende av 6 l\u00e5dor &#8211; 4 x utdragbara PE-plattor<\/p>\n","protected":false},"excerpt":{"rendered":"<p>SONGMICS F\u00f6rvaringsl\u00e5dor f\u00f6r underkl\u00e4der, 6-pack, l\u00e5dinredning, f\u00f6rvaringssystem f\u00f6r garderob, f\u00f6r underkl\u00e4der, strumpor, slipsar, vikbara l\u00e5dor, tygl\u00e5dor, gr\u00e5 RUS06GY<\/p>\n","protected":false},"featured_media":46166,"comment_status":"open","ping_status":"closed","template":"","meta":[],"product_brand":[],"product_cat":[33],"product_tag":[],"class_list":{"0":"post-19222","1":"product","2":"type-product","3":"status-publish","4":"has-post-thumbnail","6":"product_cat-okategoriserad","8":"first","9":"instock","10":"shipping-taxable","11":"purchasable","12":"product-type-simple"},"_links":{"self":[{"href":"https:\/\/nordicmart.andreevmaster.com\/sv\/wp-json\/wp\/v2\/product\/19222","targetHints":{"allow":["GET"]}}],"collection":[{"href":"https:\/\/nordicmart.andreevmaster.com\/sv\/wp-json\/wp\/v2\/product"}],"about":[{"href":"https:\/\/nordicmart.andreevmaster.com\/sv\/wp-json\/wp\/v2\/types\/product"}],"replies":[{"embeddable":true,"href":"https:\/\/nordicmart.andreevmaster.com\/sv\/wp-json\/wp\/v2\/comments?post=19222"}],"wp:featuredmedia":[{"embeddable":true,"href":"https:\/\/nordicmart.andreevmaster.com\/sv\/wp-json\/wp\/v2\/media\/46166"}],"wp:attachment":[{"href":"https:\/\/nordicmart.andreevmaster.com\/sv\/wp-json\/wp\/v2\/media?parent=19222"}],"wp:term":[{"taxonomy":"product_brand","embeddable":true,"href":"https:\/\/nordicmart.andreevmaster.com\/sv\/wp-json\/wp\/v2\/product_brand?post=19222"},{"taxonomy":"product_cat","embeddable":true,"href":"https:\/\/nordicmart.andreevmaster.com\/sv\/wp-json\/wp\/v2\/product_cat?post=19222"},{"taxonomy":"product_tag","embeddable":true,"href":"https:\/\/nordicmart.andreevmaster.com\/sv\/wp-json\/wp\/v2\/product_tag?post=19222"}],"curies":[{"name":"wp","href":"https:\/\/api.w.org\/{rel}","templated":true}]}}