{"id":19221,"date":"2026-02-27T00:43:37","date_gmt":"2026-02-27T00:43:37","guid":{"rendered":"https:\/\/nordicmart.andreevmaster.com\/product\/4-st-underkladeslador-garderobsforvaring-for-behaar-underklader-slipsar-och-strumpor-hopfallbara-tyglador-ljusrosa\/"},"modified":"2026-02-27T08:31:20","modified_gmt":"2026-02-27T08:31:20","slug":"4-st-underkladeslador-garderobsforvaring-for-behaar-underklader-slipsar-och-strumpor-hopfallbara-tyglador-ljusrosa","status":"publish","type":"product","link":"https:\/\/nordicmart.andreevmaster.com\/sv\/produkt\/4-st-underkladeslador-garderobsforvaring-for-behaar-underklader-slipsar-och-strumpor-hopfallbara-tyglador-ljusrosa\/","title":{"rendered":"4 st underkl\u00e4desl\u00e5dor, garderobsf\u00f6rvaring f\u00f6r beh\u00e5ar, underkl\u00e4der, slipsar och strumpor, hopf\u00e4llbara tygl\u00e5dor, ljusrosa"},"content":{"rendered":"<p>Minska r\u00f6ran: Denna underkl\u00e4desf\u00f6rvaringsset hj\u00e4lper dig att sortera underkl\u00e4der efter typ och h\u00e5lla ordning i dina l\u00e5dor, s\u00e5 att du alltid snabbt hittar de underkl\u00e4der eller beh\u00e5ar du beh\u00f6ver.Spara utrymme: eller vik ihop dem n\u00e4r de inte anv\u00e4nds, s\u00e5 sparar du utrymme.M\u00e5ngsidig organisering: 4-delade tygl\u00e5dor uppfyller olika f\u00f6rvaringsbehov: 5-facksf\u00f6rvaring (32 x 32 x 10 cm) f\u00f6r beh\u00e5ar, 6-facks (32 x 16 x 10 cm) f\u00f6r underkl\u00e4der, 8-facks (32 x 16 x 10 cm) f\u00f6r slipsar och 24-facks (32 x 32 x 10 cm) f\u00f6r strumpor.H\u00e5ll ordning: Kl\u00e4dda med 80 g\/m\u00b2 fiberduk och f\u00f6rst\u00e4rkta med kartong har dessa garderobsinredningar en stabil, styv konstruktion som beh\u00e5ller sin form och h\u00e5ller underkl\u00e4derna i perfekt ordning.<\/p>\n<p>Vad du f\u00e5r: 4 l\u00e5dor med f\u00f6rvaringssystem, med hopf\u00e4llbar design som ger r\u00e4tt plats f\u00f6r beh\u00e5ar, underkl\u00e4der, slipsar och strumpor och som ocks\u00e5 passar bekv\u00e4mt i byr\u00e5l\u00e5dan eller p\u00e5 kl\u00e4dsk\u00e5pets hyllor.Tekniska uppgifter: &#8211; F\u00e4rg: &#8211; F\u00e4rg: 1: Rosa &#8211; Material: Material: 80 g\/m\u00b2 fiberduk, kartong, PE-panel &#8211; Produktens storlek: &#8211; 5-facks f\u00f6r beh\u00e5ar: 6-facks f\u00f6r beh\u00e5ar: 32 x 32 x 10 cm (L x B x H) &#8211; 6-facks f\u00f6r underkl\u00e4der: 32 x 32 x 10 cm (L x B x H): 32 x 16 x 10 cm (L x B x H) &#8211; 8-facks f\u00f6r slipsar: 32 x 16 x 10 cm (L x B x H) &#8211; 8-facks f\u00f6r slipsar: Strumpor: 32 x 16 x 10 cm (L x B x H) &#8211; 24-facks f\u00f6r strumpor: 32 x 16 x 10 cm (L x B x H): Totalvikt: 0,7 kg F\u00f6rpackningens inneh\u00e5ll: &#8211; 1 x 4-delars set f\u00f6r att organisera underkl\u00e4der (5-fack, 6-fack, 8-fack, 24-fack) &#8211; 2 x utdragbar PE-panel.<\/p>\n","protected":false},"excerpt":{"rendered":"<p>Minska r\u00f6ran: Denna underkl\u00e4desf\u00f6rvaringsset hj\u00e4lper dig att sortera underkl\u00e4der efter typ och h\u00e5lla ordning i dina l\u00e5dor, s\u00e5 att du alltid snabbt hittar de underkl\u00e4der eller beh\u00e5ar du beh\u00f6ver.Spara utrymme: eller vik ihop dem n\u00e4r de inte anv\u00e4nds, s\u00e5 sparar du utrymme.M\u00e5ngsidig organisering: 4-delade tygl\u00e5dor uppfyller olika f\u00f6rvaringsbehov: 5-facksf\u00f6rvaring (32 x 32 x 10 cm) [&hellip;]<\/p>\n","protected":false},"featured_media":0,"comment_status":"open","ping_status":"closed","template":"","meta":[],"product_brand":[],"product_cat":[33],"product_tag":[],"class_list":{"0":"post-19221","1":"product","2":"type-product","3":"status-publish","5":"product_cat-okategoriserad","7":"first","8":"instock","9":"shipping-taxable","10":"purchasable","11":"product-type-simple"},"_links":{"self":[{"href":"https:\/\/nordicmart.andreevmaster.com\/sv\/wp-json\/wp\/v2\/product\/19221","targetHints":{"allow":["GET"]}}],"collection":[{"href":"https:\/\/nordicmart.andreevmaster.com\/sv\/wp-json\/wp\/v2\/product"}],"about":[{"href":"https:\/\/nordicmart.andreevmaster.com\/sv\/wp-json\/wp\/v2\/types\/product"}],"replies":[{"embeddable":true,"href":"https:\/\/nordicmart.andreevmaster.com\/sv\/wp-json\/wp\/v2\/comments?post=19221"}],"wp:attachment":[{"href":"https:\/\/nordicmart.andreevmaster.com\/sv\/wp-json\/wp\/v2\/media?parent=19221"}],"wp:term":[{"taxonomy":"product_brand","embeddable":true,"href":"https:\/\/nordicmart.andreevmaster.com\/sv\/wp-json\/wp\/v2\/product_brand?post=19221"},{"taxonomy":"product_cat","embeddable":true,"href":"https:\/\/nordicmart.andreevmaster.com\/sv\/wp-json\/wp\/v2\/product_cat?post=19221"},{"taxonomy":"product_tag","embeddable":true,"href":"https:\/\/nordicmart.andreevmaster.com\/sv\/wp-json\/wp\/v2\/product_tag?post=19221"}],"curies":[{"name":"wp","href":"https:\/\/api.w.org\/{rel}","templated":true}]}}