{"id":19219,"date":"2026-02-27T00:43:37","date_gmt":"2026-02-27T00:43:37","guid":{"rendered":"https:\/\/nordicmart.andreevmaster.com\/product\/songmics-underkladesorganiserare-4-pack-med-80-fack-sandbeige\/"},"modified":"2026-02-27T08:31:20","modified_gmt":"2026-02-27T08:31:20","slug":"songmics-underkladesorganiserare-4-pack-med-80-fack-sandbeige","status":"publish","type":"product","link":"https:\/\/nordicmart.andreevmaster.com\/sv\/produkt\/songmics-underkladesorganiserare-4-pack-med-80-fack-sandbeige\/","title":{"rendered":"SONGMICS underkl\u00e4desorganiserare, 4-pack med 80 fack, sandbeige"},"content":{"rendered":"<p>SONGMICS Underkl\u00e4desorganiserare 4-pack, 80 fack (2&#215;16+2&#215;24), hopf\u00e4llbar l\u00e5dinredning, f\u00f6rvaringssystem f\u00f6r garderob, f\u00f6rvaringsl\u00e5dor, strumpor, underkl\u00e4der, slipsar, bl\u00e4ck svart RUS011B01<br \/>\nF\u00e4rg: sandbeige<br \/>\nMaterial: 80 g\/m\u00b2 non-woven-tyg, 2 mm tjock PP-bottenplatta<br \/>\nStorlek p\u00e5 varje l\u00e5da: 30 x 30 x 10 cm (D x B x H)<br \/>\nStorlek p\u00e5 varje stort fack: 7,6 x 7,6 cm<br \/>\nStorlek p\u00e5 varje litet fack: 7,6 x 5 cm<br \/>\nTotalvikt: 0,7 kg<\/p>\n","protected":false},"excerpt":{"rendered":"<p>SONGMICS Underkl\u00e4desorganiserare 4-pack, 80 fack (2&#215;16+2&#215;24), hopf\u00e4llbar l\u00e5dinredning, f\u00f6rvaringssystem f\u00f6r garderob, f\u00f6rvaringsl\u00e5dor, strumpor, underkl\u00e4der, slipsar, bl\u00e4ck svart RUS011B01<\/p>\n","protected":false},"featured_media":46164,"comment_status":"open","ping_status":"closed","template":"","meta":[],"product_brand":[],"product_cat":[33],"product_tag":[],"class_list":{"0":"post-19219","1":"product","2":"type-product","3":"status-publish","4":"has-post-thumbnail","6":"product_cat-okategoriserad","8":"first","9":"instock","10":"shipping-taxable","11":"purchasable","12":"product-type-simple"},"_links":{"self":[{"href":"https:\/\/nordicmart.andreevmaster.com\/sv\/wp-json\/wp\/v2\/product\/19219","targetHints":{"allow":["GET"]}}],"collection":[{"href":"https:\/\/nordicmart.andreevmaster.com\/sv\/wp-json\/wp\/v2\/product"}],"about":[{"href":"https:\/\/nordicmart.andreevmaster.com\/sv\/wp-json\/wp\/v2\/types\/product"}],"replies":[{"embeddable":true,"href":"https:\/\/nordicmart.andreevmaster.com\/sv\/wp-json\/wp\/v2\/comments?post=19219"}],"wp:featuredmedia":[{"embeddable":true,"href":"https:\/\/nordicmart.andreevmaster.com\/sv\/wp-json\/wp\/v2\/media\/46164"}],"wp:attachment":[{"href":"https:\/\/nordicmart.andreevmaster.com\/sv\/wp-json\/wp\/v2\/media?parent=19219"}],"wp:term":[{"taxonomy":"product_brand","embeddable":true,"href":"https:\/\/nordicmart.andreevmaster.com\/sv\/wp-json\/wp\/v2\/product_brand?post=19219"},{"taxonomy":"product_cat","embeddable":true,"href":"https:\/\/nordicmart.andreevmaster.com\/sv\/wp-json\/wp\/v2\/product_cat?post=19219"},{"taxonomy":"product_tag","embeddable":true,"href":"https:\/\/nordicmart.andreevmaster.com\/sv\/wp-json\/wp\/v2\/product_tag?post=19219"}],"curies":[{"name":"wp","href":"https:\/\/api.w.org\/{rel}","templated":true}]}}