{"id":19212,"date":"2026-02-27T00:43:35","date_gmt":"2026-02-27T00:43:35","guid":{"rendered":"https:\/\/nordicmart.andreevmaster.com\/product\/songmics-garderobsorganiserare-4-pack-42-x-30-x-17-cm-pastellrosa\/"},"modified":"2026-02-27T08:31:18","modified_gmt":"2026-02-27T08:31:18","slug":"songmics-garderobsorganiserare-4-pack-42-x-30-x-17-cm-pastellrosa","status":"publish","type":"product","link":"https:\/\/nordicmart.andreevmaster.com\/sv\/produkt\/songmics-garderobsorganiserare-4-pack-42-x-30-x-17-cm-pastellrosa\/","title":{"rendered":"SONGMICS garderobsorganiserare, 4-pack, 42 x 30 x 17 cm, pastellrosa"},"content":{"rendered":"<p>SONGMICS garderobsorganiserare, 4-pack, f\u00f6rvaringsbox med 6 fack, f\u00f6rvaringssystem f\u00f6r l\u00e5dor, vikbara f\u00f6rvaringsboxar, 42 x 30 x 17 cm, f\u00f6r byxor, kl\u00e4der, duvgr\u00e5 RUS009G04<br \/>\nF\u00e4rg: Pastellrosa<br \/>\nMaterial: Non-woven 80 g\/m\u00b2, kartong<br \/>\nStorlek p\u00e5 varje l\u00e5da: 42 x 30 x 17 cm (D x B x H)<br \/>\nVikt f\u00f6r 4 l\u00e5dor: 1,7 kg<\/p>\n","protected":false},"excerpt":{"rendered":"<p>SONGMICS garderobsorganiserare, 4-pack, f\u00f6rvaringsbox med 6 fack, f\u00f6rvaringssystem f\u00f6r l\u00e5dor, vikbara f\u00f6rvaringsboxar, 42 x 30 x 17 cm, f\u00f6r byxor, kl\u00e4der, duvgr\u00e5 RUS009G04<\/p>\n","protected":false},"featured_media":46157,"comment_status":"open","ping_status":"closed","template":"","meta":[],"product_brand":[],"product_cat":[33],"product_tag":[],"class_list":{"0":"post-19212","1":"product","2":"type-product","3":"status-publish","4":"has-post-thumbnail","6":"product_cat-okategoriserad","8":"first","9":"instock","10":"shipping-taxable","11":"purchasable","12":"product-type-simple"},"_links":{"self":[{"href":"https:\/\/nordicmart.andreevmaster.com\/sv\/wp-json\/wp\/v2\/product\/19212","targetHints":{"allow":["GET"]}}],"collection":[{"href":"https:\/\/nordicmart.andreevmaster.com\/sv\/wp-json\/wp\/v2\/product"}],"about":[{"href":"https:\/\/nordicmart.andreevmaster.com\/sv\/wp-json\/wp\/v2\/types\/product"}],"replies":[{"embeddable":true,"href":"https:\/\/nordicmart.andreevmaster.com\/sv\/wp-json\/wp\/v2\/comments?post=19212"}],"wp:featuredmedia":[{"embeddable":true,"href":"https:\/\/nordicmart.andreevmaster.com\/sv\/wp-json\/wp\/v2\/media\/46157"}],"wp:attachment":[{"href":"https:\/\/nordicmart.andreevmaster.com\/sv\/wp-json\/wp\/v2\/media?parent=19212"}],"wp:term":[{"taxonomy":"product_brand","embeddable":true,"href":"https:\/\/nordicmart.andreevmaster.com\/sv\/wp-json\/wp\/v2\/product_brand?post=19212"},{"taxonomy":"product_cat","embeddable":true,"href":"https:\/\/nordicmart.andreevmaster.com\/sv\/wp-json\/wp\/v2\/product_cat?post=19212"},{"taxonomy":"product_tag","embeddable":true,"href":"https:\/\/nordicmart.andreevmaster.com\/sv\/wp-json\/wp\/v2\/product_tag?post=19212"}],"curies":[{"name":"wp","href":"https:\/\/api.w.org\/{rel}","templated":true}]}}