{"id":19203,"date":"2026-02-27T00:43:32","date_gmt":"2026-02-27T00:43:32","guid":{"rendered":"https:\/\/nordicmart.andreevmaster.com\/product\/songmics-underkladesorganiserare-8-pack-molnvit\/"},"modified":"2026-02-27T08:31:16","modified_gmt":"2026-02-27T08:31:16","slug":"songmics-underkladesorganiserare-8-pack-molnvit","status":"publish","type":"product","link":"https:\/\/nordicmart.andreevmaster.com\/sv\/produkt\/songmics-underkladesorganiserare-8-pack-molnvit\/","title":{"rendered":"SONGMICS Underkl\u00e4desorganiserare 8-pack molnvit"},"content":{"rendered":"<p>SONGMICS f\u00f6rvaringsl\u00e5dor f\u00f6r underkl\u00e4der, l\u00e5dsorterare, ordningssystem f\u00f6r garderob, f\u00f6r BHS, underkl\u00e4der, strumpor, slipsar, vikbara l\u00e5dor, tygl\u00e5dor, 8-pack, gr\u00e5 RUS08GY<br \/>\nF\u00e4rg: molnvit<br \/>\nMaterial: 80 g\/m\u00b2 non-woven-tyg, kartong, PE-platta<br \/>\nStorlek<br \/>\nL\u00e5dor med 5 fack f\u00f6r beh\u00e5ar: 32 x 32 x 10 cm (L x B x H)<br \/>\nL\u00e5dor med 6 fack f\u00f6r underbyxor: 32 x 16 x 10 cm (L x B x H)<br \/>\nL\u00e5dor med 8 fack f\u00f6r slipsar: 32 x 16 x 10 cm (L x B x H)<br \/>\nL\u00e5dor med 24 fack f\u00f6r strumpor: 32 x 32 x 10 cm (L x B x H)<br \/>\nTotalvikt: 1,4 kg<\/p>\n","protected":false},"excerpt":{"rendered":"<p>SONGMICS f\u00f6rvaringsl\u00e5dor f\u00f6r underkl\u00e4der, l\u00e5dsorterare, ordningssystem f\u00f6r garderob, f\u00f6r BHS, underkl\u00e4der, strumpor, slipsar, vikbara l\u00e5dor, tygl\u00e5dor, 8-pack, gr\u00e5 RUS08GY<\/p>\n","protected":false},"featured_media":46148,"comment_status":"open","ping_status":"closed","template":"","meta":[],"product_brand":[],"product_cat":[33],"product_tag":[],"class_list":{"0":"post-19203","1":"product","2":"type-product","3":"status-publish","4":"has-post-thumbnail","6":"product_cat-okategoriserad","8":"first","9":"instock","10":"shipping-taxable","11":"purchasable","12":"product-type-simple"},"_links":{"self":[{"href":"https:\/\/nordicmart.andreevmaster.com\/sv\/wp-json\/wp\/v2\/product\/19203","targetHints":{"allow":["GET"]}}],"collection":[{"href":"https:\/\/nordicmart.andreevmaster.com\/sv\/wp-json\/wp\/v2\/product"}],"about":[{"href":"https:\/\/nordicmart.andreevmaster.com\/sv\/wp-json\/wp\/v2\/types\/product"}],"replies":[{"embeddable":true,"href":"https:\/\/nordicmart.andreevmaster.com\/sv\/wp-json\/wp\/v2\/comments?post=19203"}],"wp:featuredmedia":[{"embeddable":true,"href":"https:\/\/nordicmart.andreevmaster.com\/sv\/wp-json\/wp\/v2\/media\/46148"}],"wp:attachment":[{"href":"https:\/\/nordicmart.andreevmaster.com\/sv\/wp-json\/wp\/v2\/media?parent=19203"}],"wp:term":[{"taxonomy":"product_brand","embeddable":true,"href":"https:\/\/nordicmart.andreevmaster.com\/sv\/wp-json\/wp\/v2\/product_brand?post=19203"},{"taxonomy":"product_cat","embeddable":true,"href":"https:\/\/nordicmart.andreevmaster.com\/sv\/wp-json\/wp\/v2\/product_cat?post=19203"},{"taxonomy":"product_tag","embeddable":true,"href":"https:\/\/nordicmart.andreevmaster.com\/sv\/wp-json\/wp\/v2\/product_tag?post=19203"}],"curies":[{"name":"wp","href":"https:\/\/api.w.org\/{rel}","templated":true}]}}