{"id":19198,"date":"2026-02-27T00:43:30","date_gmt":"2026-02-27T00:43:30","guid":{"rendered":"https:\/\/nordicmart.andreevmaster.com\/product\/songmics-2-pack-forvaringslador-for-underklader\/"},"modified":"2026-02-27T08:31:15","modified_gmt":"2026-02-27T08:31:15","slug":"songmics-2-pack-forvaringslador-for-underklader","status":"publish","type":"product","link":"https:\/\/nordicmart.andreevmaster.com\/sv\/produkt\/songmics-2-pack-forvaringslador-for-underklader\/","title":{"rendered":"SONGMICS 2-pack f\u00f6rvaringsl\u00e5dor f\u00f6r underkl\u00e4der"},"content":{"rendered":"<p>Produktdetaljer: &#8211; F\u00e4rg: Gr\u00e5 &#8211; Material: Kartong, non-woven-storlek: 32 x 32 x 10 cm (L x B x H) &#8211; Vikt: 0,4 kg Leveransomfattning: &#8211; 2 x f\u00f6rvaringsbox SONGMICS Anvisningar: &#8211; Tv\u00e4tta inte produkten med vatten, utan torka av den med en fuktig trasa.- Det kan h\u00e4nda att produkten luktar \u201dnytt\u201d n\u00e4r du packar upp den. I s\u00e5 fall kan du placera den i ett v\u00e4lventilerat rum s\u00e5 att lukten f\u00f6rsvinner efter en kort stund. &#8211; Uts\u00e4tt inte produkten f\u00f6r direkt solljus eller h\u00f6g luftfuktighet under en l\u00e4ngre tid. &#8211; Placera inga vassa eller tunga f\u00f6rem\u00e5l p\u00e5 m\u00f6beln.<\/p>\n","protected":false},"excerpt":{"rendered":"<p>SONGMICS Underkl\u00e4desorganiserare, 2-pack, ordningssystem f\u00f6r garderob, f\u00f6rvaringsbox, hopf\u00e4llbar, vikbar box, tygbox f\u00f6r strumpor, kragar och slipsar, gr\u00e5 med zickzackm\u00f6nster RUS002B01<\/p>\n","protected":false},"featured_media":46143,"comment_status":"open","ping_status":"closed","template":"","meta":[],"product_brand":[],"product_cat":[33],"product_tag":[],"class_list":{"0":"post-19198","1":"product","2":"type-product","3":"status-publish","4":"has-post-thumbnail","6":"product_cat-okategoriserad","8":"first","9":"instock","10":"shipping-taxable","11":"purchasable","12":"product-type-simple"},"_links":{"self":[{"href":"https:\/\/nordicmart.andreevmaster.com\/sv\/wp-json\/wp\/v2\/product\/19198","targetHints":{"allow":["GET"]}}],"collection":[{"href":"https:\/\/nordicmart.andreevmaster.com\/sv\/wp-json\/wp\/v2\/product"}],"about":[{"href":"https:\/\/nordicmart.andreevmaster.com\/sv\/wp-json\/wp\/v2\/types\/product"}],"replies":[{"embeddable":true,"href":"https:\/\/nordicmart.andreevmaster.com\/sv\/wp-json\/wp\/v2\/comments?post=19198"}],"wp:featuredmedia":[{"embeddable":true,"href":"https:\/\/nordicmart.andreevmaster.com\/sv\/wp-json\/wp\/v2\/media\/46143"}],"wp:attachment":[{"href":"https:\/\/nordicmart.andreevmaster.com\/sv\/wp-json\/wp\/v2\/media?parent=19198"}],"wp:term":[{"taxonomy":"product_brand","embeddable":true,"href":"https:\/\/nordicmart.andreevmaster.com\/sv\/wp-json\/wp\/v2\/product_brand?post=19198"},{"taxonomy":"product_cat","embeddable":true,"href":"https:\/\/nordicmart.andreevmaster.com\/sv\/wp-json\/wp\/v2\/product_cat?post=19198"},{"taxonomy":"product_tag","embeddable":true,"href":"https:\/\/nordicmart.andreevmaster.com\/sv\/wp-json\/wp\/v2\/product_tag?post=19198"}],"curies":[{"name":"wp","href":"https:\/\/api.w.org\/{rel}","templated":true}]}}