{"id":19195,"date":"2026-02-27T00:43:29","date_gmt":"2026-02-27T00:43:29","guid":{"rendered":"https:\/\/nordicmart.andreevmaster.com\/product\/songmics-forvaringsvaska-med-justerbar-skiljevagg\/"},"modified":"2026-02-27T08:31:15","modified_gmt":"2026-02-27T08:31:15","slug":"songmics-forvaringsvaska-med-justerbar-skiljevagg","status":"publish","type":"product","link":"https:\/\/nordicmart.andreevmaster.com\/sv\/produkt\/songmics-forvaringsvaska-med-justerbar-skiljevagg\/","title":{"rendered":"SONGMICS f\u00f6rvaringsv\u00e4ska med justerbar skiljev\u00e4gg"},"content":{"rendered":"<p>Ger \u00e5rstidsv\u00e4xlingen dig redan huvudv\u00e4rk? Med SONGMICS beh\u00f6ver du inte oroa dig l\u00e4ngre! I denna 82 x 42 x 20 cm stora f\u00f6rvaringsp\u00e5se under s\u00e4ngen kan du f\u00f6rvara alla kl\u00e4der, filtar och andra tillbeh\u00f6r tills n\u00e4sta \u00e5rstidsv\u00e4xling. Dold kl\u00e4df\u00f6rvaring Tack vare denna f\u00f6rvaringsv\u00e4ska under s\u00e4ngen kan du anv\u00e4nda det dyrbara utrymmet i din garderob till kl\u00e4der som du b\u00e4r varje dag. Placera f\u00f6rvaringsv\u00e4skan av slitstarkt imiterat linne under din s\u00e4ng eller p\u00e5 din garderob. N\u00e4r den inte anv\u00e4nds kan l\u00e5dan dessutom vikas ihop f\u00f6r att spara utrymme och f\u00f6rvaras i ett h\u00f6rn. Dela upp boxen efter dina \u00f6nskem\u00e5l Om du inte vill blanda vinterpyjamas och tr\u00f6jor med sommarkl\u00e4nningar och strandhanddukar kan du f\u00f6rvara dem separat med hj\u00e4lp av f\u00f6rvaringsp\u00e5sens stabila skiljev\u00e4gg. Tack vare kardborrbandet kan v\u00e4ggen justeras flexibelt. Produktdetaljer: &#8211; F\u00e4rg: Gr\u00e5 med fiskbensm\u00f6nster, insidan helt gr\u00e5 &#8211; Material: Imitation av linne, 2 mm tjock kartong &#8211; Storlek: 82 x 42 x 20 cm (L x B x H) &#8211; Vikt: 1,3 kg Leveransomfattning: &#8211; 1 x f\u00f6rvaringsl\u00e5da f\u00f6r under s\u00e4ngen &#8211; 2 x kartonginl\u00e4gg SONGIMCS Anvisningar:- H\u00e5ll vassa f\u00f6rem\u00e5l borta fr\u00e5n produkten och f\u00f6rvara inte f\u00f6r m\u00e5nga eller f\u00f6r stora f\u00f6rem\u00e5l i p\u00e5sen. &#8211; H\u00e5ll inte produkten under vatten. Reng\u00f6r den med en fuktig trasa om den blir smutsig. &#8211; N\u00e4r du packar upp produkten kan den ha en &#8221;ny&#8221; lukt. L\u00e5t den i s\u00e5 fall ligga i ett v\u00e4l ventilerat utrymme i n\u00e5gra timmar.<\/p>\n","protected":false},"excerpt":{"rendered":"<p>SONGMICS f\u00f6rvaringsp\u00e5sar med justerbar skiljev\u00e4gg, 2-pack, f\u00f6rvaringsl\u00e5dor under s\u00e4ngen, hopf\u00e4llbar f\u00f6rvaring, under s\u00e4ngen eller p\u00e5 garderoben, f\u00f6r t\u00e4cken, s\u00e4ngkl\u00e4der, 82 x 42 x 20 cm, gr\u00e5 RUB02G<\/p>\n","protected":false},"featured_media":46140,"comment_status":"open","ping_status":"closed","template":"","meta":[],"product_brand":[],"product_cat":[33],"product_tag":[],"class_list":{"0":"post-19195","1":"product","2":"type-product","3":"status-publish","4":"has-post-thumbnail","6":"product_cat-okategoriserad","8":"first","9":"instock","10":"shipping-taxable","11":"purchasable","12":"product-type-simple"},"_links":{"self":[{"href":"https:\/\/nordicmart.andreevmaster.com\/sv\/wp-json\/wp\/v2\/product\/19195","targetHints":{"allow":["GET"]}}],"collection":[{"href":"https:\/\/nordicmart.andreevmaster.com\/sv\/wp-json\/wp\/v2\/product"}],"about":[{"href":"https:\/\/nordicmart.andreevmaster.com\/sv\/wp-json\/wp\/v2\/types\/product"}],"replies":[{"embeddable":true,"href":"https:\/\/nordicmart.andreevmaster.com\/sv\/wp-json\/wp\/v2\/comments?post=19195"}],"wp:featuredmedia":[{"embeddable":true,"href":"https:\/\/nordicmart.andreevmaster.com\/sv\/wp-json\/wp\/v2\/media\/46140"}],"wp:attachment":[{"href":"https:\/\/nordicmart.andreevmaster.com\/sv\/wp-json\/wp\/v2\/media?parent=19195"}],"wp:term":[{"taxonomy":"product_brand","embeddable":true,"href":"https:\/\/nordicmart.andreevmaster.com\/sv\/wp-json\/wp\/v2\/product_brand?post=19195"},{"taxonomy":"product_cat","embeddable":true,"href":"https:\/\/nordicmart.andreevmaster.com\/sv\/wp-json\/wp\/v2\/product_cat?post=19195"},{"taxonomy":"product_tag","embeddable":true,"href":"https:\/\/nordicmart.andreevmaster.com\/sv\/wp-json\/wp\/v2\/product_tag?post=19195"}],"curies":[{"name":"wp","href":"https:\/\/api.w.org\/{rel}","templated":true}]}}