{"id":19194,"date":"2026-02-27T00:43:29","date_gmt":"2026-02-27T00:43:29","guid":{"rendered":"https:\/\/nordicmart.andreevmaster.com\/product\/songmics-sanglada-2-pack\/"},"modified":"2026-02-27T08:31:14","modified_gmt":"2026-02-27T08:31:14","slug":"songmics-sanglada-2-pack","status":"publish","type":"product","link":"https:\/\/nordicmart.andreevmaster.com\/sv\/produkt\/songmics-sanglada-2-pack\/","title":{"rendered":"SONGMICS s\u00e4ngl\u00e5da, 2-pack"},"content":{"rendered":"<p>Produktdetaljer: &#8211; F\u00e4rg: Gr\u00e5 &#8211; Material: Kartong, non-woven, PVC &#8211; Storlek: 80 x 40 x 15 cm (L x B x H) &#8211; Totalvikt: 2,4 kg &#8211; Max. statisk belastningskapacitet per v\u00e4ska: 5 kg Leveransomfattning: &#8211; 2 x f\u00f6rvaringsv\u00e4ska &#8211; 2 x skiljev\u00e4gg &#8211; 2 x bottenplatta SONGMICS Anvisningar:- Tv\u00e4tta inte produkten med vatten, utan torka av den med en fuktig trasa.- Det kan h\u00e4nda att produkten luktar \u201dnytt\u201d n\u00e4r du packar upp den. I s\u00e5 fall kan du placera den i ett v\u00e4l ventilerat rum s\u00e5 att lukten f\u00f6rsvinner efter en kort stund. &#8211; Uts\u00e4tt inte produkten f\u00f6r direkt solljus eller h\u00f6g luftfuktighet under en l\u00e4ngre tid. &#8211; Placera inte vassa eller tunga f\u00f6rem\u00e5l p\u00e5 m\u00f6beln.<\/p>\n","protected":false},"excerpt":{"rendered":"<p>SONGMICS f\u00f6rvaringsl\u00e5da f\u00f6r under s\u00e4ngen, 2-pack, f\u00f6rvaringsp\u00e5se med f\u00f6nster, hopf\u00e4llbar f\u00f6rvaringsl\u00e5da, under s\u00e4ngen eller p\u00e5 garderoben, non-woven-tyg, platsbesparande, gr\u00e5 RUB002G01<\/p>\n","protected":false},"featured_media":46139,"comment_status":"open","ping_status":"closed","template":"","meta":[],"product_brand":[],"product_cat":[33],"product_tag":[],"class_list":{"0":"post-19194","1":"product","2":"type-product","3":"status-publish","4":"has-post-thumbnail","6":"product_cat-okategoriserad","8":"first","9":"instock","10":"shipping-taxable","11":"purchasable","12":"product-type-simple"},"_links":{"self":[{"href":"https:\/\/nordicmart.andreevmaster.com\/sv\/wp-json\/wp\/v2\/product\/19194","targetHints":{"allow":["GET"]}}],"collection":[{"href":"https:\/\/nordicmart.andreevmaster.com\/sv\/wp-json\/wp\/v2\/product"}],"about":[{"href":"https:\/\/nordicmart.andreevmaster.com\/sv\/wp-json\/wp\/v2\/types\/product"}],"replies":[{"embeddable":true,"href":"https:\/\/nordicmart.andreevmaster.com\/sv\/wp-json\/wp\/v2\/comments?post=19194"}],"wp:featuredmedia":[{"embeddable":true,"href":"https:\/\/nordicmart.andreevmaster.com\/sv\/wp-json\/wp\/v2\/media\/46139"}],"wp:attachment":[{"href":"https:\/\/nordicmart.andreevmaster.com\/sv\/wp-json\/wp\/v2\/media?parent=19194"}],"wp:term":[{"taxonomy":"product_brand","embeddable":true,"href":"https:\/\/nordicmart.andreevmaster.com\/sv\/wp-json\/wp\/v2\/product_brand?post=19194"},{"taxonomy":"product_cat","embeddable":true,"href":"https:\/\/nordicmart.andreevmaster.com\/sv\/wp-json\/wp\/v2\/product_cat?post=19194"},{"taxonomy":"product_tag","embeddable":true,"href":"https:\/\/nordicmart.andreevmaster.com\/sv\/wp-json\/wp\/v2\/product_tag?post=19194"}],"curies":[{"name":"wp","href":"https:\/\/api.w.org\/{rel}","templated":true}]}}