{"id":19193,"date":"2026-02-27T00:43:29","date_gmt":"2026-02-27T00:43:29","guid":{"rendered":"https:\/\/nordicmart.andreevmaster.com\/product\/songmics-garderob-med-gardin\/"},"modified":"2026-02-27T08:31:14","modified_gmt":"2026-02-27T08:31:14","slug":"songmics-garderob-med-gardin","status":"publish","type":"product","link":"https:\/\/nordicmart.andreevmaster.com\/sv\/produkt\/songmics-garderob-med-gardin\/","title":{"rendered":"SONGMICS Garderob med gardin"},"content":{"rendered":"<p>Garderobssk\u00e5pet har en s\u00e4ker och stabil konstruktion som t\u00e5l h\u00f6g belastning och passar perfekt i alla hem!  Det stabila st\u00e4llet best\u00e5r av metallr\u00f6r vars yta \u00e4r behandlad med smakfullt br\u00e4nnlack, rostbest\u00e4ndigt och l\u00e4ttsk\u00f6tt. Kl\u00e4dst\u00e4llningen \u00e4r utrustad med 1 kl\u00e4dst\u00e5ng, 1 n\u00e4tfack nedtill och 3 sidofack och har tillr\u00e4ckligt med plats f\u00f6r kl\u00e4der, blusar, v\u00e4skor, hattar och mycket mer. Alla sidor \u00e4r t\u00e4ckta med gardiner, vilket skyddar dina kl\u00e4der fr\u00e5n damm och smuts. Oavsett om du placerar den i garderoben, k\u00e4llaren, hallen, sovrummet eller p\u00e5 vinden, f\u00f6rvaras dina saker snyggt och l\u00e4ttillg\u00e4ngligt. Enkel att montera och demontera, i stabil utf\u00f6rande.  Med den praktiska kl\u00e4dh\u00e4ngaren f\u00e5r du en funktionell och anpassningsbar hj\u00e4lpreda f\u00f6r dina behov.  Observera: &#8211; Gardinerna \u00e4r gjorda av bomull och ska inte tv\u00e4ttas med vatten, utan reng\u00f6ras enligt textilens etikett, annars krymper tyget vid tv\u00e4tt. Produktdetaljer:- Material i stommen: st\u00e5lr\u00f6r &#8211; Material i tyget: 70 % bomull + 30 % polyester &#8211; M\u00e5tt: 108 x 210 x 58 cm (B x H x D) &#8211; F\u00e4rg: svart &#8211; F\u00f6rpackningsm\u00e5tt: 137 x 60 x 15 cm &#8211; Nettovikt: 16,2 kg &#8211; Bruttovikt: 17,8 kg Leveransomfattning: &#8211; 1 x kl\u00e4dsk\u00e5p &#8211; 1 x bruksanvisning (DE, FR, EN, IT, ES)<\/p>\n","protected":false},"excerpt":{"rendered":"<p>SONGMICS Metallgarderob F\u00e4llbar garderob Garderob med gardin 210 x 108 x 58 cm, RTG04H<\/p>\n","protected":false},"featured_media":46138,"comment_status":"open","ping_status":"closed","template":"","meta":[],"product_brand":[],"product_cat":[33],"product_tag":[],"class_list":{"0":"post-19193","1":"product","2":"type-product","3":"status-publish","4":"has-post-thumbnail","6":"product_cat-okategoriserad","8":"first","9":"instock","10":"shipping-taxable","11":"purchasable","12":"product-type-simple"},"_links":{"self":[{"href":"https:\/\/nordicmart.andreevmaster.com\/sv\/wp-json\/wp\/v2\/product\/19193","targetHints":{"allow":["GET"]}}],"collection":[{"href":"https:\/\/nordicmart.andreevmaster.com\/sv\/wp-json\/wp\/v2\/product"}],"about":[{"href":"https:\/\/nordicmart.andreevmaster.com\/sv\/wp-json\/wp\/v2\/types\/product"}],"replies":[{"embeddable":true,"href":"https:\/\/nordicmart.andreevmaster.com\/sv\/wp-json\/wp\/v2\/comments?post=19193"}],"wp:featuredmedia":[{"embeddable":true,"href":"https:\/\/nordicmart.andreevmaster.com\/sv\/wp-json\/wp\/v2\/media\/46138"}],"wp:attachment":[{"href":"https:\/\/nordicmart.andreevmaster.com\/sv\/wp-json\/wp\/v2\/media?parent=19193"}],"wp:term":[{"taxonomy":"product_brand","embeddable":true,"href":"https:\/\/nordicmart.andreevmaster.com\/sv\/wp-json\/wp\/v2\/product_brand?post=19193"},{"taxonomy":"product_cat","embeddable":true,"href":"https:\/\/nordicmart.andreevmaster.com\/sv\/wp-json\/wp\/v2\/product_cat?post=19193"},{"taxonomy":"product_tag","embeddable":true,"href":"https:\/\/nordicmart.andreevmaster.com\/sv\/wp-json\/wp\/v2\/product_tag?post=19193"}],"curies":[{"name":"wp","href":"https:\/\/api.w.org\/{rel}","templated":true}]}}