{"id":19192,"date":"2026-02-27T00:43:29","date_gmt":"2026-02-27T00:43:29","guid":{"rendered":"https:\/\/nordicmart.andreevmaster.com\/product\/songmics-fallbar-forvaringslada-3-pack-gra\/"},"modified":"2026-02-27T08:31:14","modified_gmt":"2026-02-27T08:31:14","slug":"songmics-fallbar-forvaringslada-3-pack-gra","status":"publish","type":"product","link":"https:\/\/nordicmart.andreevmaster.com\/sv\/produkt\/songmics-fallbar-forvaringslada-3-pack-gra\/","title":{"rendered":"SONGMICS F\u00e4llbar f\u00f6rvaringsl\u00e5da, 3-pack, gr\u00e5"},"content":{"rendered":"<p>Produktdetaljer: F\u00e4rg: Gr\u00e5 Material: Terylen-bomullsblandning, 2 mm tjock kartong Storlek: 40 x 30 x 25 cm (L x B x H) Vikt: 3 kg Leveransomfattning: 3 x f\u00f6rvaringsbox SONGMICS Anm\u00e4rkningar: Det kan h\u00e4nda att produkten har en svag lukt n\u00e4r den packas upp. Placera den i s\u00e5 fall p\u00e5 en v\u00e4l ventilerad plats i n\u00e5gra timmar. Torka av ytan med en l\u00e4tt fuktig trasa f\u00f6r daglig reng\u00f6ring och l\u00e5t produkten lufttorka; tv\u00e4tta INTE med vatten. Hos SONGMICS hittar du m\u00e5nga fler f\u00f6rvaringsl\u00e5dor. Uppt\u00e4ck magin med att st\u00e4da upp, det kommer att f\u00f6r\u00e4ndra din vardag.<\/p>\n","protected":false},"excerpt":{"rendered":"<p>SONGMICS F\u00e4llbar l\u00e5da, 3-pack, f\u00f6rvaringsl\u00e5da med lock, tygl\u00e5da med etikettficka, f\u00f6rvaring, organiserare, 40 x 30 x 25 cm, gr\u00e5 RTFB03G<\/p>\n","protected":false},"featured_media":46137,"comment_status":"open","ping_status":"closed","template":"","meta":[],"product_brand":[],"product_cat":[33],"product_tag":[],"class_list":{"0":"post-19192","1":"product","2":"type-product","3":"status-publish","4":"has-post-thumbnail","6":"product_cat-okategoriserad","8":"first","9":"instock","10":"shipping-taxable","11":"purchasable","12":"product-type-simple"},"_links":{"self":[{"href":"https:\/\/nordicmart.andreevmaster.com\/sv\/wp-json\/wp\/v2\/product\/19192","targetHints":{"allow":["GET"]}}],"collection":[{"href":"https:\/\/nordicmart.andreevmaster.com\/sv\/wp-json\/wp\/v2\/product"}],"about":[{"href":"https:\/\/nordicmart.andreevmaster.com\/sv\/wp-json\/wp\/v2\/types\/product"}],"replies":[{"embeddable":true,"href":"https:\/\/nordicmart.andreevmaster.com\/sv\/wp-json\/wp\/v2\/comments?post=19192"}],"wp:featuredmedia":[{"embeddable":true,"href":"https:\/\/nordicmart.andreevmaster.com\/sv\/wp-json\/wp\/v2\/media\/46137"}],"wp:attachment":[{"href":"https:\/\/nordicmart.andreevmaster.com\/sv\/wp-json\/wp\/v2\/media?parent=19192"}],"wp:term":[{"taxonomy":"product_brand","embeddable":true,"href":"https:\/\/nordicmart.andreevmaster.com\/sv\/wp-json\/wp\/v2\/product_brand?post=19192"},{"taxonomy":"product_cat","embeddable":true,"href":"https:\/\/nordicmart.andreevmaster.com\/sv\/wp-json\/wp\/v2\/product_cat?post=19192"},{"taxonomy":"product_tag","embeddable":true,"href":"https:\/\/nordicmart.andreevmaster.com\/sv\/wp-json\/wp\/v2\/product_tag?post=19192"}],"curies":[{"name":"wp","href":"https:\/\/api.w.org\/{rel}","templated":true}]}}