{"id":19191,"date":"2026-02-27T00:43:28","date_gmt":"2026-02-27T00:43:28","guid":{"rendered":"https:\/\/nordicmart.andreevmaster.com\/product\/songmics-forvaringslador-for-underklader\/"},"modified":"2026-02-27T08:31:14","modified_gmt":"2026-02-27T08:31:14","slug":"songmics-forvaringslador-for-underklader","status":"publish","type":"product","link":"https:\/\/nordicmart.andreevmaster.com\/sv\/produkt\/songmics-forvaringslador-for-underklader\/","title":{"rendered":"SONGMICS f\u00f6rvaringsl\u00e5dor f\u00f6r underkl\u00e4der"},"content":{"rendered":"<p>Ordning och lugn: Ligger det fortfarande sm\u00e5saker \u00f6verallt, trots att du just har st\u00e4dat hemmet grundligt? Varf\u00f6r inte h\u00e5lla ordning p\u00e5 alla sm\u00e5saker med dessa tygboxar? P\u00e5 s\u00e5 s\u00e4tt blir du av med det irriterande r\u00f6ran och \u00e5terf\u00e5r ditt inre lugn.En flexibel kombination: Detta set best\u00e5r av 2 stora, 2 medelstora och 2 sm\u00e5 tygboxar, som \u00e4r tillverkade av robust terylen-bomullsblandning, och passar \u00f6verallt: i dina l\u00e5dor, p\u00e5 ditt sminkbord, skrivbord eller i barnrummet. Dessutom kan du anv\u00e4nda dessa boxar tillsammans eller separat, valet \u00e4r ditt. Ett tips: Placera ofta anv\u00e4nda vardagsf\u00f6rem\u00e5l i dessa organisat\u00f6rer s\u00e5 att du enkelt kommer \u00e5t dem. Hos SONGMICS hittar du m\u00e5nga fler f\u00f6rvaringsl\u00e5dor. Uppt\u00e4ck magin med att st\u00e4da upp, det kommer att f\u00f6r\u00e4ndra din vardag. Produktdetaljer:F\u00e4rg: Gr\u00e5 Material: Terylen-bomullsblandning, 2 mm tjock kartong Storlek: Stora l\u00e5dor: 28 x 28 x 13 cm (L x B x H) Medelstora l\u00e5dor: 28 x 14 x 13 cm (L x B x H) Sm\u00e5 l\u00e5dor: 14 x 14 x 13 cm (L x B x H) Vikt: 1,3 kg Leveransomfattning: 2 x stora f\u00f6rvaringsl\u00e5dor (28 x 28 x 13 cm) 2 x medelstora f\u00f6rvaringsl\u00e5dor (28 x 14 x 13 cm) 2 x sm\u00e5 f\u00f6rvaringsl\u00e5dor (14 x 14 x 13 cm) SONGMICS Anvisningar:Torka av ytan med en l\u00e4tt fuktig trasa f\u00f6r daglig reng\u00f6ring och l\u00e5t produkten lufttorka; tv\u00e4tta INTE med vatten. Produkten kan ha en svag lukt n\u00e4r den packas upp. Placera den i s\u00e5 fall p\u00e5 en v\u00e4l ventilerad plats i n\u00e5gra timmar.<\/p>\n","protected":false},"excerpt":{"rendered":"<p>SONGMICS f\u00f6rvaringsl\u00e5dor f\u00f6r l\u00e5dor, 6-pack, underkl\u00e4desorganiserare, l\u00e5dorganiserare, vikbar tygl\u00e5da f\u00f6r strumpor, underkl\u00e4der, BH:ar, slipsar och halsdukar, gr\u00e5 RTDZ06G<\/p>\n","protected":false},"featured_media":46136,"comment_status":"open","ping_status":"closed","template":"","meta":[],"product_brand":[],"product_cat":[33],"product_tag":[],"class_list":{"0":"post-19191","1":"product","2":"type-product","3":"status-publish","4":"has-post-thumbnail","6":"product_cat-okategoriserad","8":"first","9":"instock","10":"shipping-taxable","11":"purchasable","12":"product-type-simple"},"_links":{"self":[{"href":"https:\/\/nordicmart.andreevmaster.com\/sv\/wp-json\/wp\/v2\/product\/19191","targetHints":{"allow":["GET"]}}],"collection":[{"href":"https:\/\/nordicmart.andreevmaster.com\/sv\/wp-json\/wp\/v2\/product"}],"about":[{"href":"https:\/\/nordicmart.andreevmaster.com\/sv\/wp-json\/wp\/v2\/types\/product"}],"replies":[{"embeddable":true,"href":"https:\/\/nordicmart.andreevmaster.com\/sv\/wp-json\/wp\/v2\/comments?post=19191"}],"wp:featuredmedia":[{"embeddable":true,"href":"https:\/\/nordicmart.andreevmaster.com\/sv\/wp-json\/wp\/v2\/media\/46136"}],"wp:attachment":[{"href":"https:\/\/nordicmart.andreevmaster.com\/sv\/wp-json\/wp\/v2\/media?parent=19191"}],"wp:term":[{"taxonomy":"product_brand","embeddable":true,"href":"https:\/\/nordicmart.andreevmaster.com\/sv\/wp-json\/wp\/v2\/product_brand?post=19191"},{"taxonomy":"product_cat","embeddable":true,"href":"https:\/\/nordicmart.andreevmaster.com\/sv\/wp-json\/wp\/v2\/product_cat?post=19191"},{"taxonomy":"product_tag","embeddable":true,"href":"https:\/\/nordicmart.andreevmaster.com\/sv\/wp-json\/wp\/v2\/product_tag?post=19191"}],"curies":[{"name":"wp","href":"https:\/\/api.w.org\/{rel}","templated":true}]}}