{"id":19189,"date":"2026-02-27T00:43:28","date_gmt":"2026-02-27T00:43:28","guid":{"rendered":"https:\/\/nordicmart.andreevmaster.com\/product\/songmics-forvaringslada-av-polyrotting-natur\/"},"modified":"2026-02-27T08:31:13","modified_gmt":"2026-02-27T08:31:13","slug":"songmics-forvaringslada-av-polyrotting-natur","status":"publish","type":"product","link":"https:\/\/nordicmart.andreevmaster.com\/sv\/produkt\/songmics-forvaringslada-av-polyrotting-natur\/","title":{"rendered":"SONGMICS f\u00f6rvaringsl\u00e5da av polyrotting natur"},"content":{"rendered":"<p>Denna dekorativa f\u00f6rvaringskista fr\u00e5n SONGMICS h\u00e5ller ordning p\u00e5 alla kaotiskt utspridda f\u00f6rem\u00e5l och prylar p\u00e5 bordet. Din r\u00e4ddning n\u00e4r du f\u00e5r bes\u00f6k och m\u00e5ste st\u00e4da snabbt.En fr\u00f6jd f\u00f6r \u00f6gat: Denna vackra, handfl\u00e4tade korg av rustik polyrotting \u00e4r en prydnad i varje kl\u00e4dkammare, barnrum, sovrum, vardagsrum eller tv\u00e4ttstuga.En trogen tj\u00e4nare: De slitstarka polyrottingstr\u00e4ngarna av PP-plast har noggrant v\u00e4vts f\u00f6r hand runt en stark j\u00e4rntr\u00e5dsram f\u00f6r att skapa en stabil, rektangul\u00e4r struktur. \u00c4ven locket st\u00f6ds av j\u00e4rntr\u00e5d, vilket g\u00f6r denna tv\u00e4ttkorg till en helt stabil produkt.Produktdetaljer: F\u00e4rg: Natur Material: PP-plast (polypropen), bomull, j\u00e4rn Storlek: 55,5 x 34 x 34 cm (L x B x H) Vikt: 2,4 kg Max. statisk belastningskapacitet f\u00f6r l\u00e5dan: 20 kg Max. statisk belastningskapacitet f\u00f6r locket: 10 kg<\/p>\n","protected":false},"excerpt":{"rendered":"<p>SONGMICS f\u00f6rvaringsbox av polyrotting, f\u00f6rvaringskorg, 60 L tv\u00e4ttkorg, dekorativ kista med lock, handtag och bomullsp\u00e5se, rektangul\u00e4r, fl\u00e4tad, sovrum, tv\u00e4ttstuga, natur RST56NL<\/p>\n","protected":false},"featured_media":46134,"comment_status":"open","ping_status":"closed","template":"","meta":[],"product_brand":[],"product_cat":[33],"product_tag":[],"class_list":{"0":"post-19189","1":"product","2":"type-product","3":"status-publish","4":"has-post-thumbnail","6":"product_cat-okategoriserad","8":"first","9":"instock","10":"shipping-taxable","11":"purchasable","12":"product-type-simple"},"_links":{"self":[{"href":"https:\/\/nordicmart.andreevmaster.com\/sv\/wp-json\/wp\/v2\/product\/19189","targetHints":{"allow":["GET"]}}],"collection":[{"href":"https:\/\/nordicmart.andreevmaster.com\/sv\/wp-json\/wp\/v2\/product"}],"about":[{"href":"https:\/\/nordicmart.andreevmaster.com\/sv\/wp-json\/wp\/v2\/types\/product"}],"replies":[{"embeddable":true,"href":"https:\/\/nordicmart.andreevmaster.com\/sv\/wp-json\/wp\/v2\/comments?post=19189"}],"wp:featuredmedia":[{"embeddable":true,"href":"https:\/\/nordicmart.andreevmaster.com\/sv\/wp-json\/wp\/v2\/media\/46134"}],"wp:attachment":[{"href":"https:\/\/nordicmart.andreevmaster.com\/sv\/wp-json\/wp\/v2\/media?parent=19189"}],"wp:term":[{"taxonomy":"product_brand","embeddable":true,"href":"https:\/\/nordicmart.andreevmaster.com\/sv\/wp-json\/wp\/v2\/product_brand?post=19189"},{"taxonomy":"product_cat","embeddable":true,"href":"https:\/\/nordicmart.andreevmaster.com\/sv\/wp-json\/wp\/v2\/product_cat?post=19189"},{"taxonomy":"product_tag","embeddable":true,"href":"https:\/\/nordicmart.andreevmaster.com\/sv\/wp-json\/wp\/v2\/product_tag?post=19189"}],"curies":[{"name":"wp","href":"https:\/\/api.w.org\/{rel}","templated":true}]}}