{"id":19185,"date":"2026-02-27T00:43:27","date_gmt":"2026-02-27T00:43:27","guid":{"rendered":"https:\/\/nordicmart.andreevmaster.com\/product\/songmics-tvattkorg-75-l-vit\/"},"modified":"2026-02-27T08:31:12","modified_gmt":"2026-02-27T08:31:12","slug":"songmics-tvattkorg-75-l-vit","status":"publish","type":"product","link":"https:\/\/nordicmart.andreevmaster.com\/sv\/produkt\/songmics-tvattkorg-75-l-vit\/","title":{"rendered":"SONGMICS tv\u00e4ttkorg 75 L vit"},"content":{"rendered":"<p>F\u00f6r en smidig tv\u00e4ttdag Ligger din smutsiga tv\u00e4tt utspridd \u00f6ver hela rummet, s\u00e5 att du m\u00e5ste samla ihop den p\u00e5 tv\u00e4ttdagen innan du kan ta den till tv\u00e4ttmaskinen? Om s\u00e5 \u00e4r fallet \u00e4r denna tv\u00e4ttkorg fr\u00e5n SONGMICS precis r\u00e4tt f\u00f6r dig! Denna 40 x 60 x 33 cm stora tv\u00e4ttkorg med en volym p\u00e5 75 liter erbjuder gott om f\u00f6rvaringsutrymme f\u00f6r din tv\u00e4tt. N\u00e4r det \u00e4r tv\u00e4ttdag beh\u00f6ver du bara transportera tv\u00e4ttkorgen till tv\u00e4ttmaskinen med hj\u00e4lp av handtagen. Naturligtvis kan du ocks\u00e5 ta ut innerp\u00e5sen och ta med tv\u00e4tten till tv\u00e4ttstugan \u2013 mycket praktiskt! \u00c4nnu b\u00e4ttre \u00e4r att denna korg levereras med 3 tv\u00e4ttn\u00e4t som skyddar dina \u00f6mt\u00e5liga kl\u00e4der under tv\u00e4tten. Produktdetaljer:- F\u00e4rg: Vit &#8211; Material: St\u00e5l, PP-plast (polypropen), polyester-bomullsblandning &#8211; Storlek: 40 x 60 x 33 cm (D x B x H) &#8211; Handtagens storlek: 9,5 x 6 cm (B x H) &#8211; Tv\u00e4ttn\u00e4tens storlek: 50 x 60 cm (stort), 40 x 50 cm (medelstort), 30 x 40 cm (litet) &#8211; Vikt: 2,4 kg &#8211; Volym: 75 liter &#8211; Max. statisk belastningskapacitet f\u00f6r tv\u00e4ttkorgen: 20 kg Leveransomfattning: &#8211; 1 x tv\u00e4ttkorg &#8211; 2 x innerp\u00e5se &#8211; 3 x tv\u00e4ttn\u00e4t &#8211; 1 x tillbeh\u00f6rspaket &#8211; 1 x bruksanvisning SONGMICS Anm\u00e4rkningar: &#8211; Den maximala statiska belastningskapaciteten f\u00f6r tv\u00e4ttkorgen \u00e4r 20 kg. \u00d6verskrid inte denna maximala vikt.<\/p>\n","protected":false},"excerpt":{"rendered":"<p>SONGMICS tv\u00e4ttkorg 75 l, tv\u00e4ttsamlare, avtagbar innerp\u00e5se, 2 tv\u00e4ttp\u00e5sar i tyg, 3 tv\u00e4ttn\u00e4t, handtag, rottinglook, leksaksf\u00f6rvaring, f\u00f6r badrum, sovrum, vit RST375W01<\/p>\n","protected":false},"featured_media":46131,"comment_status":"open","ping_status":"closed","template":"","meta":[],"product_brand":[],"product_cat":[33],"product_tag":[],"class_list":{"0":"post-19185","1":"product","2":"type-product","3":"status-publish","4":"has-post-thumbnail","6":"product_cat-okategoriserad","8":"first","9":"instock","10":"shipping-taxable","11":"purchasable","12":"product-type-simple"},"_links":{"self":[{"href":"https:\/\/nordicmart.andreevmaster.com\/sv\/wp-json\/wp\/v2\/product\/19185","targetHints":{"allow":["GET"]}}],"collection":[{"href":"https:\/\/nordicmart.andreevmaster.com\/sv\/wp-json\/wp\/v2\/product"}],"about":[{"href":"https:\/\/nordicmart.andreevmaster.com\/sv\/wp-json\/wp\/v2\/types\/product"}],"replies":[{"embeddable":true,"href":"https:\/\/nordicmart.andreevmaster.com\/sv\/wp-json\/wp\/v2\/comments?post=19185"}],"wp:featuredmedia":[{"embeddable":true,"href":"https:\/\/nordicmart.andreevmaster.com\/sv\/wp-json\/wp\/v2\/media\/46131"}],"wp:attachment":[{"href":"https:\/\/nordicmart.andreevmaster.com\/sv\/wp-json\/wp\/v2\/media?parent=19185"}],"wp:term":[{"taxonomy":"product_brand","embeddable":true,"href":"https:\/\/nordicmart.andreevmaster.com\/sv\/wp-json\/wp\/v2\/product_brand?post=19185"},{"taxonomy":"product_cat","embeddable":true,"href":"https:\/\/nordicmart.andreevmaster.com\/sv\/wp-json\/wp\/v2\/product_cat?post=19185"},{"taxonomy":"product_tag","embeddable":true,"href":"https:\/\/nordicmart.andreevmaster.com\/sv\/wp-json\/wp\/v2\/product_tag?post=19185"}],"curies":[{"name":"wp","href":"https:\/\/api.w.org\/{rel}","templated":true}]}}