{"id":19182,"date":"2026-02-27T00:43:26","date_gmt":"2026-02-27T00:43:26","guid":{"rendered":"https:\/\/nordicmart.andreevmaster.com\/product\/songmics-tvattkorg-105-liter-av-syntetrotting\/"},"modified":"2026-02-27T08:31:11","modified_gmt":"2026-02-27T08:31:11","slug":"songmics-tvattkorg-105-liter-av-syntetrotting","status":"publish","type":"product","link":"https:\/\/nordicmart.andreevmaster.com\/sv\/produkt\/songmics-tvattkorg-105-liter-av-syntetrotting\/","title":{"rendered":"SONGMICS tv\u00e4ttkorg 105 liter av syntetrotting"},"content":{"rendered":"<p>SONGMICS tv\u00e4ttkorg handfl\u00e4tad, 90 L, tv\u00e4ttkorg i syntetrotting, med lock och handtag, hopf\u00e4llbar, tv\u00e4ttp\u00e5se avtagbar, naturf\u00e4rgad LCB51NL<br \/>\nF\u00e4rg: Naturf\u00e4rger<br \/>\nMaterial: PP-plastrotting, metallram, bomull<br \/>\nStorlek: 66 x 40 x 40 cm (L x B x H)<br \/>\nVikt: 3,1 kg<br \/>\nMax. statisk belastningskapacitet: 25 kg<\/p>\n","protected":false},"excerpt":{"rendered":"<p>SONGMICS tv\u00e4ttkorg handfl\u00e4tad, 90 L, tv\u00e4ttkorg i syntetrotting, med lock och handtag, hopf\u00e4llbar, tv\u00e4ttp\u00e5se avtagbar, naturf\u00e4rgad LCB51NL<\/p>\n","protected":false},"featured_media":46128,"comment_status":"open","ping_status":"closed","template":"","meta":[],"product_brand":[],"product_cat":[33],"product_tag":[],"class_list":{"0":"post-19182","1":"product","2":"type-product","3":"status-publish","4":"has-post-thumbnail","6":"product_cat-okategoriserad","8":"first","9":"instock","10":"shipping-taxable","11":"purchasable","12":"product-type-simple"},"_links":{"self":[{"href":"https:\/\/nordicmart.andreevmaster.com\/sv\/wp-json\/wp\/v2\/product\/19182","targetHints":{"allow":["GET"]}}],"collection":[{"href":"https:\/\/nordicmart.andreevmaster.com\/sv\/wp-json\/wp\/v2\/product"}],"about":[{"href":"https:\/\/nordicmart.andreevmaster.com\/sv\/wp-json\/wp\/v2\/types\/product"}],"replies":[{"embeddable":true,"href":"https:\/\/nordicmart.andreevmaster.com\/sv\/wp-json\/wp\/v2\/comments?post=19182"}],"wp:featuredmedia":[{"embeddable":true,"href":"https:\/\/nordicmart.andreevmaster.com\/sv\/wp-json\/wp\/v2\/media\/46128"}],"wp:attachment":[{"href":"https:\/\/nordicmart.andreevmaster.com\/sv\/wp-json\/wp\/v2\/media?parent=19182"}],"wp:term":[{"taxonomy":"product_brand","embeddable":true,"href":"https:\/\/nordicmart.andreevmaster.com\/sv\/wp-json\/wp\/v2\/product_brand?post=19182"},{"taxonomy":"product_cat","embeddable":true,"href":"https:\/\/nordicmart.andreevmaster.com\/sv\/wp-json\/wp\/v2\/product_cat?post=19182"},{"taxonomy":"product_tag","embeddable":true,"href":"https:\/\/nordicmart.andreevmaster.com\/sv\/wp-json\/wp\/v2\/product_tag?post=19182"}],"curies":[{"name":"wp","href":"https:\/\/api.w.org\/{rel}","templated":true}]}}