{"id":19181,"date":"2026-02-27T00:43:25","date_gmt":"2026-02-27T00:43:25","guid":{"rendered":"https:\/\/nordicmart.andreevmaster.com\/product\/vasagle-kladd-skobank-morkbrun\/"},"modified":"2026-02-27T08:31:11","modified_gmt":"2026-02-27T08:31:11","slug":"vasagle-kladd-skobank-morkbrun","status":"publish","type":"product","link":"https:\/\/nordicmart.andreevmaster.com\/sv\/produkt\/vasagle-kladd-skobank-morkbrun\/","title":{"rendered":"VASAGLE Kl\u00e4dd skob\u00e4nk m\u00f6rkbrun"},"content":{"rendered":"<p>F\u00f6r l\u00e5ng livsl\u00e4ngd Denna skob\u00e4nk \u00e4r tillverkad av massivt tr\u00e4 och \u00e4r robust och h\u00e5llbar. Den t\u00e5l dessutom en vikt p\u00e5 upp till 130 kg. Utrusta din hall med denna b\u00e4nk s\u00e5 att du kan sitta bekv\u00e4mt n\u00e4r du tar p\u00e5 dig skorna eller v\u00e4ntar p\u00e5 din partner som g\u00f6r sig klar f\u00f6r att g\u00e5 ut. K\u00e4rlek till detaljer 4 halkskyddande fotplattor skyddar ditt golv fr\u00e5n repor. Dessutom \u00e4r denna b\u00e4nk f\u00f6rsedd med en praktisk krok d\u00e4r du kan h\u00e4nga din skoh\u00e5lare.Monteras p\u00e5 nolltid Tack vare en l\u00e4ttf\u00f6rst\u00e5elig bruksanvisning och de medf\u00f6ljande verktygen beh\u00f6ver du inte spendera hela s\u00f6ndagseftermiddagen med att montera en enkel b\u00e4nk. F\u00f6lj bara bruksanvisningen s\u00e5 g\u00e5r monteringen av denna b\u00e4nk snabbt och enkelt. Produktdetaljer: &#8211; F\u00e4rg: Brun &#8211; Material: Kautschuktr\u00e4 &#8211; Storlek: 85 x 35 x 45 cm (L x B x H) &#8211; Vikt: 9 kg &#8211; Max. belastningskapacitet: 130 kgLeveransomfattning: &#8211; 1 x skob\u00e4nk &#8211; 1 x tillbeh\u00f6rsp\u00e5se &#8211; 1 x instruktionerVASAGLE Anm\u00e4rkningar: &#8211; Den max. belastningskapaciteten i texten avser den statiska maxvikten.<\/p>\n","protected":false},"excerpt":{"rendered":"<p>VASAGLE skob\u00e4nk, stoppad sminkpall med f\u00f6rvaring och krokar, ram av massivt gummitr\u00e4, belastningskapacitet upp till 130 kg, f\u00f6r hall, sovrum, vardagsrum, brun RSB02BR<\/p>\n","protected":false},"featured_media":46127,"comment_status":"open","ping_status":"closed","template":"","meta":[],"product_brand":[],"product_cat":[33],"product_tag":[],"class_list":{"0":"post-19181","1":"product","2":"type-product","3":"status-publish","4":"has-post-thumbnail","6":"product_cat-okategoriserad","8":"first","9":"instock","10":"shipping-taxable","11":"purchasable","12":"product-type-simple"},"_links":{"self":[{"href":"https:\/\/nordicmart.andreevmaster.com\/sv\/wp-json\/wp\/v2\/product\/19181","targetHints":{"allow":["GET"]}}],"collection":[{"href":"https:\/\/nordicmart.andreevmaster.com\/sv\/wp-json\/wp\/v2\/product"}],"about":[{"href":"https:\/\/nordicmart.andreevmaster.com\/sv\/wp-json\/wp\/v2\/types\/product"}],"replies":[{"embeddable":true,"href":"https:\/\/nordicmart.andreevmaster.com\/sv\/wp-json\/wp\/v2\/comments?post=19181"}],"wp:featuredmedia":[{"embeddable":true,"href":"https:\/\/nordicmart.andreevmaster.com\/sv\/wp-json\/wp\/v2\/media\/46127"}],"wp:attachment":[{"href":"https:\/\/nordicmart.andreevmaster.com\/sv\/wp-json\/wp\/v2\/media?parent=19181"}],"wp:term":[{"taxonomy":"product_brand","embeddable":true,"href":"https:\/\/nordicmart.andreevmaster.com\/sv\/wp-json\/wp\/v2\/product_brand?post=19181"},{"taxonomy":"product_cat","embeddable":true,"href":"https:\/\/nordicmart.andreevmaster.com\/sv\/wp-json\/wp\/v2\/product_cat?post=19181"},{"taxonomy":"product_tag","embeddable":true,"href":"https:\/\/nordicmart.andreevmaster.com\/sv\/wp-json\/wp\/v2\/product_tag?post=19181"}],"curies":[{"name":"wp","href":"https:\/\/api.w.org\/{rel}","templated":true}]}}