{"id":19180,"date":"2026-02-27T00:43:25","date_gmt":"2026-02-27T00:43:25","guid":{"rendered":"https:\/\/nordicmart.andreevmaster.com\/product\/vasagle-vadderad-sminkpall-vit\/"},"modified":"2026-02-27T08:31:11","modified_gmt":"2026-02-27T08:31:11","slug":"vasagle-vadderad-sminkpall-vit","status":"publish","type":"product","link":"https:\/\/nordicmart.andreevmaster.com\/sv\/produkt\/vasagle-vadderad-sminkpall-vit\/","title":{"rendered":"VASAGLE Vadderad sminkpall Vit"},"content":{"rendered":"<p>B\u00e4nk med sv\u00e4ngda armst\u00f6d Unik design, tillverkad av massivt tr\u00e4 Denna b\u00e4nk \u00e4r designad f\u00f6r att vara annorlunda. Det massiva tr\u00e4et g\u00f6r att den sticker ut fr\u00e5n m\u00e4ngden och g\u00f6r den tillr\u00e4ckligt stark f\u00f6r att t\u00e5la en vikt p\u00e5 upp till 130 kg. Denna m\u00f6bel kommer att f\u00f6lja dig i ditt hem under m\u00e5nga \u00e5r. Dessutom \u00e4r den enkel men stilfull och passar bra ihop med andra m\u00f6bler.Dessutom \u00e4r denna b\u00e4nk enkel att montera. St\u00e4ll den i hallen s\u00e5 kan du bekv\u00e4mt ta p\u00e5 dig skorna innan du l\u00e4mnar huset. Tekniska detaljer F\u00e4rg: Vit Material: Kautschuktr\u00e4 Storlek: 58 x 35 x 58 cm (L x B x H) Vikt: 5,4 kg Max. statisk belastningskapacitet: 130 kg<\/p>\n","protected":false},"excerpt":{"rendered":"<p>VASAGLE skob\u00e4nk, stoppad sminkstol med armst\u00f6d, ram av massivt gummitr\u00e4, belastningskapacitet upp till 130 kg, f\u00f6r hall, sovrum, vardagsrum, brun RSB01BR<\/p>\n","protected":false},"featured_media":46126,"comment_status":"open","ping_status":"closed","template":"","meta":[],"product_brand":[],"product_cat":[33],"product_tag":[],"class_list":{"0":"post-19180","1":"product","2":"type-product","3":"status-publish","4":"has-post-thumbnail","6":"product_cat-okategoriserad","8":"first","9":"instock","10":"shipping-taxable","11":"purchasable","12":"product-type-simple"},"_links":{"self":[{"href":"https:\/\/nordicmart.andreevmaster.com\/sv\/wp-json\/wp\/v2\/product\/19180","targetHints":{"allow":["GET"]}}],"collection":[{"href":"https:\/\/nordicmart.andreevmaster.com\/sv\/wp-json\/wp\/v2\/product"}],"about":[{"href":"https:\/\/nordicmart.andreevmaster.com\/sv\/wp-json\/wp\/v2\/types\/product"}],"replies":[{"embeddable":true,"href":"https:\/\/nordicmart.andreevmaster.com\/sv\/wp-json\/wp\/v2\/comments?post=19180"}],"wp:featuredmedia":[{"embeddable":true,"href":"https:\/\/nordicmart.andreevmaster.com\/sv\/wp-json\/wp\/v2\/media\/46126"}],"wp:attachment":[{"href":"https:\/\/nordicmart.andreevmaster.com\/sv\/wp-json\/wp\/v2\/media?parent=19180"}],"wp:term":[{"taxonomy":"product_brand","embeddable":true,"href":"https:\/\/nordicmart.andreevmaster.com\/sv\/wp-json\/wp\/v2\/product_brand?post=19180"},{"taxonomy":"product_cat","embeddable":true,"href":"https:\/\/nordicmart.andreevmaster.com\/sv\/wp-json\/wp\/v2\/product_cat?post=19180"},{"taxonomy":"product_tag","embeddable":true,"href":"https:\/\/nordicmart.andreevmaster.com\/sv\/wp-json\/wp\/v2\/product_tag?post=19180"}],"curies":[{"name":"wp","href":"https:\/\/api.w.org\/{rel}","templated":true}]}}