{"id":19175,"date":"2026-02-27T00:43:24","date_gmt":"2026-02-27T00:43:24","guid":{"rendered":"https:\/\/nordicmart.andreevmaster.com\/product\/songmics-insamlingsbehallare-for-pantflaskor-95-l-black-svart-naturbeige\/"},"modified":"2026-02-27T08:31:10","modified_gmt":"2026-02-27T08:31:10","slug":"songmics-insamlingsbehallare-for-pantflaskor-95-l-black-svart-naturbeige","status":"publish","type":"product","link":"https:\/\/nordicmart.andreevmaster.com\/sv\/produkt\/songmics-insamlingsbehallare-for-pantflaskor-95-l-black-svart-naturbeige\/","title":{"rendered":"SONGMICS insamlingsbeh\u00e5llare f\u00f6r pantflaskor 95 L bl\u00e4ck svart-naturbeige"},"content":{"rendered":"<p>F\u00e4rg: Bl\u00e4ck svart-naturbeige<br \/>\nMaterial: Oxford-tyg, polyestertyg, glasfiber, bambu, PU-konstl\u00e4der, plast<br \/>\nStorlek: 42 x 32,5 x 70,5 cm (L x B x H)<br \/>\nVikt: 1,3 kg<br \/>\nMax. statisk belastningskapacitet: 10 kg<\/p>\n","protected":false},"excerpt":{"rendered":"<p>F\u00e4rg: Bl\u00e4ck svart-naturbeige Material: Oxford-tyg, polyestertyg, glasfiber, bambu, PU-konstl\u00e4der, plast Storlek: 42 x 32,5 x 70,5 cm (L x B x H) Vikt: 1,3 kg Max. statisk belastningskapacitet: 10 kg<\/p>\n","protected":false},"featured_media":46121,"comment_status":"open","ping_status":"closed","template":"","meta":[],"product_brand":[],"product_cat":[33],"product_tag":[],"class_list":{"0":"post-19175","1":"product","2":"type-product","3":"status-publish","4":"has-post-thumbnail","6":"product_cat-okategoriserad","8":"first","9":"instock","10":"shipping-taxable","11":"purchasable","12":"product-type-simple"},"_links":{"self":[{"href":"https:\/\/nordicmart.andreevmaster.com\/sv\/wp-json\/wp\/v2\/product\/19175","targetHints":{"allow":["GET"]}}],"collection":[{"href":"https:\/\/nordicmart.andreevmaster.com\/sv\/wp-json\/wp\/v2\/product"}],"about":[{"href":"https:\/\/nordicmart.andreevmaster.com\/sv\/wp-json\/wp\/v2\/types\/product"}],"replies":[{"embeddable":true,"href":"https:\/\/nordicmart.andreevmaster.com\/sv\/wp-json\/wp\/v2\/comments?post=19175"}],"wp:featuredmedia":[{"embeddable":true,"href":"https:\/\/nordicmart.andreevmaster.com\/sv\/wp-json\/wp\/v2\/media\/46121"}],"wp:attachment":[{"href":"https:\/\/nordicmart.andreevmaster.com\/sv\/wp-json\/wp\/v2\/media?parent=19175"}],"wp:term":[{"taxonomy":"product_brand","embeddable":true,"href":"https:\/\/nordicmart.andreevmaster.com\/sv\/wp-json\/wp\/v2\/product_brand?post=19175"},{"taxonomy":"product_cat","embeddable":true,"href":"https:\/\/nordicmart.andreevmaster.com\/sv\/wp-json\/wp\/v2\/product_cat?post=19175"},{"taxonomy":"product_tag","embeddable":true,"href":"https:\/\/nordicmart.andreevmaster.com\/sv\/wp-json\/wp\/v2\/product_tag?post=19175"}],"curies":[{"name":"wp","href":"https:\/\/api.w.org\/{rel}","templated":true}]}}