{"id":19173,"date":"2026-02-27T00:43:23","date_gmt":"2026-02-27T00:43:23","guid":{"rendered":"https:\/\/nordicmart.andreevmaster.com\/product\/songmics-insamlingsbehallare-for-pantflaskor-120-l-med-hal-och-lock\/"},"modified":"2026-02-27T08:31:09","modified_gmt":"2026-02-27T08:31:09","slug":"songmics-insamlingsbehallare-for-pantflaskor-120-l-med-hal-och-lock","status":"publish","type":"product","link":"https:\/\/nordicmart.andreevmaster.com\/sv\/produkt\/songmics-insamlingsbehallare-for-pantflaskor-120-l-med-hal-och-lock\/","title":{"rendered":"SONGMICS insamlingsbeh\u00e5llare f\u00f6r pantflaskor 120 L med h\u00e5l och lock"},"content":{"rendered":"<p>SONGMICS Beh\u00e5llare f\u00f6r pantflaskor, 95 L Beh\u00e5llare f\u00f6r pantflaskor, bambu, flasksamlare, \u00e5tervinningsbeh\u00e5llare, med h\u00e5l, lock, innerp\u00e5se med handtag, k\u00f6k, naturbeige RRB060Y01<br \/>\nF\u00e4rg: Naturbeige<br \/>\nMaterial: Bambu, st\u00e5l, polyester-bomullstyg, MDF-skivor, non-woven-tyg, PU-konstl\u00e4der, plast<br \/>\nStorlek: 50,5 x 40,5 x 61 cm (L x B x H)<br \/>\nVikt: 2,5 kg<br \/>\nMax. statisk belastningskapacitet: 15 kg<\/p>\n","protected":false},"excerpt":{"rendered":"<p>SONGMICS Beh\u00e5llare f\u00f6r pantflaskor, 95 L Beh\u00e5llare f\u00f6r pantflaskor, bambu, flasksamlare, \u00e5tervinningsbeh\u00e5llare, med h\u00e5l, lock, innerp\u00e5se med handtag, k\u00f6k, naturbeige RRB060Y01<\/p>\n","protected":false},"featured_media":46119,"comment_status":"open","ping_status":"closed","template":"","meta":[],"product_brand":[],"product_cat":[33],"product_tag":[],"class_list":{"0":"post-19173","1":"product","2":"type-product","3":"status-publish","4":"has-post-thumbnail","6":"product_cat-okategoriserad","8":"first","9":"instock","10":"shipping-taxable","11":"purchasable","12":"product-type-simple"},"_links":{"self":[{"href":"https:\/\/nordicmart.andreevmaster.com\/sv\/wp-json\/wp\/v2\/product\/19173","targetHints":{"allow":["GET"]}}],"collection":[{"href":"https:\/\/nordicmart.andreevmaster.com\/sv\/wp-json\/wp\/v2\/product"}],"about":[{"href":"https:\/\/nordicmart.andreevmaster.com\/sv\/wp-json\/wp\/v2\/types\/product"}],"replies":[{"embeddable":true,"href":"https:\/\/nordicmart.andreevmaster.com\/sv\/wp-json\/wp\/v2\/comments?post=19173"}],"wp:featuredmedia":[{"embeddable":true,"href":"https:\/\/nordicmart.andreevmaster.com\/sv\/wp-json\/wp\/v2\/media\/46119"}],"wp:attachment":[{"href":"https:\/\/nordicmart.andreevmaster.com\/sv\/wp-json\/wp\/v2\/media?parent=19173"}],"wp:term":[{"taxonomy":"product_brand","embeddable":true,"href":"https:\/\/nordicmart.andreevmaster.com\/sv\/wp-json\/wp\/v2\/product_brand?post=19173"},{"taxonomy":"product_cat","embeddable":true,"href":"https:\/\/nordicmart.andreevmaster.com\/sv\/wp-json\/wp\/v2\/product_cat?post=19173"},{"taxonomy":"product_tag","embeddable":true,"href":"https:\/\/nordicmart.andreevmaster.com\/sv\/wp-json\/wp\/v2\/product_tag?post=19173"}],"curies":[{"name":"wp","href":"https:\/\/api.w.org\/{rel}","templated":true}]}}