{"id":19172,"date":"2026-02-27T00:43:23","date_gmt":"2026-02-27T00:43:23","guid":{"rendered":"https:\/\/nordicmart.andreevmaster.com\/product\/songmics-forvaringslador-med-transparent-fonster\/"},"modified":"2026-02-27T08:31:09","modified_gmt":"2026-02-27T08:31:09","slug":"songmics-forvaringslador-med-transparent-fonster","status":"publish","type":"product","link":"https:\/\/nordicmart.andreevmaster.com\/sv\/produkt\/songmics-forvaringslador-med-transparent-fonster\/","title":{"rendered":"SONGMICS f\u00f6rvaringsl\u00e5dor med transparent f\u00f6nster"},"content":{"rendered":"<p>Transparent f\u00f6nster: \u00c4ntligen beh\u00f6ver du inte l\u00e4ngre rota i din kaotiska l\u00e5da bara f\u00f6r att hitta ett par strumpor! Dessa 2 tygboxar har ett transparent f\u00f6nster s\u00e5 att du enkelt kan se inneh\u00e5llet i boxarna och snabbt komma \u00e5t de saker du beh\u00f6ver.<\/p>\n<p>Stapelbara och vikbara: Dessa l\u00e5dor kan staplas p\u00e5 varandra f\u00f6r att spara plats i din l\u00e4genhet. Med dessa praktiska f\u00f6rvaringshj\u00e4lpmedel kan du dessutom f\u00f6rvara sm\u00e5saker p\u00e5 ett st\u00e4lle. N\u00e4r du inte anv\u00e4nder dem kan du dessutom vika ihop dem och skjuta in dem under s\u00e4ngen.<\/p>\n<p>Magnetl\u00e5s: F\u00e4llbara locket \u00f6ppnas upp\u00e5t och kan alltid h\u00e5llas i \u00f6ppet l\u00e4ge tack vare magneterna inuti. Detta g\u00f6r det enkelt f\u00f6r dig att komma \u00e5t sakerna som f\u00f6rvaras i l\u00e5dan.<\/p>\n<p>St\u00f6dd av metallram: Varje l\u00e5da har en robust metallram p\u00e5 insidan som ger god stabilitet n\u00e4r du staplar dem p\u00e5 varandra. Dessutom \u00e4r ovansidan f\u00f6rsedd med kardborreband som f\u00f6rhindrar att de glider iv\u00e4g.<br \/>\nProduktdetaljer:<br \/>\nF\u00e4rg: Gr\u00e5beige<br \/>\nMaterial: Non-woven-tyg med linneaktig struktur, j\u00e4rnram, kartong<br \/>\nStorlek: 38 x 35 x 25 cm (L x B x H)<br \/>\nVikt per l\u00e5da: 2 kg<br \/>\nMax. statisk belastningskapacitet per l\u00e5da: 10 kg<\/p>\n<p>Leveransomfattning:<br \/>\n2 x f\u00f6rvaringsl\u00e5da<br \/>\n1 x bruksanvisning (DE, EN, FR, ES, IT)<\/p>\n<p>SONGMICS Anm\u00e4rkningar:<br \/>\nTv\u00e4tta inte produkten direkt med vatten. Torka av den med en fuktig trasa f\u00f6r att ta bort smuts.<br \/>\nProdukten kan ha en svag lukt n\u00e4r du packar upp den. Placera den i s\u00e5 fall p\u00e5 en v\u00e4l ventilerad plats. Lukten f\u00f6rsvinner efter en kort stund.<\/p>\n","protected":false},"excerpt":{"rendered":"<p>SONGMICS f\u00f6rvaringsl\u00e5dor, 2-pack, med transparent f\u00f6nster, stapelbara vikbara l\u00e5dor med magnetisk lock, metallram, handtag p\u00e5 sidorna, f\u00f6r leksaker, kl\u00e4der, gr\u00e5beige RPLB02G<\/p>\n","protected":false},"featured_media":46118,"comment_status":"open","ping_status":"closed","template":"","meta":[],"product_brand":[],"product_cat":[33],"product_tag":[],"class_list":{"0":"post-19172","1":"product","2":"type-product","3":"status-publish","4":"has-post-thumbnail","6":"product_cat-okategoriserad","8":"first","9":"instock","10":"shipping-taxable","11":"purchasable","12":"product-type-simple"},"_links":{"self":[{"href":"https:\/\/nordicmart.andreevmaster.com\/sv\/wp-json\/wp\/v2\/product\/19172","targetHints":{"allow":["GET"]}}],"collection":[{"href":"https:\/\/nordicmart.andreevmaster.com\/sv\/wp-json\/wp\/v2\/product"}],"about":[{"href":"https:\/\/nordicmart.andreevmaster.com\/sv\/wp-json\/wp\/v2\/types\/product"}],"replies":[{"embeddable":true,"href":"https:\/\/nordicmart.andreevmaster.com\/sv\/wp-json\/wp\/v2\/comments?post=19172"}],"wp:featuredmedia":[{"embeddable":true,"href":"https:\/\/nordicmart.andreevmaster.com\/sv\/wp-json\/wp\/v2\/media\/46118"}],"wp:attachment":[{"href":"https:\/\/nordicmart.andreevmaster.com\/sv\/wp-json\/wp\/v2\/media?parent=19172"}],"wp:term":[{"taxonomy":"product_brand","embeddable":true,"href":"https:\/\/nordicmart.andreevmaster.com\/sv\/wp-json\/wp\/v2\/product_brand?post=19172"},{"taxonomy":"product_cat","embeddable":true,"href":"https:\/\/nordicmart.andreevmaster.com\/sv\/wp-json\/wp\/v2\/product_cat?post=19172"},{"taxonomy":"product_tag","embeddable":true,"href":"https:\/\/nordicmart.andreevmaster.com\/sv\/wp-json\/wp\/v2\/product_tag?post=19172"}],"curies":[{"name":"wp","href":"https:\/\/api.w.org\/{rel}","templated":true}]}}