{"id":19169,"date":"2026-02-27T00:43:22","date_gmt":"2026-02-27T00:43:22","guid":{"rendered":"https:\/\/nordicmart.andreevmaster.com\/product\/songmics-bildramskollage-12-fotoramar-for-10-x-15-cm-bilder-fotokollage\/"},"modified":"2026-02-27T08:31:08","modified_gmt":"2026-02-27T08:31:08","slug":"songmics-bildramskollage-12-fotoramar-for-10-x-15-cm-bilder-fotokollage","status":"publish","type":"product","link":"https:\/\/nordicmart.andreevmaster.com\/sv\/produkt\/songmics-bildramskollage-12-fotoramar-for-10-x-15-cm-bilder-fotokollage\/","title":{"rendered":"SONGMICS bildramskollage, 12 fotoramar f\u00f6r 10 x 15 cm bilder, fotokollage"},"content":{"rendered":"<p>En fotoramcollage full av minnen Dessa fotoramar i elegant vitt pryder ditt vardagsrum, kontor, arbetsrum eller sovrum med dina vackraste minnen. S\u00e4tt in 12 foton i dessa fotoramar och h\u00e4ng dem p\u00e5 en tom v\u00e4gg, s\u00e5 kan du dela dina mest sp\u00e4nnande \u00f6gonblick med dina g\u00e4ster. Dessutom skyddas dina foton v\u00e4l mellan tr\u00e4fiberplattan och glasskivan. Produktdetaljer: &#8211; F\u00e4rg: Vit &#8211; Material: Medeldensitetsfiberplatta (MDF), glas &#8211; Storlek: 63,3 x 3,6 x 63,3 cm (L x B x H) &#8211; Vikt: 2,2 kg Leveransomfattning:- 1 x bildram-kollage &#8211; 1 x beh\u00e5llare med tillbeh\u00f6r &#8211; 1 x bruksanvisning (DE, EN, FR, ES, IT) SONGMICS Anm\u00e4rkningar: &#8211; Denna produkt best\u00e5r av flera bildramar som m\u00e5ste monteras p\u00e5 v\u00e4ggen. Bildramarna kan inte anv\u00e4ndas separat.<\/p>\n","protected":false},"excerpt":{"rendered":"<p>Bildramskollage, 12 fotoramar f\u00f6r 10 x 15 cm bilder, fotokollage, v\u00e4ggkollage, multiramar, v\u00e4ggdekoration, molnvit<\/p>\n","protected":false},"featured_media":46115,"comment_status":"open","ping_status":"closed","template":"","meta":[],"product_brand":[],"product_cat":[33],"product_tag":[],"class_list":{"0":"post-19169","1":"product","2":"type-product","3":"status-publish","4":"has-post-thumbnail","6":"product_cat-okategoriserad","8":"first","9":"instock","10":"shipping-taxable","11":"purchasable","12":"product-type-simple"},"_links":{"self":[{"href":"https:\/\/nordicmart.andreevmaster.com\/sv\/wp-json\/wp\/v2\/product\/19169","targetHints":{"allow":["GET"]}}],"collection":[{"href":"https:\/\/nordicmart.andreevmaster.com\/sv\/wp-json\/wp\/v2\/product"}],"about":[{"href":"https:\/\/nordicmart.andreevmaster.com\/sv\/wp-json\/wp\/v2\/types\/product"}],"replies":[{"embeddable":true,"href":"https:\/\/nordicmart.andreevmaster.com\/sv\/wp-json\/wp\/v2\/comments?post=19169"}],"wp:featuredmedia":[{"embeddable":true,"href":"https:\/\/nordicmart.andreevmaster.com\/sv\/wp-json\/wp\/v2\/media\/46115"}],"wp:attachment":[{"href":"https:\/\/nordicmart.andreevmaster.com\/sv\/wp-json\/wp\/v2\/media?parent=19169"}],"wp:term":[{"taxonomy":"product_brand","embeddable":true,"href":"https:\/\/nordicmart.andreevmaster.com\/sv\/wp-json\/wp\/v2\/product_brand?post=19169"},{"taxonomy":"product_cat","embeddable":true,"href":"https:\/\/nordicmart.andreevmaster.com\/sv\/wp-json\/wp\/v2\/product_cat?post=19169"},{"taxonomy":"product_tag","embeddable":true,"href":"https:\/\/nordicmart.andreevmaster.com\/sv\/wp-json\/wp\/v2\/product_tag?post=19169"}],"curies":[{"name":"wp","href":"https:\/\/api.w.org\/{rel}","templated":true}]}}