{"id":19163,"date":"2026-02-27T00:43:21","date_gmt":"2026-02-27T00:43:21","guid":{"rendered":"https:\/\/nordicmart.andreevmaster.com\/product\/songmics-bildram-a4-for-flera-bilder-askgra\/"},"modified":"2026-02-27T08:31:07","modified_gmt":"2026-02-27T08:31:07","slug":"songmics-bildram-a4-for-flera-bilder-askgra","status":"publish","type":"product","link":"https:\/\/nordicmart.andreevmaster.com\/sv\/produkt\/songmics-bildram-a4-for-flera-bilder-askgra\/","title":{"rendered":"SONGMICS Bildram A4 f\u00f6r flera bilder, askgr\u00e5"},"content":{"rendered":"<p>SONGMICS bildram A4, 3 passepartouter, fotoram f\u00f6r flera bilder, collage f\u00f6r foton A4, sp\u00e5rl\u00f6sa v\u00e4ggkrokar<br \/>\nF\u00e4rg: askgr\u00e5<br \/>\nMaterial: MDF (medeldensitetsfiberplatta), glas<br \/>\nStorlek: 36,5 x 26 cm (L x B)<br \/>\nRamens tjocklek: 1,5 cm<br \/>\nVikt: 0,8 kg<\/p>\n","protected":false},"excerpt":{"rendered":"<p>SONGMICS bildram A4, 3 passepartouter, fotoram f\u00f6r flera bilder, collage f\u00f6r foton A4, sp\u00e5rl\u00f6sa v\u00e4ggkrokar<\/p>\n","protected":false},"featured_media":46110,"comment_status":"open","ping_status":"closed","template":"","meta":[],"product_brand":[],"product_cat":[33],"product_tag":[],"class_list":{"0":"post-19163","1":"product","2":"type-product","3":"status-publish","4":"has-post-thumbnail","6":"product_cat-okategoriserad","8":"first","9":"instock","10":"shipping-taxable","11":"purchasable","12":"product-type-simple"},"_links":{"self":[{"href":"https:\/\/nordicmart.andreevmaster.com\/sv\/wp-json\/wp\/v2\/product\/19163","targetHints":{"allow":["GET"]}}],"collection":[{"href":"https:\/\/nordicmart.andreevmaster.com\/sv\/wp-json\/wp\/v2\/product"}],"about":[{"href":"https:\/\/nordicmart.andreevmaster.com\/sv\/wp-json\/wp\/v2\/types\/product"}],"replies":[{"embeddable":true,"href":"https:\/\/nordicmart.andreevmaster.com\/sv\/wp-json\/wp\/v2\/comments?post=19163"}],"wp:featuredmedia":[{"embeddable":true,"href":"https:\/\/nordicmart.andreevmaster.com\/sv\/wp-json\/wp\/v2\/media\/46110"}],"wp:attachment":[{"href":"https:\/\/nordicmart.andreevmaster.com\/sv\/wp-json\/wp\/v2\/media?parent=19163"}],"wp:term":[{"taxonomy":"product_brand","embeddable":true,"href":"https:\/\/nordicmart.andreevmaster.com\/sv\/wp-json\/wp\/v2\/product_brand?post=19163"},{"taxonomy":"product_cat","embeddable":true,"href":"https:\/\/nordicmart.andreevmaster.com\/sv\/wp-json\/wp\/v2\/product_cat?post=19163"},{"taxonomy":"product_tag","embeddable":true,"href":"https:\/\/nordicmart.andreevmaster.com\/sv\/wp-json\/wp\/v2\/product_tag?post=19163"}],"curies":[{"name":"wp","href":"https:\/\/api.w.org\/{rel}","templated":true}]}}