{"id":19162,"date":"2026-02-27T00:43:20","date_gmt":"2026-02-27T00:43:20","guid":{"rendered":"https:\/\/nordicmart.andreevmaster.com\/product\/songmics-fotoramcollage-10-fotoramar-for-10-x-15-cm-bilder-fotocollage\/"},"modified":"2026-02-27T08:31:07","modified_gmt":"2026-02-27T08:31:07","slug":"songmics-fotoramcollage-10-fotoramar-for-10-x-15-cm-bilder-fotocollage","status":"publish","type":"product","link":"https:\/\/nordicmart.andreevmaster.com\/sv\/produkt\/songmics-fotoramcollage-10-fotoramar-for-10-x-15-cm-bilder-fotocollage\/","title":{"rendered":"SONGMICS fotoramcollage, 10 fotoramar f\u00f6r 10 x 15 cm bilder, fotocollage"},"content":{"rendered":"<p>Fyll ramen med dina favoritfoton och h\u00e4ng upp den. Bildramen med tr\u00e4m\u00f6nster kommer att pryda din v\u00e4gg och alltid p\u00e5minna dig om de vackra stunderna. Produktdetaljer: Totala m\u00e5tt: 60 x 49,3 x 3,6 cm (B x H x D) Fotots m\u00e5tt: 10 x 15 cm Ramens f\u00e4rg: svart Material: MDF, polystyren Vikt: 1,8 kg Leveransomfattning: 10 x fotoramar 1 x beslagsp\u00e5se 1 x p\u00e5se med tr\u00e4pluggar SONGICs anm\u00e4rkningar: Luftbubblor och d\u00e5lig ljusgenomsl\u00e4pplighet hos det genomskinliga bildskyddet beror p\u00e5 skyddsfilmen. Ta bort de b\u00e5da skyddsfolierna f\u00f6re anv\u00e4ndning.Collageramen best\u00e5r av flera fotoramar. Denna modell m\u00e5ste monteras och h\u00e4ngas p\u00e5 v\u00e4ggen; fotoramarna kan inte anv\u00e4ndas separat.<\/p>\n","protected":false},"excerpt":{"rendered":"<p>Fotoramcollage, 10 fotoramar f\u00f6r 10 x 15 cm bilder, fotocollage, v\u00e4ggcollage, multirama, v\u00e4ggdekoration, vintagebrun<\/p>\n","protected":false},"featured_media":46109,"comment_status":"open","ping_status":"closed","template":"","meta":[],"product_brand":[],"product_cat":[33],"product_tag":[],"class_list":{"0":"post-19162","1":"product","2":"type-product","3":"status-publish","4":"has-post-thumbnail","6":"product_cat-okategoriserad","8":"first","9":"instock","10":"shipping-taxable","11":"purchasable","12":"product-type-simple"},"_links":{"self":[{"href":"https:\/\/nordicmart.andreevmaster.com\/sv\/wp-json\/wp\/v2\/product\/19162","targetHints":{"allow":["GET"]}}],"collection":[{"href":"https:\/\/nordicmart.andreevmaster.com\/sv\/wp-json\/wp\/v2\/product"}],"about":[{"href":"https:\/\/nordicmart.andreevmaster.com\/sv\/wp-json\/wp\/v2\/types\/product"}],"replies":[{"embeddable":true,"href":"https:\/\/nordicmart.andreevmaster.com\/sv\/wp-json\/wp\/v2\/comments?post=19162"}],"wp:featuredmedia":[{"embeddable":true,"href":"https:\/\/nordicmart.andreevmaster.com\/sv\/wp-json\/wp\/v2\/media\/46109"}],"wp:attachment":[{"href":"https:\/\/nordicmart.andreevmaster.com\/sv\/wp-json\/wp\/v2\/media?parent=19162"}],"wp:term":[{"taxonomy":"product_brand","embeddable":true,"href":"https:\/\/nordicmart.andreevmaster.com\/sv\/wp-json\/wp\/v2\/product_brand?post=19162"},{"taxonomy":"product_cat","embeddable":true,"href":"https:\/\/nordicmart.andreevmaster.com\/sv\/wp-json\/wp\/v2\/product_cat?post=19162"},{"taxonomy":"product_tag","embeddable":true,"href":"https:\/\/nordicmart.andreevmaster.com\/sv\/wp-json\/wp\/v2\/product_tag?post=19162"}],"curies":[{"name":"wp","href":"https:\/\/api.w.org\/{rel}","templated":true}]}}