{"id":19160,"date":"2026-02-27T00:43:19","date_gmt":"2026-02-27T00:43:19","guid":{"rendered":"https:\/\/nordicmart.andreevmaster.com\/product\/songmics-fotoramcollage-for-10-x-15-cm-bilder-naturbeige\/"},"modified":"2026-02-27T08:31:06","modified_gmt":"2026-02-27T08:31:06","slug":"songmics-fotoramcollage-for-10-x-15-cm-bilder-naturbeige","status":"publish","type":"product","link":"https:\/\/nordicmart.andreevmaster.com\/sv\/produkt\/songmics-fotoramcollage-for-10-x-15-cm-bilder-naturbeige\/","title":{"rendered":"SONGMICS fotoramcollage f\u00f6r 10 x 15 cm bilder naturbeige"},"content":{"rendered":"<p>Fotoramcollage, 10 fotoramar f\u00f6r 10 x 15 cm bilder, fotocollage, v\u00e4ggcollage, multirama, v\u00e4ggdekoration, vintagebrun<\/p>\n<p>F\u00e4rg: Naturbeige<br \/>\nMaterial: MDF-ram (medeldensitetsfiberplatta), PS-plastskiva (polystyren)<br \/>\nStorlek: 60 x 49,3 cm (L x B)<br \/>\nPassande fotostorlekar: 10 x 15 cm<br \/>\nTjocklek p\u00e5 collageramen: 3,6 cm<br \/>\nVikt: 1,8 kg<\/p>\n","protected":false},"excerpt":{"rendered":"<p>Fotoramcollage, 10 fotoramar f\u00f6r 10 x 15 cm bilder, fotocollage, v\u00e4ggcollage, multirama, v\u00e4ggdekoration, vintagebrun<\/p>\n","protected":false},"featured_media":46107,"comment_status":"open","ping_status":"closed","template":"","meta":[],"product_brand":[],"product_cat":[33],"product_tag":[],"class_list":{"0":"post-19160","1":"product","2":"type-product","3":"status-publish","4":"has-post-thumbnail","6":"product_cat-okategoriserad","8":"first","9":"instock","10":"shipping-taxable","11":"purchasable","12":"product-type-simple"},"_links":{"self":[{"href":"https:\/\/nordicmart.andreevmaster.com\/sv\/wp-json\/wp\/v2\/product\/19160","targetHints":{"allow":["GET"]}}],"collection":[{"href":"https:\/\/nordicmart.andreevmaster.com\/sv\/wp-json\/wp\/v2\/product"}],"about":[{"href":"https:\/\/nordicmart.andreevmaster.com\/sv\/wp-json\/wp\/v2\/types\/product"}],"replies":[{"embeddable":true,"href":"https:\/\/nordicmart.andreevmaster.com\/sv\/wp-json\/wp\/v2\/comments?post=19160"}],"wp:featuredmedia":[{"embeddable":true,"href":"https:\/\/nordicmart.andreevmaster.com\/sv\/wp-json\/wp\/v2\/media\/46107"}],"wp:attachment":[{"href":"https:\/\/nordicmart.andreevmaster.com\/sv\/wp-json\/wp\/v2\/media?parent=19160"}],"wp:term":[{"taxonomy":"product_brand","embeddable":true,"href":"https:\/\/nordicmart.andreevmaster.com\/sv\/wp-json\/wp\/v2\/product_brand?post=19160"},{"taxonomy":"product_cat","embeddable":true,"href":"https:\/\/nordicmart.andreevmaster.com\/sv\/wp-json\/wp\/v2\/product_cat?post=19160"},{"taxonomy":"product_tag","embeddable":true,"href":"https:\/\/nordicmart.andreevmaster.com\/sv\/wp-json\/wp\/v2\/product_tag?post=19160"}],"curies":[{"name":"wp","href":"https:\/\/api.w.org\/{rel}","templated":true}]}}