{"id":19158,"date":"2026-02-27T00:43:19","date_gmt":"2026-02-27T00:43:19","guid":{"rendered":"https:\/\/nordicmart.andreevmaster.com\/product\/12-kelluvan-kuvakehyksen-sarja-2\/"},"modified":"2026-02-27T08:31:06","modified_gmt":"2026-02-27T08:31:06","slug":"12-kelluvan-kuvakehyksen-sarja-2","status":"publish","type":"product","link":"https:\/\/nordicmart.andreevmaster.com\/sv\/produkt\/12-kelluvan-kuvakehyksen-sarja-2\/","title":{"rendered":"12 kelluvan kuvakehyksen sarja"},"content":{"rendered":"<p>L\u00e5t bilderna sv\u00e4va: Om du m\u00e5lar en vacker tavla eller tar en fantastisk landskapsbild kan du g\u00f6ra dem till konstverk med dessa fotoramar. Ramarna h\u00e5ller bilden mellan tv\u00e5 glasplattor, s\u00e5 att det ser ut som om bilden sv\u00e4var i luften. Modernt utseende, vit yta med korn \u2013 dessa fotoramar passar olika inredningsstilar.H\u00f6jdpunkter f\u00f6r dessa 3 fotoramar: Bilder i storlekarna 10,2 x 15,2 cm, 12,7 x 17,8 cm och 15,2 x 20,3 cm passar i fotoramarna. 4 anv\u00e4ndningsomr\u00e5den: F\u00e4stning av bilder: St\u00e4ll p\u00e5 bordet eller h\u00e4ng p\u00e5 v\u00e4ggen \u2013 b\u00e5de horisontellt och vertikalt. Dolda h\u00e5l p\u00e5 baksidan g\u00f6r det m\u00f6jligt att f\u00e4sta ramarna ordentligt p\u00e5 v\u00e4ggen. 3 medf\u00f6ljande papper med markeringar hj\u00e4lper dig att best\u00e4mma var ramarna ska f\u00e4stas p\u00e5 v\u00e4ggen. De medf\u00f6ljande metallf\u00e4stena st\u00f6der fotoramarna, s\u00e5 att de kan st\u00e5 stadigt p\u00e5 bordet. Med hj\u00e4lp av sid\u00f6ppningen med kl\u00e4mma kan du enkelt byta och f\u00e4sta bilderna. Ramarna \u00e4r tillverkade av h\u00f6gkvalitativt glas och MDF-skiva, s\u00e5 att du kan se skarpa bilder och anv\u00e4nda ramarna under l\u00e5ng tid. Produktinformation: F\u00e4rg: Vit Material: Vit: Material: Vit: MDF (medelh\u00f6g densitet fiberplatta), glas Storlek: 24,5 x 19,5 cm (L x B) Totalvikt: 1,7 kg Leveransomfattning: 12 x fotoramar 24 x metallst\u00f6dst\u00e4nger 12 x papper och mark\u00f6rer 4 x limpunkter SONGIC Anm\u00e4rkningar: Tillbeh\u00f6r f\u00f6r att f\u00e4sta ramarna p\u00e5 v\u00e4ggen ing\u00e5r INTE i leveransen. Eftersom det finns m\u00e5nga olika typer av v\u00e4ggmaterial b\u00f6r du anv\u00e4nda f\u00e4stdon som \u00e4r l\u00e4mpliga f\u00f6r din v\u00e4gg. Alla glaspanelers kanter \u00e4r slipade f\u00f6r att garantera din s\u00e4kerhet n\u00e4r du byter bilder. H\u00e5ll dock barn borta fr\u00e5n denna produkt och placera den p\u00e5 en plan yta eller f\u00e4st den ordentligt p\u00e5 v\u00e4ggen.<\/p>\n","protected":false},"excerpt":{"rendered":"<p>L\u00e5t bilderna sv\u00e4va: Om du m\u00e5lar en vacker tavla eller tar en fantastisk landskapsbild kan du g\u00f6ra dem till konstverk med dessa fotoramar. Ramarna h\u00e5ller bilden mellan tv\u00e5 glasplattor, s\u00e5 att det ser ut som om bilden sv\u00e4var i luften. Modernt utseende, vit yta med korn \u2013 dessa fotoramar passar olika inredningsstilar.H\u00f6jdpunkter f\u00f6r dessa 3 [&hellip;]<\/p>\n","protected":false},"featured_media":0,"comment_status":"open","ping_status":"closed","template":"","meta":[],"product_brand":[],"product_cat":[33],"product_tag":[],"class_list":{"0":"post-19158","1":"product","2":"type-product","3":"status-publish","5":"product_cat-okategoriserad","7":"first","8":"instock","9":"shipping-taxable","10":"purchasable","11":"product-type-simple"},"_links":{"self":[{"href":"https:\/\/nordicmart.andreevmaster.com\/sv\/wp-json\/wp\/v2\/product\/19158","targetHints":{"allow":["GET"]}}],"collection":[{"href":"https:\/\/nordicmart.andreevmaster.com\/sv\/wp-json\/wp\/v2\/product"}],"about":[{"href":"https:\/\/nordicmart.andreevmaster.com\/sv\/wp-json\/wp\/v2\/types\/product"}],"replies":[{"embeddable":true,"href":"https:\/\/nordicmart.andreevmaster.com\/sv\/wp-json\/wp\/v2\/comments?post=19158"}],"wp:attachment":[{"href":"https:\/\/nordicmart.andreevmaster.com\/sv\/wp-json\/wp\/v2\/media?parent=19158"}],"wp:term":[{"taxonomy":"product_brand","embeddable":true,"href":"https:\/\/nordicmart.andreevmaster.com\/sv\/wp-json\/wp\/v2\/product_brand?post=19158"},{"taxonomy":"product_cat","embeddable":true,"href":"https:\/\/nordicmart.andreevmaster.com\/sv\/wp-json\/wp\/v2\/product_cat?post=19158"},{"taxonomy":"product_tag","embeddable":true,"href":"https:\/\/nordicmart.andreevmaster.com\/sv\/wp-json\/wp\/v2\/product_tag?post=19158"}],"curies":[{"name":"wp","href":"https:\/\/api.w.org\/{rel}","templated":true}]}}