{"id":19157,"date":"2026-02-27T00:43:18","date_gmt":"2026-02-27T00:43:18","guid":{"rendered":"https:\/\/nordicmart.andreevmaster.com\/product\/10-roterande-fotoramar-for-foton-i-storleken-203-x-254-cm-8-x-10-tum\/"},"modified":"2026-02-27T08:31:06","modified_gmt":"2026-02-27T08:31:06","slug":"10-roterande-fotoramar-for-foton-i-storleken-203-x-254-cm-8-x-10-tum","status":"publish","type":"product","link":"https:\/\/nordicmart.andreevmaster.com\/sv\/produkt\/10-roterande-fotoramar-for-foton-i-storleken-203-x-254-cm-8-x-10-tum\/","title":{"rendered":"10 roterande fotoramar f\u00f6r foton i storleken 20,3 x 25,4 cm (8 x 10 tum)."},"content":{"rendered":"<p>Vrid, visa och dekorera: Den vridbara fotoramen har tv\u00e5 glasplattor med ett foto p\u00e5 vardera sidan. Modern design, vit yta med struktur \u2013 ramarna passar olika inredningsstilar. H\u00f6jdpunkter f\u00f6r dessa tv\u00e5 fotoramar: Tv\u00e5 bilder p\u00e5 20,3 x 25,4 cm f\u00e5r plats i varje ram. 6 anv\u00e4ndningsomr\u00e5den: st\u00f6d med stativ, st\u00e5 utan stativ, f\u00e4stning p\u00e5 v\u00e4gg \u2013 b\u00e5de horisontellt och vertikalt. De medf\u00f6ljande metallstativen st\u00f6der fotoramarna s\u00e5 att att de l\u00e4tt kan st\u00e5 lutande p\u00e5 ett bord. Tack vare ramarna 3 cm djup kan ramarna st\u00e5 stadigt p\u00e5 en plan yta utan stativ. De dolda h\u00e5len p\u00e5 baksidan g\u00f6r det m\u00f6jligt att Med hj\u00e4lp av de dolda h\u00e5len p\u00e5 baksidan kan du f\u00e4sta ramarna ordentligt p\u00e5 v\u00e4ggen. De tv\u00e5 medf\u00f6ljande papperen med markeringar hj\u00e4lper dig att best\u00e4mma var ramarna ska f\u00e4stas p\u00e5 v\u00e4ggen. Med hj\u00e4lp av sidan med kl\u00e4mman kan du enkelt byta och f\u00e4sta bilderna. Ramarna \u00e4r tillverkade av h\u00f6gkvalitativt glas och MDF-skiva, s\u00e5 att du kan se skarpa bilder och anv\u00e4nda ramarna permanent. Produktinformation: 1. Fotoramarna \u00e4r tillverkade av h\u00f6gkvalitativt glas och MDF-skiva, s\u00e5 att du kan se skarpa bilder och anv\u00e4nda ramarna permanent: F\u00e4rger: Vit Material: Vit: Storlekar: 32,8 x 28,7 cm (L x B), 33,8 x 27,8 cm (L x B) Totalvikt: 2,5 kg Leveransomfattning: 10 x fotoramar 20 x metallst\u00f6dst\u00e4nger 10 x papper och m\u00e4rkpennor SONGICOM Anm\u00e4rkningar: Tillbeh\u00f6r f\u00f6r att f\u00e4sta ramarna p\u00e5 v\u00e4ggen ing\u00e5r INTE i leveransen. Eftersom det finns m\u00e5nga olika typer av v\u00e4ggmaterial b\u00f6r du anv\u00e4nda f\u00e4sttillbeh\u00f6r som passar din v\u00e4gg. Alla glaskanter \u00e4r slipade f\u00f6r att garantera din s\u00e4kerhet n\u00e4r du byter bilder. Placera produkten p\u00e5 en plan yta eller f\u00e4st den ordentligt p\u00e5 v\u00e4ggen. Fotoramar kan inte v\u00e4ndas n\u00e4r de \u00e4r f\u00e4sta p\u00e5 v\u00e4ggen.<\/p>\n","protected":false},"excerpt":{"rendered":"<p>Vrid, visa och dekorera: Den vridbara fotoramen har tv\u00e5 glasplattor med ett foto p\u00e5 vardera sidan. Modern design, vit yta med struktur \u2013 ramarna passar olika inredningsstilar. H\u00f6jdpunkter f\u00f6r dessa tv\u00e5 fotoramar: Tv\u00e5 bilder p\u00e5 20,3 x 25,4 cm f\u00e5r plats i varje ram. 6 anv\u00e4ndningsomr\u00e5den: st\u00f6d med stativ, st\u00e5 utan stativ, f\u00e4stning p\u00e5 v\u00e4gg [&hellip;]<\/p>\n","protected":false},"featured_media":0,"comment_status":"open","ping_status":"closed","template":"","meta":[],"product_brand":[],"product_cat":[33],"product_tag":[],"class_list":{"0":"post-19157","1":"product","2":"type-product","3":"status-publish","5":"product_cat-okategoriserad","7":"first","8":"instock","9":"shipping-taxable","10":"purchasable","11":"product-type-simple"},"_links":{"self":[{"href":"https:\/\/nordicmart.andreevmaster.com\/sv\/wp-json\/wp\/v2\/product\/19157","targetHints":{"allow":["GET"]}}],"collection":[{"href":"https:\/\/nordicmart.andreevmaster.com\/sv\/wp-json\/wp\/v2\/product"}],"about":[{"href":"https:\/\/nordicmart.andreevmaster.com\/sv\/wp-json\/wp\/v2\/types\/product"}],"replies":[{"embeddable":true,"href":"https:\/\/nordicmart.andreevmaster.com\/sv\/wp-json\/wp\/v2\/comments?post=19157"}],"wp:attachment":[{"href":"https:\/\/nordicmart.andreevmaster.com\/sv\/wp-json\/wp\/v2\/media?parent=19157"}],"wp:term":[{"taxonomy":"product_brand","embeddable":true,"href":"https:\/\/nordicmart.andreevmaster.com\/sv\/wp-json\/wp\/v2\/product_brand?post=19157"},{"taxonomy":"product_cat","embeddable":true,"href":"https:\/\/nordicmart.andreevmaster.com\/sv\/wp-json\/wp\/v2\/product_cat?post=19157"},{"taxonomy":"product_tag","embeddable":true,"href":"https:\/\/nordicmart.andreevmaster.com\/sv\/wp-json\/wp\/v2\/product_tag?post=19157"}],"curies":[{"name":"wp","href":"https:\/\/api.w.org\/{rel}","templated":true}]}}