{"id":19155,"date":"2026-02-27T00:43:18","date_gmt":"2026-02-27T00:43:18","guid":{"rendered":"https:\/\/nordicmart.andreevmaster.com\/product\/songmics-bilderramar-3-pack\/"},"modified":"2026-02-27T08:31:05","modified_gmt":"2026-02-27T08:31:05","slug":"songmics-bilderramar-3-pack","status":"publish","type":"product","link":"https:\/\/nordicmart.andreevmaster.com\/sv\/produkt\/songmics-bilderramar-3-pack\/","title":{"rendered":"SONGMICS Bilderramar, 3-pack"},"content":{"rendered":"<p>Vill du kunna njuta av att se dina barn n\u00e4r som helst? Vill du dela dina vackraste stunder med andra? Eller vill du presentera dina teckningar p\u00e5 ett stilfullt s\u00e4tt? Dessa 3 fotoramar g\u00f6r alla dina planer till verklighet!<\/p>\n<p>S\u00e4tt dina bilder i r\u00e4tt ljus: Presentera dina foton i dessa 3 fotoramar och ge din bostad en individuell karakt\u00e4r. Tack vare sin eleganta tr\u00e4struktur kommer dessa fotoramar att dra allas blickar till dina konstverk eller favoritbilder!<\/p>\n<p>H\u00f6jdpunkterna i detta fotoramset:<\/p>\n<p>Ingen montering kr\u00e4vs.<br \/>\nKan h\u00e4ngas horisontellt eller vertikalt.<br \/>\nKan st\u00e4llas upp horisontellt eller vertikalt.<br \/>\nEnkel design; passar till m\u00e5nga andra dekorationsartiklar.<br \/>\nGlasruta med slipade kanter; s\u00e4ker anv\u00e4ndning.<br \/>\nEn utm\u00e4rkt present till dina n\u00e4ra och k\u00e4ra.<br \/>\nEnkel byte av bilder tack vare de vridbara kl\u00e4mmorna p\u00e5 baksidan. Produktdetaljer:<br \/>\nF\u00e4rg: Vit med tr\u00e4m\u00f6nster, gr\u00e5 med tr\u00e4m\u00f6nster, brun med tr\u00e4m\u00f6nster<br \/>\nMaterial: MDF (medeldensitetsfiberplatta), glas<br \/>\nStorlek: 17,5 x 1,5 x 22,8 cm (L x B x H)<br \/>\nPassande bildformat: 10 x 15 cm (med passepartout), 13 x 18 cm (utan passepartout)<br \/>\nStorlek p\u00e5 den faktiskt synliga delen av bilderna: Utan passepartout: 11,5 x 16,5 cm (L x B), Med passepartout: 9 x 14 cm (L x B)<br \/>\nTotalvikt: 1,03 kg<\/p>\n<p>Leveransomfattning:<br \/>\n3 x tavelramar<\/p>\n<p>SONGMICS Anm\u00e4rkningar:<br \/>\nAlla kanter p\u00e5 glasskivan \u00e4r slipade f\u00f6r att garantera din s\u00e4kerhet n\u00e4r du byter bilder. Du b\u00f6r \u00e4nd\u00e5 h\u00e5lla barn borta fr\u00e5n denna produkt.<br \/>\nSt\u00e4ll produkten p\u00e5 en plan yta eller f\u00e4st den stadigt p\u00e5 v\u00e4ggen.<br \/>\nAnv\u00e4nd inte produkten om den \u00e4r skadad och kontakta oss omedelbart i s\u00e5 fall f\u00f6r att undvika skador orsakade av skadade delar.<\/p>\n","protected":false},"excerpt":{"rendered":"<p>SONGMICS fotoramar, 3-pack, fotoramar med passepartout, f\u00f6r foton i storlekarna 10 x 15 cm (4 x 6 tum) och 13 x 18 cm (5 x 7 tum), dekoration, med glasskiva, med tr\u00e4m\u00f6nster, vita, gr\u00e5 och bruna RPF38WG<\/p>\n","protected":false},"featured_media":46106,"comment_status":"open","ping_status":"closed","template":"","meta":[],"product_brand":[],"product_cat":[33],"product_tag":[],"class_list":{"0":"post-19155","1":"product","2":"type-product","3":"status-publish","4":"has-post-thumbnail","6":"product_cat-okategoriserad","8":"first","9":"instock","10":"shipping-taxable","11":"purchasable","12":"product-type-simple"},"_links":{"self":[{"href":"https:\/\/nordicmart.andreevmaster.com\/sv\/wp-json\/wp\/v2\/product\/19155","targetHints":{"allow":["GET"]}}],"collection":[{"href":"https:\/\/nordicmart.andreevmaster.com\/sv\/wp-json\/wp\/v2\/product"}],"about":[{"href":"https:\/\/nordicmart.andreevmaster.com\/sv\/wp-json\/wp\/v2\/types\/product"}],"replies":[{"embeddable":true,"href":"https:\/\/nordicmart.andreevmaster.com\/sv\/wp-json\/wp\/v2\/comments?post=19155"}],"wp:featuredmedia":[{"embeddable":true,"href":"https:\/\/nordicmart.andreevmaster.com\/sv\/wp-json\/wp\/v2\/media\/46106"}],"wp:attachment":[{"href":"https:\/\/nordicmart.andreevmaster.com\/sv\/wp-json\/wp\/v2\/media?parent=19155"}],"wp:term":[{"taxonomy":"product_brand","embeddable":true,"href":"https:\/\/nordicmart.andreevmaster.com\/sv\/wp-json\/wp\/v2\/product_brand?post=19155"},{"taxonomy":"product_cat","embeddable":true,"href":"https:\/\/nordicmart.andreevmaster.com\/sv\/wp-json\/wp\/v2\/product_cat?post=19155"},{"taxonomy":"product_tag","embeddable":true,"href":"https:\/\/nordicmart.andreevmaster.com\/sv\/wp-json\/wp\/v2\/product_tag?post=19155"}],"curies":[{"name":"wp","href":"https:\/\/api.w.org\/{rel}","templated":true}]}}