{"id":19154,"date":"2026-02-27T00:43:18","date_gmt":"2026-02-27T00:43:18","guid":{"rendered":"https:\/\/nordicmart.andreevmaster.com\/product\/songmics-3-pack-svavande-fotoramar\/"},"modified":"2026-02-27T08:31:05","modified_gmt":"2026-02-27T08:31:05","slug":"songmics-3-pack-svavande-fotoramar","status":"publish","type":"product","link":"https:\/\/nordicmart.andreevmaster.com\/sv\/produkt\/songmics-3-pack-svavande-fotoramar\/","title":{"rendered":"SONGMICS 3-pack sv\u00e4vande fotoramar"},"content":{"rendered":"<p>L\u00e5t bilderna sv\u00e4va: N\u00e4r du m\u00e5lar en vacker tavla eller tar ett fantastiskt landskapsfoto kan du f\u00f6rvandla dem till ett konstverk med dessa fotoramar. Ramarna h\u00e5ller bilden mellan tv\u00e5 glasskivor, s\u00e5 att det ser ut som om bilden sv\u00e4var i luften. Modern look, vit yta med \u00e5dring \u2013 dessa fotoramar passar till olika inredningsstilar. H\u00f6jdpunkterna med dessa 3 fotoramar: Bilder i storlekarna 10,2 x 15,2 cm, 12,7 x 17,8 cm, 15,2 x 20,3 cm och 20,3 x 25,4 cm passar i fotoramarna. 4 anv\u00e4ndningsm\u00f6jligheter: St\u00e4ll dem p\u00e5 bordet eller h\u00e4ng dem p\u00e5 v\u00e4ggen \u2013 b\u00e5de horisontellt och vertikalt. De dolda h\u00e5len p\u00e5 baksidan g\u00f6r att du kan f\u00e4sta ramarna t\u00e4tt mot v\u00e4ggen. 3 medf\u00f6ljande papper med markeringar hj\u00e4lper dig att best\u00e4mma var ramarna ska f\u00e4stas p\u00e5 v\u00e4ggen. De medf\u00f6ljande metallstativen st\u00f6der fotoramarna s\u00e5 att de st\u00e5r stadigt p\u00e5 bordet. Den laterala slitsen med kl\u00e4mma g\u00f6r att du enkelt kan byta och f\u00e4sta bilderna. Ramarna \u00e4r tillverkade av h\u00f6gkvalitativt glas och MDF, s\u00e5 att du kan se skarpa bilder och anv\u00e4nda ramarna under l\u00e5ng tid. Produktdetaljer: F\u00e4rg: Vit Material: MDF (medeldensitetsfiberplatta), glas Storlek: 32 x 27 cm (L x B) Totalvikt: 2,9 kg Leveransomfattning: 3 x fotoramar 6 x metallst\u00f6dst\u00e4nger 3 x papper med markeringar 4 x klisterpunkter SONGMICS Anm\u00e4rkningar: Tillbeh\u00f6r f\u00f6r att f\u00e4sta ramarna p\u00e5 v\u00e4ggen ing\u00e5r INTE i leveransen. P\u00e5 grund av det stora utbudet av olika v\u00e4ggmaterial b\u00f6r du anv\u00e4nda monteringsmaterial som passar din v\u00e4gg. Alla kanter p\u00e5 glasskivan \u00e4r slipade f\u00f6r att garantera din s\u00e4kerhet n\u00e4r du byter bilder. Du b\u00f6r \u00e4nd\u00e5 h\u00e5lla barn borta fr\u00e5n denna produkt. Placera produkten p\u00e5 en plan yta eller f\u00e4st den stadigt p\u00e5 v\u00e4ggen.<\/p>\n","protected":false},"excerpt":{"rendered":"<p>SONGMICS fotoram, 3-pack, sv\u00e4vande, f\u00f6r foton 10,2 x 15,2 cm (4 x 6 tum) 12,7 x 17,8 cm (5 x 7 tum) 15,2 x 20,3 cm (6 x 8 tum) 20,3 x 25,4 cm (8 x 10 tum), 2 glasskivor, vit RPF380W01<\/p>\n","protected":false},"featured_media":46105,"comment_status":"open","ping_status":"closed","template":"","meta":[],"product_brand":[],"product_cat":[33],"product_tag":[],"class_list":{"0":"post-19154","1":"product","2":"type-product","3":"status-publish","4":"has-post-thumbnail","6":"product_cat-okategoriserad","8":"first","9":"instock","10":"shipping-taxable","11":"purchasable","12":"product-type-simple"},"_links":{"self":[{"href":"https:\/\/nordicmart.andreevmaster.com\/sv\/wp-json\/wp\/v2\/product\/19154","targetHints":{"allow":["GET"]}}],"collection":[{"href":"https:\/\/nordicmart.andreevmaster.com\/sv\/wp-json\/wp\/v2\/product"}],"about":[{"href":"https:\/\/nordicmart.andreevmaster.com\/sv\/wp-json\/wp\/v2\/types\/product"}],"replies":[{"embeddable":true,"href":"https:\/\/nordicmart.andreevmaster.com\/sv\/wp-json\/wp\/v2\/comments?post=19154"}],"wp:featuredmedia":[{"embeddable":true,"href":"https:\/\/nordicmart.andreevmaster.com\/sv\/wp-json\/wp\/v2\/media\/46105"}],"wp:attachment":[{"href":"https:\/\/nordicmart.andreevmaster.com\/sv\/wp-json\/wp\/v2\/media?parent=19154"}],"wp:term":[{"taxonomy":"product_brand","embeddable":true,"href":"https:\/\/nordicmart.andreevmaster.com\/sv\/wp-json\/wp\/v2\/product_brand?post=19154"},{"taxonomy":"product_cat","embeddable":true,"href":"https:\/\/nordicmart.andreevmaster.com\/sv\/wp-json\/wp\/v2\/product_cat?post=19154"},{"taxonomy":"product_tag","embeddable":true,"href":"https:\/\/nordicmart.andreevmaster.com\/sv\/wp-json\/wp\/v2\/product_tag?post=19154"}],"curies":[{"name":"wp","href":"https:\/\/api.w.org\/{rel}","templated":true}]}}