{"id":19153,"date":"2026-02-27T00:43:17","date_gmt":"2026-02-27T00:43:17","guid":{"rendered":"https:\/\/nordicmart.andreevmaster.com\/product\/songmics-fotoramar-5-st-10-x-15-cm-vita\/"},"modified":"2026-02-27T08:31:05","modified_gmt":"2026-02-27T08:31:05","slug":"songmics-fotoramar-5-st-10-x-15-cm-vita","status":"publish","type":"product","link":"https:\/\/nordicmart.andreevmaster.com\/sv\/produkt\/songmics-fotoramar-5-st-10-x-15-cm-vita\/","title":{"rendered":"SONGMICS fotoramar 5 st 10 x 15 cm vita"},"content":{"rendered":"<p>Fotoramar: s\u00e4ttet att bevara v\u00e5ra b\u00e4sta minnen. Denna fotoram i 5-pack \u00e4r den perfekta presenten f\u00f6r att uttrycka din k\u00e4rlek eller v\u00e4nskap. V\u00e4lj dessa fotoramar fr\u00e5n SONGMICS f\u00f6r att visa din k\u00e4rlek till dina n\u00e4ra och k\u00e4ra! Det \u00e4r en bra id\u00e9 att dekorera v\u00e5ra n\u00e4ra och k\u00e4ras v\u00e4ggar med v\u00e5ra underbara stunder som vi har tillbringat tillsammans under alla dessa \u00e5r. Det \u00e4r det b\u00e4sta s\u00e4ttet vi har att inte bli gl\u00f6mda och alltid vara n\u00e4rvarande, \u00e4ven n\u00e4r vi \u00e4r l\u00e5ngt borta. Dekorera v\u00e4ggarna, rummen och hallen med dessa 10 x 15 cm fotoramar av MDF i E1-klass med glasskiva. V\u00e4nta inte l\u00e4ngre och k\u00f6p detta 5-pack fotoramar! V\u00e5r utm\u00e4rkta kundtj\u00e4nst st\u00e5r till ditt f\u00f6rfogande f\u00f6re och efter ditt k\u00f6p och svarar p\u00e5 dina fr\u00e5gor via e-post inom 24 timmar. V\u00e5r prioritet \u00e4r din fullst\u00e4ndiga tillfredsst\u00e4llelse och det garanterar vi dig med SONGMICS! Produktdetaljer: &#8211; F\u00e4rg: vit &#8211; Material: MDF, glas &#8211; Fotostorlek: 10 x 15 cm &#8211; Ramm\u00e5tt: 13,5 x 18,6 cm &#8211; Kantbredd: 2 cm &#8211; Kanttjocklek: 1,5 cm &#8211; Vikt: 1,3 kg Leveransomfattning: &#8211; 5 x fotoram SONGMICS Anm\u00e4rkningar: &#8211; Denna produkt inneh\u00e5ller glasdelar, h\u00e5ll den borta fr\u00e5n barn. &#8211; L\u00e4gg inga v\u00e4rdefulla f\u00f6rem\u00e5l under fotoramen. &#8211; V\u00e4ggf\u00e4sten ing\u00e5r inte. &#8211; Om produkten \u00e4r skadad eller om du har problem med monteringen, kontakta oss s\u00e5 att vi kan byta ut den eller \u00e5terbetala pengarna, beroende p\u00e5 situationen.<\/p>\n","protected":false},"excerpt":{"rendered":"<p>SONGMICS Bilderramar, 5-pack, 10 x 15 cm, fotoramar med glas, ram vit RPF35WT<\/p>\n","protected":false},"featured_media":46104,"comment_status":"open","ping_status":"closed","template":"","meta":[],"product_brand":[],"product_cat":[33],"product_tag":[],"class_list":{"0":"post-19153","1":"product","2":"type-product","3":"status-publish","4":"has-post-thumbnail","6":"product_cat-okategoriserad","8":"first","9":"instock","10":"shipping-taxable","11":"purchasable","12":"product-type-simple"},"_links":{"self":[{"href":"https:\/\/nordicmart.andreevmaster.com\/sv\/wp-json\/wp\/v2\/product\/19153","targetHints":{"allow":["GET"]}}],"collection":[{"href":"https:\/\/nordicmart.andreevmaster.com\/sv\/wp-json\/wp\/v2\/product"}],"about":[{"href":"https:\/\/nordicmart.andreevmaster.com\/sv\/wp-json\/wp\/v2\/types\/product"}],"replies":[{"embeddable":true,"href":"https:\/\/nordicmart.andreevmaster.com\/sv\/wp-json\/wp\/v2\/comments?post=19153"}],"wp:featuredmedia":[{"embeddable":true,"href":"https:\/\/nordicmart.andreevmaster.com\/sv\/wp-json\/wp\/v2\/media\/46104"}],"wp:attachment":[{"href":"https:\/\/nordicmart.andreevmaster.com\/sv\/wp-json\/wp\/v2\/media?parent=19153"}],"wp:term":[{"taxonomy":"product_brand","embeddable":true,"href":"https:\/\/nordicmart.andreevmaster.com\/sv\/wp-json\/wp\/v2\/product_brand?post=19153"},{"taxonomy":"product_cat","embeddable":true,"href":"https:\/\/nordicmart.andreevmaster.com\/sv\/wp-json\/wp\/v2\/product_cat?post=19153"},{"taxonomy":"product_tag","embeddable":true,"href":"https:\/\/nordicmart.andreevmaster.com\/sv\/wp-json\/wp\/v2\/product_tag?post=19153"}],"curies":[{"name":"wp","href":"https:\/\/api.w.org\/{rel}","templated":true}]}}