{"id":19147,"date":"2026-02-27T00:43:16","date_gmt":"2026-02-27T00:43:16","guid":{"rendered":"https:\/\/nordicmart.andreevmaster.com\/product\/songmics-fotoramset-for-7-foton-svart\/"},"modified":"2026-02-27T08:31:03","modified_gmt":"2026-02-27T08:31:03","slug":"songmics-fotoramset-for-7-foton-svart","status":"publish","type":"product","link":"https:\/\/nordicmart.andreevmaster.com\/sv\/produkt\/songmics-fotoramset-for-7-foton-svart\/","title":{"rendered":"SONGMICS fotoramset f\u00f6r 7 foton, svart"},"content":{"rendered":"<p>Bevara dina vackra minnen Med detta 7-delade fotoramset kan du visa upp dina personliga foton, konstverk, samlarobjekt eller barnens teckningar f\u00f6r att bevara de vackra minnena. Enkel men elegant design Dessa fotoramar \u00e4r tillverkade av tr\u00e4fiberplattor med en tydlig silhuett och en sl\u00e4t yta och passar b\u00e5de klassiska och moderna bilder. De \u00e4r diskreta f\u00f6r att komplettera dina foton eller konstverk utan att \u00f6vergl\u00e4nsa fotot eller konsten i sig. Perfekt presentval Inramade minnen \u00e4r n\u00e5got som ligger m\u00e4nniskor varmt om hj\u00e4rtat, vilket g\u00f6r denna fotoram till ett utm\u00e4rkt presentval. Med den kan du bevara dessa glada och vackra stunder f\u00f6r alltid. Produktdetaljer:  &#8211; F\u00e4rg: svart &#8211; Material: MDF, glas &#8211; Fotostorlek: 21 x 29,7 cm (stor), 13 x 18 cm (medel), 10 x 15 cm (liten) &#8211; Kantbredd: 2 cm &#8211; Kanttjocklek: 1,5 cm &#8211; Vikt: 2,5 kg Leveransomfattning: &#8211; 1 x stor fotoram &#8211; 2 x medelstor fotoram &#8211; 4 x liten fotoram SONGMICS Anm\u00e4rkningar:  &#8211; Undvik att placera v\u00e4rdesaker under en fotoram. &#8211; V\u00e4ggskruvar ing\u00e5r inte i leveransen, eftersom olika v\u00e4ggmaterial kr\u00e4ver olika typer av f\u00e4stning. Kontakta en lokal j\u00e4rnhandlare om det beh\u00f6vs.<\/p>\n","protected":false},"excerpt":{"rendered":"<p>SONGMICS fotoramset, 7-pack fotoramar, glas, med 3 storlekar, en 21 x 29,7 cm, tv\u00e5 13 x 18 cm, fyra 10 x 15 cm, f\u00f6r flera foton, vit RPF31WT<\/p>\n","protected":false},"featured_media":46099,"comment_status":"open","ping_status":"closed","template":"","meta":[],"product_brand":[],"product_cat":[33],"product_tag":[],"class_list":{"0":"post-19147","1":"product","2":"type-product","3":"status-publish","4":"has-post-thumbnail","6":"product_cat-okategoriserad","8":"first","9":"instock","10":"shipping-taxable","11":"purchasable","12":"product-type-simple"},"_links":{"self":[{"href":"https:\/\/nordicmart.andreevmaster.com\/sv\/wp-json\/wp\/v2\/product\/19147","targetHints":{"allow":["GET"]}}],"collection":[{"href":"https:\/\/nordicmart.andreevmaster.com\/sv\/wp-json\/wp\/v2\/product"}],"about":[{"href":"https:\/\/nordicmart.andreevmaster.com\/sv\/wp-json\/wp\/v2\/types\/product"}],"replies":[{"embeddable":true,"href":"https:\/\/nordicmart.andreevmaster.com\/sv\/wp-json\/wp\/v2\/comments?post=19147"}],"wp:featuredmedia":[{"embeddable":true,"href":"https:\/\/nordicmart.andreevmaster.com\/sv\/wp-json\/wp\/v2\/media\/46099"}],"wp:attachment":[{"href":"https:\/\/nordicmart.andreevmaster.com\/sv\/wp-json\/wp\/v2\/media?parent=19147"}],"wp:term":[{"taxonomy":"product_brand","embeddable":true,"href":"https:\/\/nordicmart.andreevmaster.com\/sv\/wp-json\/wp\/v2\/product_brand?post=19147"},{"taxonomy":"product_cat","embeddable":true,"href":"https:\/\/nordicmart.andreevmaster.com\/sv\/wp-json\/wp\/v2\/product_cat?post=19147"},{"taxonomy":"product_tag","embeddable":true,"href":"https:\/\/nordicmart.andreevmaster.com\/sv\/wp-json\/wp\/v2\/product_tag?post=19147"}],"curies":[{"name":"wp","href":"https:\/\/api.w.org\/{rel}","templated":true}]}}