{"id":19141,"date":"2026-02-27T00:43:14","date_gmt":"2026-02-27T00:43:14","guid":{"rendered":"https:\/\/nordicmart.andreevmaster.com\/product\/songmics-bildramar-10-pack-brun\/"},"modified":"2026-02-27T08:31:02","modified_gmt":"2026-02-27T08:31:02","slug":"songmics-bildramar-10-pack-brun","status":"publish","type":"product","link":"https:\/\/nordicmart.andreevmaster.com\/sv\/produkt\/songmics-bildramar-10-pack-brun\/","title":{"rendered":"SONGMICS bildramar, 10-pack, brun"},"content":{"rendered":"<p>Vill du alltid kunna se dina barns s\u00f6ta leenden, dela dina lyckligaste stunder med andra eller st\u00e4lla ut ett konstverk? Dessa fotoramar fr\u00e5n SONGMICS skyddar dina selfies, konstverk eller fotografier och lyfter fram dem p\u00e5 ett unikt s\u00e4tt. Individualitet och raffinement H\u00e4ng upp fantastiska landskap eller uttrycksfulla portr\u00e4tt p\u00e5 dina v\u00e4ggar och ge din bostad en individuell touch. Den bruna f\u00e4rgen p\u00e5 dessa ramar drar blickarna till sig som genom magi och riktar dem mot dina vackraste foton. H\u00f6jdpunkterna med dessa fotoramar: &#8211; Ramarna levereras f\u00e4rdigmonterade. ingen montering kr\u00e4vs &#8211; Passar f\u00f6r tv\u00e5 foton i storleken 20 x 25 cm, fyra i storleken 13 x 18 cm och fyra i storleken 10 x 15 cm &#8211; Kan h\u00e4ngas horisontellt eller vertikalt &#8211; Passar f\u00f6r foton i st\u00e5ende eller liggande format &#8211; Moderna ramar som ger din bostad karakt\u00e4r &#8211; Glasrutor utan vassa kanter &#8211; En fantastisk present till dina n\u00e4ra och k\u00e4ra Produktdetaljer: &#8211; F\u00e4rg: Brun &#8211; Material: MDF (medeldensitetsfiberplatta), glas &#8211; Storlek:- 23,1 x 1,2 x 28,7 cm (L x B x H) &#8211; 16 x 1,2 x 21 cm (L x B x H) &#8211; 13,5 x 1,2 x 18,5 cm (L x B x H) &#8211; Passande fotostorlekar: 20 x 25 cm, 13 x 18 cm, 10 x 15 cm- Faktiskt synligt: 19,5 x 24,5 cm, 12 x 17 cm, 9,5 x 14,5 cm- Totalvikt: 2,9 kgLeveransomfattning:- 10 x fotoramarSONGMICS Anm\u00e4rkningar:- Alla kanter p\u00e5 glasskivan \u00e4r slipade f\u00f6r att garantera din s\u00e4kerhet n\u00e4r du byter bilder. H\u00e5ll \u00e4nd\u00e5 barn borta fr\u00e5n denna produkt. &#8211; Se till att ramarna \u00e4r ordentligt fastsatta p\u00e5 v\u00e4ggen.<\/p>\n","protected":false},"excerpt":{"rendered":"<p>SONGMICS fotoramset med 10 fotoramar \u2013 2 st. 20 x 25 cm, 4 st. 13 x 18 cm och 4 st. 10 x 15 cm tr\u00e4ram vit RPF310W<\/p>\n","protected":false},"featured_media":46093,"comment_status":"open","ping_status":"closed","template":"","meta":[],"product_brand":[],"product_cat":[33],"product_tag":[],"class_list":{"0":"post-19141","1":"product","2":"type-product","3":"status-publish","4":"has-post-thumbnail","6":"product_cat-okategoriserad","8":"first","9":"instock","10":"shipping-taxable","11":"purchasable","12":"product-type-simple"},"_links":{"self":[{"href":"https:\/\/nordicmart.andreevmaster.com\/sv\/wp-json\/wp\/v2\/product\/19141","targetHints":{"allow":["GET"]}}],"collection":[{"href":"https:\/\/nordicmart.andreevmaster.com\/sv\/wp-json\/wp\/v2\/product"}],"about":[{"href":"https:\/\/nordicmart.andreevmaster.com\/sv\/wp-json\/wp\/v2\/types\/product"}],"replies":[{"embeddable":true,"href":"https:\/\/nordicmart.andreevmaster.com\/sv\/wp-json\/wp\/v2\/comments?post=19141"}],"wp:featuredmedia":[{"embeddable":true,"href":"https:\/\/nordicmart.andreevmaster.com\/sv\/wp-json\/wp\/v2\/media\/46093"}],"wp:attachment":[{"href":"https:\/\/nordicmart.andreevmaster.com\/sv\/wp-json\/wp\/v2\/media?parent=19141"}],"wp:term":[{"taxonomy":"product_brand","embeddable":true,"href":"https:\/\/nordicmart.andreevmaster.com\/sv\/wp-json\/wp\/v2\/product_brand?post=19141"},{"taxonomy":"product_cat","embeddable":true,"href":"https:\/\/nordicmart.andreevmaster.com\/sv\/wp-json\/wp\/v2\/product_cat?post=19141"},{"taxonomy":"product_tag","embeddable":true,"href":"https:\/\/nordicmart.andreevmaster.com\/sv\/wp-json\/wp\/v2\/product_tag?post=19141"}],"curies":[{"name":"wp","href":"https:\/\/api.w.org\/{rel}","templated":true}]}}