{"id":19140,"date":"2026-02-27T00:43:14","date_gmt":"2026-02-27T00:43:14","guid":{"rendered":"https:\/\/nordicmart.andreevmaster.com\/product\/songmics-bilderram-10-pack-svart\/"},"modified":"2026-02-27T08:31:02","modified_gmt":"2026-02-27T08:31:02","slug":"songmics-bilderram-10-pack-svart","status":"publish","type":"product","link":"https:\/\/nordicmart.andreevmaster.com\/sv\/produkt\/songmics-bilderram-10-pack-svart\/","title":{"rendered":"SONGMICS Bilderram 10-pack Svart"},"content":{"rendered":"<p>Fyll ramen med dina favoritfoton och h\u00e4ng upp den. Bildramen med tr\u00e4m\u00f6nster kommer att pryda din v\u00e4gg och alltid p\u00e5minna dig om de vackra stunderna. Produktdetaljer: &#8211; M\u00e5tt: 28,4 x 23,3 x 1,2 cm (B x H x D, 2 x) 20,2 x 15,2 x 1,2 cm (B x H x D, 4 st) 18,2 x 13,2 x 1,2 cm (B x H x D, 4 st) &#8211; Fotots m\u00e5tt: 20 x 25 cm (2 st) 13 x 18 cm (4 st ) 10 x 15 cm (4 st ) &#8211; Ramens f\u00e4rg: svart &#8211; Material: MDF, polystyren &#8211; Vikt: 2,15 kg Leveransomfattning: &#8211; 10 x fotoramar &#8211; 1 x bruksanvisning (DE, EN, IT, FR, ES) Anm\u00e4rkningar: &#8211; Luftbubblor och d\u00e5lig ljusgenomsl\u00e4pplighet hos den genomskinliga bildskyddsfilmen beror p\u00e5 skyddsfilmerna. Ta bort de b\u00e5da skyddsfilmerna f\u00f6re anv\u00e4ndning.<\/p>\n","protected":false},"excerpt":{"rendered":"<p>SONGMICS fotoramset med 10 fotoramar \u2013 2 st. 20 x 25 cm, 4 st. 13 x 18 cm och 4 st. 10 x 15 cm tr\u00e4ram vit RPF310W<\/p>\n","protected":false},"featured_media":46092,"comment_status":"open","ping_status":"closed","template":"","meta":[],"product_brand":[],"product_cat":[33],"product_tag":[],"class_list":{"0":"post-19140","1":"product","2":"type-product","3":"status-publish","4":"has-post-thumbnail","6":"product_cat-okategoriserad","8":"first","9":"instock","10":"shipping-taxable","11":"purchasable","12":"product-type-simple"},"_links":{"self":[{"href":"https:\/\/nordicmart.andreevmaster.com\/sv\/wp-json\/wp\/v2\/product\/19140","targetHints":{"allow":["GET"]}}],"collection":[{"href":"https:\/\/nordicmart.andreevmaster.com\/sv\/wp-json\/wp\/v2\/product"}],"about":[{"href":"https:\/\/nordicmart.andreevmaster.com\/sv\/wp-json\/wp\/v2\/types\/product"}],"replies":[{"embeddable":true,"href":"https:\/\/nordicmart.andreevmaster.com\/sv\/wp-json\/wp\/v2\/comments?post=19140"}],"wp:featuredmedia":[{"embeddable":true,"href":"https:\/\/nordicmart.andreevmaster.com\/sv\/wp-json\/wp\/v2\/media\/46092"}],"wp:attachment":[{"href":"https:\/\/nordicmart.andreevmaster.com\/sv\/wp-json\/wp\/v2\/media?parent=19140"}],"wp:term":[{"taxonomy":"product_brand","embeddable":true,"href":"https:\/\/nordicmart.andreevmaster.com\/sv\/wp-json\/wp\/v2\/product_brand?post=19140"},{"taxonomy":"product_cat","embeddable":true,"href":"https:\/\/nordicmart.andreevmaster.com\/sv\/wp-json\/wp\/v2\/product_cat?post=19140"},{"taxonomy":"product_tag","embeddable":true,"href":"https:\/\/nordicmart.andreevmaster.com\/sv\/wp-json\/wp\/v2\/product_tag?post=19140"}],"curies":[{"name":"wp","href":"https:\/\/api.w.org\/{rel}","templated":true}]}}