{"id":19138,"date":"2026-02-27T00:43:13","date_gmt":"2026-02-27T00:43:13","guid":{"rendered":"https:\/\/nordicmart.andreevmaster.com\/product\/songmics-bilderram-3-pack-silver\/"},"modified":"2026-02-27T08:31:01","modified_gmt":"2026-02-27T08:31:01","slug":"songmics-bilderram-3-pack-silver","status":"publish","type":"product","link":"https:\/\/nordicmart.andreevmaster.com\/sv\/produkt\/songmics-bilderram-3-pack-silver\/","title":{"rendered":"SONGMICS Bilderram 3-pack silver"},"content":{"rendered":"<p>Vill du f\u00f6reviga sp\u00e5ren av ditt liv? Vill du dela dina vackraste stunder med andra? Eller vill du kunna njuta av dina favoritbilder n\u00e4r som helst? Placera dina selfies, foton p\u00e5 dina n\u00e4ra och k\u00e4ra och andra minnessaker i dessa fotoramar fr\u00e5n SONGMICS och s\u00e4tt dem i r\u00e4tt ljus. F\u00f6rh\u00f6j v\u00e4rdet p\u00e5 dina konstverk med dessa fotoramar: Visa upp dina foton eller teckningar i dessa 3 fotoramar och ge ditt hem karakt\u00e4r. Fyllda med dina vackraste minnen kommer dessa eleganta fotoramar med smala kanter att dra alla dina g\u00e4sters blickar till sig! H\u00f6jdpunkter i detta fotoramset (3 stycken): Ingen montering kr\u00e4vs. Kan h\u00e4ngas upp horisontellt eller vertikalt. Kan st\u00e4llas upp horisontellt eller vertikalt. Enkel design; passar till m\u00e5nga andra dekorationsartiklar. Glasskiva med slipade kanter; s\u00e4ker att anv\u00e4nda.En utm\u00e4rkt present till dina n\u00e4ra och k\u00e4ra. Enkelt byte av bilder tack vare de vridbara kl\u00e4mmorna p\u00e5 baksidan. Produktdetaljer: F\u00e4rg: Vit Material: MDF (medeldensitetsfiberplatta), glas Storlek: 22 x 2 x 32 (L x B x H) Fotostorlek: Utan passepartout: 20 x 30 cm (L x B); Med passepartout: 13 x 18 cm (L x B) Vikt: 1,5 kg Leveransomfattning: 3 x fotoramar SONGICs anvisningar: H\u00e5ll produkten borta fr\u00e5n barn f\u00f6r att undvika skador. Kontrollera efter montering att produkten sitter ordentligt fast p\u00e5 v\u00e4ggen. Kontrollera efter uppackning att produkten ser felfri ut. Om den \u00e4r defekt, kontakta oss omedelbart f\u00f6r att undvika skador och f\u00f6r att hitta en l\u00f6sning p\u00e5 felet.<\/p>\n","protected":false},"excerpt":{"rendered":"<p>SONGMICS RPF30WT<\/p>\n","protected":false},"featured_media":46090,"comment_status":"open","ping_status":"closed","template":"","meta":[],"product_brand":[],"product_cat":[33],"product_tag":[],"class_list":{"0":"post-19138","1":"product","2":"type-product","3":"status-publish","4":"has-post-thumbnail","6":"product_cat-okategoriserad","8":"first","9":"instock","10":"shipping-taxable","11":"purchasable","12":"product-type-simple"},"_links":{"self":[{"href":"https:\/\/nordicmart.andreevmaster.com\/sv\/wp-json\/wp\/v2\/product\/19138","targetHints":{"allow":["GET"]}}],"collection":[{"href":"https:\/\/nordicmart.andreevmaster.com\/sv\/wp-json\/wp\/v2\/product"}],"about":[{"href":"https:\/\/nordicmart.andreevmaster.com\/sv\/wp-json\/wp\/v2\/types\/product"}],"replies":[{"embeddable":true,"href":"https:\/\/nordicmart.andreevmaster.com\/sv\/wp-json\/wp\/v2\/comments?post=19138"}],"wp:featuredmedia":[{"embeddable":true,"href":"https:\/\/nordicmart.andreevmaster.com\/sv\/wp-json\/wp\/v2\/media\/46090"}],"wp:attachment":[{"href":"https:\/\/nordicmart.andreevmaster.com\/sv\/wp-json\/wp\/v2\/media?parent=19138"}],"wp:term":[{"taxonomy":"product_brand","embeddable":true,"href":"https:\/\/nordicmart.andreevmaster.com\/sv\/wp-json\/wp\/v2\/product_brand?post=19138"},{"taxonomy":"product_cat","embeddable":true,"href":"https:\/\/nordicmart.andreevmaster.com\/sv\/wp-json\/wp\/v2\/product_cat?post=19138"},{"taxonomy":"product_tag","embeddable":true,"href":"https:\/\/nordicmart.andreevmaster.com\/sv\/wp-json\/wp\/v2\/product_tag?post=19138"}],"curies":[{"name":"wp","href":"https:\/\/api.w.org\/{rel}","templated":true}]}}