{"id":19137,"date":"2026-02-27T00:43:13","date_gmt":"2026-02-27T00:43:13","guid":{"rendered":"https:\/\/nordicmart.andreevmaster.com\/product\/songmics-2-pack-vridbara-fotoramar-for-foton-i-storleken-203-x-254-cm-8-x-10-tum\/"},"modified":"2026-02-27T08:31:01","modified_gmt":"2026-02-27T08:31:01","slug":"songmics-2-pack-vridbara-fotoramar-for-foton-i-storleken-203-x-254-cm-8-x-10-tum","status":"publish","type":"product","link":"https:\/\/nordicmart.andreevmaster.com\/sv\/produkt\/songmics-2-pack-vridbara-fotoramar-for-foton-i-storleken-203-x-254-cm-8-x-10-tum\/","title":{"rendered":"SONGMICS 2-pack vridbara fotoramar f\u00f6r foton i storleken 20,3 x 25,4 cm (8 x 10 tum)"},"content":{"rendered":"<p>Vrid, presentera och dekorera: De vridbara fotoramarna har tv\u00e5 glasskivor s\u00e5 att du kan visa ett foto p\u00e5 varje sida. Modern look, vit yta med \u00e5dring \u2013 ramarna passar till olika inredningsstilar. H\u00f6jdpunkterna i dessa tv\u00e5 fotoramar: Varje ram rymmer tv\u00e5 bilder i storleken 20,3 x 25,4 cm. Sex anv\u00e4ndningsm\u00f6jligheter: st\u00e4lla upp med stativ, st\u00e4lla upp utan stativ, montera p\u00e5 v\u00e4ggen \u2013 b\u00e5de horisontellt och vertikalt. De medf\u00f6ljande metallstativen st\u00f6der fotoramarna s\u00e5 att de kan st\u00e5 l\u00e4tt lutande p\u00e5 bordet. Tack vare en ramdjup p\u00e5 3 cm kan ramarna st\u00e5 stabilt p\u00e5 en plan yta utan stativ. De dolda h\u00e5len p\u00e5 baksidan g\u00f6r att du kan f\u00e4sta ramarna t\u00e4tt mot v\u00e4ggen. 2 medf\u00f6ljande papper med markeringar hj\u00e4lper dig att best\u00e4mma var ramarna ska f\u00e4stas p\u00e5 v\u00e4ggen. Den laterala slitsen med kl\u00e4mma g\u00f6r att du enkelt kan byta och s\u00e4kra bilderna. Ramarna \u00e4r tillverkade av h\u00f6gkvalitativt glas och MDF, s\u00e5 att du kan se skarpa bilder och anv\u00e4nda ramarna under l\u00e5ng tid. Produktdetaljer:F\u00e4rg: Vit Material: MDF (medeldensitetsfiberplatta), glas Storlek: 32,8 x 28,7 cm (L x B), 33,8 x 27,8 cm (L x B) Totalvikt: 2,5 kg Leveransomfattning: 2 x tavelramar 4 x metallst\u00f6dst\u00e4nger 2 x papper med markeringar SONGMICS Anm\u00e4rkningar:Tillbeh\u00f6r f\u00f6r att f\u00e4sta ramarna p\u00e5 v\u00e4ggen ing\u00e5r INTE i leveransen. P\u00e5 grund av det stora utbudet av olika v\u00e4ggmaterial b\u00f6r du anv\u00e4nda monteringsmaterial som passar din v\u00e4gg. Alla kanter p\u00e5 glasskivan \u00e4r slipade f\u00f6r att garantera din s\u00e4kerhet n\u00e4r du byter bilder. Trots detta b\u00f6r du h\u00e5lla barn borta fr\u00e5n denna produkt. Placera produkten p\u00e5 en plan yta eller f\u00e4st den stadigt p\u00e5 v\u00e4ggen. Fotoramarna kan inte vridas n\u00e4r du f\u00e4ster dem p\u00e5 v\u00e4ggen.<\/p>\n","protected":false},"excerpt":{"rendered":"<p>SONGMICS fotoram, 2-pack, fotoram, vridbar, f\u00f6r foton i storleken 20,3 x 25,4 cm (8 x 10 tum), med 2 glasskivor, f\u00f6r uppst\u00e4llning eller upph\u00e4ngning, MDF, vit RPF281W01<\/p>\n","protected":false},"featured_media":46089,"comment_status":"open","ping_status":"closed","template":"","meta":[],"product_brand":[],"product_cat":[33],"product_tag":[],"class_list":{"0":"post-19137","1":"product","2":"type-product","3":"status-publish","4":"has-post-thumbnail","6":"product_cat-okategoriserad","8":"first","9":"instock","10":"shipping-taxable","11":"purchasable","12":"product-type-simple"},"_links":{"self":[{"href":"https:\/\/nordicmart.andreevmaster.com\/sv\/wp-json\/wp\/v2\/product\/19137","targetHints":{"allow":["GET"]}}],"collection":[{"href":"https:\/\/nordicmart.andreevmaster.com\/sv\/wp-json\/wp\/v2\/product"}],"about":[{"href":"https:\/\/nordicmart.andreevmaster.com\/sv\/wp-json\/wp\/v2\/types\/product"}],"replies":[{"embeddable":true,"href":"https:\/\/nordicmart.andreevmaster.com\/sv\/wp-json\/wp\/v2\/comments?post=19137"}],"wp:featuredmedia":[{"embeddable":true,"href":"https:\/\/nordicmart.andreevmaster.com\/sv\/wp-json\/wp\/v2\/media\/46089"}],"wp:attachment":[{"href":"https:\/\/nordicmart.andreevmaster.com\/sv\/wp-json\/wp\/v2\/media?parent=19137"}],"wp:term":[{"taxonomy":"product_brand","embeddable":true,"href":"https:\/\/nordicmart.andreevmaster.com\/sv\/wp-json\/wp\/v2\/product_brand?post=19137"},{"taxonomy":"product_cat","embeddable":true,"href":"https:\/\/nordicmart.andreevmaster.com\/sv\/wp-json\/wp\/v2\/product_cat?post=19137"},{"taxonomy":"product_tag","embeddable":true,"href":"https:\/\/nordicmart.andreevmaster.com\/sv\/wp-json\/wp\/v2\/product_tag?post=19137"}],"curies":[{"name":"wp","href":"https:\/\/api.w.org\/{rel}","templated":true}]}}