{"id":19135,"date":"2026-02-27T00:43:12","date_gmt":"2026-02-27T00:43:12","guid":{"rendered":"https:\/\/nordicmart.andreevmaster.com\/product\/songmics-bildramcollage-for-4-foton\/"},"modified":"2026-02-27T08:31:01","modified_gmt":"2026-02-27T08:31:01","slug":"songmics-bildramcollage-for-4-foton","status":"publish","type":"product","link":"https:\/\/nordicmart.andreevmaster.com\/sv\/produkt\/songmics-bildramcollage-for-4-foton\/","title":{"rendered":"SONGMICS bildramcollage f\u00f6r 4 foton"},"content":{"rendered":"<p>Dessa fotoramar fr\u00e5n SONGMICS kombinerar elegant design och uts\u00f6kt hantverk och \u00e4r perfekta f\u00f6r att visa upp dina favoritbilder och bevara dina v\u00e4rdefulla minnen. V\u00e4lj ut n\u00e5gra vackra foton och rama in dem. De kommer att bli de vackraste inredningsdetaljerna i din bostad. L\u00e4gg dina foton (i formatet 10 x 15 cm) i dessa fotoramar och h\u00e4ng dem p\u00e5 v\u00e4ggen \u2013 s\u00e5 f\u00f6rvandlar du ditt hem till en galleri! Dessutom imponerar denna fotocollage med sin genomt\u00e4nkta design. Du beh\u00f6ver inte fundera \u00f6ver hur du ska placera dina bilder, eftersom denna fotocollage levereras f\u00e4rdigmonterad. Allt du beh\u00f6ver g\u00f6ra \u00e4r att h\u00e4nga upp den p\u00e5 v\u00e4ggen. Dessa 4 fotoramar hj\u00e4lper dig att bevara dina underbara stunder f\u00f6r alltid. Ge ditt vardagsrum, sovrum eller kontor en ny look med denna fotocollage! Produktdetaljer: &#8211; F\u00e4rg: Naturf\u00e4rger &#8211; Material: MDF (medeldensitetsfiberplatta), glas &#8211; Storlek: 30,5 x 30,5 cm &#8211; Storlek per foto: 10 x 15 cm &#8211; Kantbredd: 2 cm &#8211; Kanttjocklek: 1,2 cm &#8211; Vikt: 0,9 kg Leveransomfattning:- 1 x fotoramcollage SONGMICS Anvisningar: &#8211; H\u00e5ll barn borta fr\u00e5n denna produkt f\u00f6r att undvika skador. &#8211; Kontrollera att produkten \u00e4r i perfekt skick efter uppackning. Anv\u00e4nd inte produkten om den \u00e4r skadad och kontakta oss omedelbart f\u00f6r att undvika skador orsakade av skadade delar.<\/p>\n","protected":false},"excerpt":{"rendered":"<p>SONGMICS fotoram collage f\u00f6r 4 foton, 10 x 15 cm, v\u00e4ggmonterad fotogalleri display, med glasskiva, vit RPF25WT<\/p>\n","protected":false},"featured_media":46087,"comment_status":"open","ping_status":"closed","template":"","meta":[],"product_brand":[],"product_cat":[33],"product_tag":[],"class_list":{"0":"post-19135","1":"product","2":"type-product","3":"status-publish","4":"has-post-thumbnail","6":"product_cat-okategoriserad","8":"first","9":"instock","10":"shipping-taxable","11":"purchasable","12":"product-type-simple"},"_links":{"self":[{"href":"https:\/\/nordicmart.andreevmaster.com\/sv\/wp-json\/wp\/v2\/product\/19135","targetHints":{"allow":["GET"]}}],"collection":[{"href":"https:\/\/nordicmart.andreevmaster.com\/sv\/wp-json\/wp\/v2\/product"}],"about":[{"href":"https:\/\/nordicmart.andreevmaster.com\/sv\/wp-json\/wp\/v2\/types\/product"}],"replies":[{"embeddable":true,"href":"https:\/\/nordicmart.andreevmaster.com\/sv\/wp-json\/wp\/v2\/comments?post=19135"}],"wp:featuredmedia":[{"embeddable":true,"href":"https:\/\/nordicmart.andreevmaster.com\/sv\/wp-json\/wp\/v2\/media\/46087"}],"wp:attachment":[{"href":"https:\/\/nordicmart.andreevmaster.com\/sv\/wp-json\/wp\/v2\/media?parent=19135"}],"wp:term":[{"taxonomy":"product_brand","embeddable":true,"href":"https:\/\/nordicmart.andreevmaster.com\/sv\/wp-json\/wp\/v2\/product_brand?post=19135"},{"taxonomy":"product_cat","embeddable":true,"href":"https:\/\/nordicmart.andreevmaster.com\/sv\/wp-json\/wp\/v2\/product_cat?post=19135"},{"taxonomy":"product_tag","embeddable":true,"href":"https:\/\/nordicmart.andreevmaster.com\/sv\/wp-json\/wp\/v2\/product_tag?post=19135"}],"curies":[{"name":"wp","href":"https:\/\/api.w.org\/{rel}","templated":true}]}}