{"id":19134,"date":"2026-02-27T00:43:12","date_gmt":"2026-02-27T00:43:12","guid":{"rendered":"https:\/\/nordicmart.andreevmaster.com\/product\/songmics-fotocollage-for-4-foton-svart\/"},"modified":"2026-02-27T08:31:00","modified_gmt":"2026-02-27T08:31:00","slug":"songmics-fotocollage-for-4-foton-svart","status":"publish","type":"product","link":"https:\/\/nordicmart.andreevmaster.com\/sv\/produkt\/songmics-fotocollage-for-4-foton-svart\/","title":{"rendered":"SONGMICS fotocollage f\u00f6r 4 foton Svart"},"content":{"rendered":"<p>SONGMICS fotoram kombinerar elegant design och uts\u00f6kt hantverk och \u00e4r perfekt f\u00f6r att visa upp dina favoritbilder och bevara dina v\u00e4rdefulla minnen. V\u00e4lj ut n\u00e5gra uttrycksfulla foton och rama in dem. De blir de vackraste och mest meningsfulla inredningsdetaljerna. Med denna collage f\u00f6r foton i formatet 10 x 15 cm f\u00f6rvandlar du dina vardagsfoton till en konstutst\u00e4llning! Den h\u00f6gkvalitativa fotoramen \u00e4r tillverkad med omsorg om detaljerna. Den kr\u00e4ver ingen montering eftersom den levereras i ett stycke. Dessa 4 sammankopplade ramar hj\u00e4lper dig att bevara dina underbara stunder och skapa en vacker visuell effekt i ditt vardagsrum, sovrum eller kontor. Produktdetaljer: &#8211; F\u00e4rg: svart &#8211; Material: MDF, glas &#8211; Produktstorlek: 30,5 x 30,5 cm &#8211; Fotostorlek: 10 x 15 cm &#8211; Kantbredd: 2 cm &#8211; Kanttjocklek: 1,2 cm &#8211; Vikt: 1 kg Leveransomfattning: &#8211; 1 x fotoram Collage SONGMICS Anm\u00e4rkningar:  &#8211; Undvik att placera v\u00e4rdesaker under en fotoram. &#8211; V\u00e4ggskruvar ing\u00e5r inte i leveransen, eftersom olika v\u00e4ggmaterial kr\u00e4ver olika typer av f\u00e4stning. Kontakta en lokal j\u00e4rnhandlare om det beh\u00f6vs.<\/p>\n","protected":false},"excerpt":{"rendered":"<p>SONGMICS fotoram collage f\u00f6r 4 foton, 10 x 15 cm, v\u00e4ggmonterad fotogalleri display, med glasskiva, vit RPF25WT<\/p>\n","protected":false},"featured_media":46086,"comment_status":"open","ping_status":"closed","template":"","meta":[],"product_brand":[],"product_cat":[33],"product_tag":[],"class_list":{"0":"post-19134","1":"product","2":"type-product","3":"status-publish","4":"has-post-thumbnail","6":"product_cat-okategoriserad","8":"first","9":"instock","10":"shipping-taxable","11":"purchasable","12":"product-type-simple"},"_links":{"self":[{"href":"https:\/\/nordicmart.andreevmaster.com\/sv\/wp-json\/wp\/v2\/product\/19134","targetHints":{"allow":["GET"]}}],"collection":[{"href":"https:\/\/nordicmart.andreevmaster.com\/sv\/wp-json\/wp\/v2\/product"}],"about":[{"href":"https:\/\/nordicmart.andreevmaster.com\/sv\/wp-json\/wp\/v2\/types\/product"}],"replies":[{"embeddable":true,"href":"https:\/\/nordicmart.andreevmaster.com\/sv\/wp-json\/wp\/v2\/comments?post=19134"}],"wp:featuredmedia":[{"embeddable":true,"href":"https:\/\/nordicmart.andreevmaster.com\/sv\/wp-json\/wp\/v2\/media\/46086"}],"wp:attachment":[{"href":"https:\/\/nordicmart.andreevmaster.com\/sv\/wp-json\/wp\/v2\/media?parent=19134"}],"wp:term":[{"taxonomy":"product_brand","embeddable":true,"href":"https:\/\/nordicmart.andreevmaster.com\/sv\/wp-json\/wp\/v2\/product_brand?post=19134"},{"taxonomy":"product_cat","embeddable":true,"href":"https:\/\/nordicmart.andreevmaster.com\/sv\/wp-json\/wp\/v2\/product_cat?post=19134"},{"taxonomy":"product_tag","embeddable":true,"href":"https:\/\/nordicmart.andreevmaster.com\/sv\/wp-json\/wp\/v2\/product_tag?post=19134"}],"curies":[{"name":"wp","href":"https:\/\/api.w.org\/{rel}","templated":true}]}}