{"id":19129,"date":"2026-02-27T00:43:11","date_gmt":"2026-02-27T00:43:11","guid":{"rendered":"https:\/\/nordicmart.andreevmaster.com\/product\/songmics-fotocollage-horisontellt-for-10-foton\/"},"modified":"2026-02-27T08:30:59","modified_gmt":"2026-02-27T08:30:59","slug":"songmics-fotocollage-horisontellt-for-10-foton","status":"publish","type":"product","link":"https:\/\/nordicmart.andreevmaster.com\/sv\/produkt\/songmics-fotocollage-horisontellt-for-10-foton\/","title":{"rendered":"SONGMICS fotocollage horisontellt f\u00f6r 10 foton"},"content":{"rendered":"<p>Fyll ramen med dina favoritfoton och h\u00e4ng upp den. Bildramen med tr\u00e4m\u00f6nster kommer att pryda din v\u00e4gg och alltid p\u00e5minna dig om de vackra stunderna. Produktdetaljer:  &#8211; M\u00e5tt: 87 x 34 cm &#8211; Tjocklek p\u00e5 MDF-skivan: 1,2 cm &#8211; Ramens bredd: 1,8 cm &#8211; Tjocklek p\u00e5 bildskyddet av PS: 1 mm &#8211; F\u00e4rg: vit; svart Leveransomfattning:  &#8211; 1 x fotoram f\u00f6r 10 foton &#8211; 1 x bruksanvisning &#8211; 1 x beslagsp\u00e5se SONGMICS Anm\u00e4rkningar:  &#8211; Ta bort skyddsfilmen p\u00e5 b\u00e5da sidor av bildskyddet i PS innan anv\u00e4ndning. &#8211; Montera inte p\u00e5 en grov yta f\u00f6r att undvika repor. &#8211; Bildramen best\u00e5r av flera delar som m\u00e5ste monteras ihop.<\/p>\n","protected":false},"excerpt":{"rendered":"<p>SONGMICS fotoram collage f\u00f6r 10 foton, 10 x 15 cm, fotoram av MDF-skivor, montering kr\u00e4vs, vit, med tr\u00e4m\u00f6nster RPF21W<\/p>\n","protected":false},"featured_media":46081,"comment_status":"open","ping_status":"closed","template":"","meta":[],"product_brand":[],"product_cat":[33],"product_tag":[],"class_list":{"0":"post-19129","1":"product","2":"type-product","3":"status-publish","4":"has-post-thumbnail","6":"product_cat-okategoriserad","8":"first","9":"instock","10":"shipping-taxable","11":"purchasable","12":"product-type-simple"},"_links":{"self":[{"href":"https:\/\/nordicmart.andreevmaster.com\/sv\/wp-json\/wp\/v2\/product\/19129","targetHints":{"allow":["GET"]}}],"collection":[{"href":"https:\/\/nordicmart.andreevmaster.com\/sv\/wp-json\/wp\/v2\/product"}],"about":[{"href":"https:\/\/nordicmart.andreevmaster.com\/sv\/wp-json\/wp\/v2\/types\/product"}],"replies":[{"embeddable":true,"href":"https:\/\/nordicmart.andreevmaster.com\/sv\/wp-json\/wp\/v2\/comments?post=19129"}],"wp:featuredmedia":[{"embeddable":true,"href":"https:\/\/nordicmart.andreevmaster.com\/sv\/wp-json\/wp\/v2\/media\/46081"}],"wp:attachment":[{"href":"https:\/\/nordicmart.andreevmaster.com\/sv\/wp-json\/wp\/v2\/media?parent=19129"}],"wp:term":[{"taxonomy":"product_brand","embeddable":true,"href":"https:\/\/nordicmart.andreevmaster.com\/sv\/wp-json\/wp\/v2\/product_brand?post=19129"},{"taxonomy":"product_cat","embeddable":true,"href":"https:\/\/nordicmart.andreevmaster.com\/sv\/wp-json\/wp\/v2\/product_cat?post=19129"},{"taxonomy":"product_tag","embeddable":true,"href":"https:\/\/nordicmart.andreevmaster.com\/sv\/wp-json\/wp\/v2\/product_tag?post=19129"}],"curies":[{"name":"wp","href":"https:\/\/api.w.org\/{rel}","templated":true}]}}