{"id":19128,"date":"2026-02-27T00:43:10","date_gmt":"2026-02-27T00:43:10","guid":{"rendered":"https:\/\/nordicmart.andreevmaster.com\/product\/songmics-bildramcollage-for-10-foton-vit\/"},"modified":"2026-02-27T08:30:59","modified_gmt":"2026-02-27T08:30:59","slug":"songmics-bildramcollage-for-10-foton-vit","status":"publish","type":"product","link":"https:\/\/nordicmart.andreevmaster.com\/sv\/produkt\/songmics-bildramcollage-for-10-foton-vit\/","title":{"rendered":"SONGMICS bildramcollage f\u00f6r 10 foton Vit"},"content":{"rendered":"<p>Fyll ramen med dina favoritfoton och h\u00e4ng upp den. Bildramen med tr\u00e4m\u00f6nster kommer att pryda din v\u00e4gg och alltid p\u00e5minna dig om de vackra stunderna. Produktdetaljer:  &#8211; Totala m\u00e5tt: 60 x 49,3 x 3,6 cm (B x H x D) &#8211; Fotostorlek: 10 x 15 cm &#8211; Ramf\u00e4rg: vit &#8211; Material: MDF, polystyren &#8211; Vikt: 1,8 kg Leveransomfattning:  &#8211; 10 x fotoramar &#8211; 1 x beslagsp\u00e5se &#8211; 1 x p\u00e5se med tr\u00e4pluggar SONGMICS Anm\u00e4rkningar:  &#8211; Luftbubblor och d\u00e5lig ljusgenomsl\u00e4pplighet hos den genomskinliga bildskyddsfilmen beror p\u00e5 skyddsfilmerna. Ta bort de b\u00e5da skyddsfilmerna f\u00f6re anv\u00e4ndning. &#8211; Collageramen best\u00e5r av flera fotoramar. Denna modell m\u00e5ste monteras och h\u00e4ngas p\u00e5 v\u00e4ggen; fotoramarna kan inte anv\u00e4ndas separat.<\/p>\n","protected":false},"excerpt":{"rendered":"<p>SONGMICS fotoram collage f\u00f6r 10 foton, 10 x 15 cm (4&#8243; x 6&#8243;) vardera, av MDF-skivor, montering kr\u00e4vs, vit RPF20WT<\/p>\n","protected":false},"featured_media":46080,"comment_status":"open","ping_status":"closed","template":"","meta":[],"product_brand":[],"product_cat":[33],"product_tag":[],"class_list":{"0":"post-19128","1":"product","2":"type-product","3":"status-publish","4":"has-post-thumbnail","6":"product_cat-okategoriserad","8":"first","9":"instock","10":"shipping-taxable","11":"purchasable","12":"product-type-simple"},"_links":{"self":[{"href":"https:\/\/nordicmart.andreevmaster.com\/sv\/wp-json\/wp\/v2\/product\/19128","targetHints":{"allow":["GET"]}}],"collection":[{"href":"https:\/\/nordicmart.andreevmaster.com\/sv\/wp-json\/wp\/v2\/product"}],"about":[{"href":"https:\/\/nordicmart.andreevmaster.com\/sv\/wp-json\/wp\/v2\/types\/product"}],"replies":[{"embeddable":true,"href":"https:\/\/nordicmart.andreevmaster.com\/sv\/wp-json\/wp\/v2\/comments?post=19128"}],"wp:featuredmedia":[{"embeddable":true,"href":"https:\/\/nordicmart.andreevmaster.com\/sv\/wp-json\/wp\/v2\/media\/46080"}],"wp:attachment":[{"href":"https:\/\/nordicmart.andreevmaster.com\/sv\/wp-json\/wp\/v2\/media?parent=19128"}],"wp:term":[{"taxonomy":"product_brand","embeddable":true,"href":"https:\/\/nordicmart.andreevmaster.com\/sv\/wp-json\/wp\/v2\/product_brand?post=19128"},{"taxonomy":"product_cat","embeddable":true,"href":"https:\/\/nordicmart.andreevmaster.com\/sv\/wp-json\/wp\/v2\/product_cat?post=19128"},{"taxonomy":"product_tag","embeddable":true,"href":"https:\/\/nordicmart.andreevmaster.com\/sv\/wp-json\/wp\/v2\/product_tag?post=19128"}],"curies":[{"name":"wp","href":"https:\/\/api.w.org\/{rel}","templated":true}]}}