{"id":19126,"date":"2026-02-27T00:43:10","date_gmt":"2026-02-27T00:43:10","guid":{"rendered":"https:\/\/nordicmart.andreevmaster.com\/product\/songmics-bildramcollage-for-12-foton-vit\/"},"modified":"2026-02-27T08:30:59","modified_gmt":"2026-02-27T08:30:59","slug":"songmics-bildramcollage-for-12-foton-vit","status":"publish","type":"product","link":"https:\/\/nordicmart.andreevmaster.com\/sv\/produkt\/songmics-bildramcollage-for-12-foton-vit\/","title":{"rendered":"SONGMICS bildramcollage f\u00f6r 12 foton, vit"},"content":{"rendered":"<p>Fyll denna ram med dina favoritfoton och h\u00e4ng upp den. Bildramen med tr\u00e4m\u00f6nster kommer att dekorera din v\u00e4gg och alltid p\u00e5minna dig om de vackra \u00f6gonblicken. Anm\u00e4rkningar: &#8211; Ta bort de dubbelsidiga skyddsfolierna p\u00e5 bildskydden av PS f\u00f6re anv\u00e4ndning. &#8211; Montering b\u00f6r inte ske p\u00e5 en grov yta f\u00f6r att undvika repor.- Bildramen best\u00e5r av flera delar som m\u00e5ste monteras ihop. Produktdetaljer:- M\u00e5tt: 61 x 46,5 cm &#8211; M\u00e5tt p\u00e5 de enskilda fotoramarna: 12,8 x 17,8 cm &#8211; Tjocklek p\u00e5 MDF-skivan: 1,2 cm &#8211; Ramens bredd: 2 cm &#8211; Tjocklek p\u00e5 bildskyddet av PS: 1 mm &#8211; F\u00e4rg: vit Leveransomfattning:- 1 x fotoram f\u00f6r 12 foton &#8211; 1 x enskild fotoram &#8211; 1 x bruksanvisning &#8211; 1 x beslagsp\u00e5se<\/p>\n","protected":false},"excerpt":{"rendered":"<p>SONGMICS bildram collage f\u00f6r 12 foton, 10 x 15 cm (4 x 6) vardera, med 1 enskild fotoram, 13 fotogalleri f\u00f6r collage, av MDF, montering kr\u00e4vs, vit, med tr\u00e4m\u00f6nster RPF112W<\/p>\n","protected":false},"featured_media":46078,"comment_status":"open","ping_status":"closed","template":"","meta":[],"product_brand":[],"product_cat":[33],"product_tag":[],"class_list":{"0":"post-19126","1":"product","2":"type-product","3":"status-publish","4":"has-post-thumbnail","6":"product_cat-okategoriserad","8":"first","9":"instock","10":"shipping-taxable","11":"purchasable","12":"product-type-simple"},"_links":{"self":[{"href":"https:\/\/nordicmart.andreevmaster.com\/sv\/wp-json\/wp\/v2\/product\/19126","targetHints":{"allow":["GET"]}}],"collection":[{"href":"https:\/\/nordicmart.andreevmaster.com\/sv\/wp-json\/wp\/v2\/product"}],"about":[{"href":"https:\/\/nordicmart.andreevmaster.com\/sv\/wp-json\/wp\/v2\/types\/product"}],"replies":[{"embeddable":true,"href":"https:\/\/nordicmart.andreevmaster.com\/sv\/wp-json\/wp\/v2\/comments?post=19126"}],"wp:featuredmedia":[{"embeddable":true,"href":"https:\/\/nordicmart.andreevmaster.com\/sv\/wp-json\/wp\/v2\/media\/46078"}],"wp:attachment":[{"href":"https:\/\/nordicmart.andreevmaster.com\/sv\/wp-json\/wp\/v2\/media?parent=19126"}],"wp:term":[{"taxonomy":"product_brand","embeddable":true,"href":"https:\/\/nordicmart.andreevmaster.com\/sv\/wp-json\/wp\/v2\/product_brand?post=19126"},{"taxonomy":"product_cat","embeddable":true,"href":"https:\/\/nordicmart.andreevmaster.com\/sv\/wp-json\/wp\/v2\/product_cat?post=19126"},{"taxonomy":"product_tag","embeddable":true,"href":"https:\/\/nordicmart.andreevmaster.com\/sv\/wp-json\/wp\/v2\/product_tag?post=19126"}],"curies":[{"name":"wp","href":"https:\/\/api.w.org\/{rel}","templated":true}]}}