{"id":19125,"date":"2026-02-27T00:43:09","date_gmt":"2026-02-27T00:43:09","guid":{"rendered":"https:\/\/nordicmart.andreevmaster.com\/product\/songmics-bilderram-3-pack-med-passepartouter-askgra\/"},"modified":"2026-02-27T08:30:58","modified_gmt":"2026-02-27T08:30:58","slug":"songmics-bilderram-3-pack-med-passepartouter-askgra","status":"publish","type":"product","link":"https:\/\/nordicmart.andreevmaster.com\/sv\/produkt\/songmics-bilderram-3-pack-med-passepartouter-askgra\/","title":{"rendered":"SONGMICS Bilderram 3-pack med passepartouter askgr\u00e5"},"content":{"rendered":"<p>SONGMICS Bilderram 3-pack, fotoram f\u00f6r 28 x 36 cm, 20 x 25 cm, A4-bilder, med passepartout, ram, f\u00f6r v\u00e4gg eller bord, fotogalleri, glas, MDF, 37 x 29,3 cm, askgr\u00e5 RPF063B01<br \/>\nF\u00e4rg: Askgr\u00e5<br \/>\nMaterial: MDF (medeldensitetsfiberplatta), glas<br \/>\nStorlek: 43,4 x 31,1 cm (L x B)<br \/>\nRamens tjocklek: 2,8 cm<br \/>\nVikt f\u00f6r 3 ramar: 3,5 kg<\/p>\n","protected":false},"excerpt":{"rendered":"<p>SONGMICS Bilderram 3-pack, fotoram f\u00f6r 28 x 36 cm, 20 x 25 cm, A4-bilder, med passepartout, ram, f\u00f6r v\u00e4gg eller bord, fotogalleri, glas, MDF, 37 x 29,3 cm, askgr\u00e5 RPF063B01<\/p>\n","protected":false},"featured_media":46077,"comment_status":"open","ping_status":"closed","template":"","meta":[],"product_brand":[],"product_cat":[33],"product_tag":[],"class_list":{"0":"post-19125","1":"product","2":"type-product","3":"status-publish","4":"has-post-thumbnail","6":"product_cat-okategoriserad","8":"first","9":"instock","10":"shipping-taxable","11":"purchasable","12":"product-type-simple"},"_links":{"self":[{"href":"https:\/\/nordicmart.andreevmaster.com\/sv\/wp-json\/wp\/v2\/product\/19125","targetHints":{"allow":["GET"]}}],"collection":[{"href":"https:\/\/nordicmart.andreevmaster.com\/sv\/wp-json\/wp\/v2\/product"}],"about":[{"href":"https:\/\/nordicmart.andreevmaster.com\/sv\/wp-json\/wp\/v2\/types\/product"}],"replies":[{"embeddable":true,"href":"https:\/\/nordicmart.andreevmaster.com\/sv\/wp-json\/wp\/v2\/comments?post=19125"}],"wp:featuredmedia":[{"embeddable":true,"href":"https:\/\/nordicmart.andreevmaster.com\/sv\/wp-json\/wp\/v2\/media\/46077"}],"wp:attachment":[{"href":"https:\/\/nordicmart.andreevmaster.com\/sv\/wp-json\/wp\/v2\/media?parent=19125"}],"wp:term":[{"taxonomy":"product_brand","embeddable":true,"href":"https:\/\/nordicmart.andreevmaster.com\/sv\/wp-json\/wp\/v2\/product_brand?post=19125"},{"taxonomy":"product_cat","embeddable":true,"href":"https:\/\/nordicmart.andreevmaster.com\/sv\/wp-json\/wp\/v2\/product_cat?post=19125"},{"taxonomy":"product_tag","embeddable":true,"href":"https:\/\/nordicmart.andreevmaster.com\/sv\/wp-json\/wp\/v2\/product_tag?post=19125"}],"curies":[{"name":"wp","href":"https:\/\/api.w.org\/{rel}","templated":true}]}}