{"id":19120,"date":"2026-02-27T00:43:08","date_gmt":"2026-02-27T00:43:08","guid":{"rendered":"https:\/\/nordicmart.andreevmaster.com\/product\/songmics-tavelram-med-sparfria-vaggkrokar-345-x-255-cm-askgra\/"},"modified":"2026-02-27T08:30:57","modified_gmt":"2026-02-27T08:30:57","slug":"songmics-tavelram-med-sparfria-vaggkrokar-345-x-255-cm-askgra","status":"publish","type":"product","link":"https:\/\/nordicmart.andreevmaster.com\/sv\/produkt\/songmics-tavelram-med-sparfria-vaggkrokar-345-x-255-cm-askgra\/","title":{"rendered":"SONGMICS tavelram med sp\u00e5rfria v\u00e4ggkrokar 34,5 x 25,5 cm askgr\u00e5"},"content":{"rendered":"<p>SONGMICS fotoram, A4, 22 x 28 cm, barnens utm\u00e4rkelser, l\u00e5da f\u00f6r upp till 150 teckningar, MDF, glas, passepartout, klisterm\u00e4rken, sp\u00e5rl\u00f6sa v\u00e4ggkrokar, 34,5 x 25,5 cm, askgr\u00e5 RPF052B01<br \/>\nF\u00e4rg: Askgr\u00e5<br \/>\nMaterial: MDF (medeldensitetsfiberplatta), glas<br \/>\nStorlek: 34,5 x 25,5 cm (L x B)<br \/>\nRamtjocklek: 4,5 cm<br \/>\nTotalvikt: 1,3 kg<\/p>\n","protected":false},"excerpt":{"rendered":"<p>SONGMICS fotoram, A4, 22 x 28 cm, barnens utm\u00e4rkelser, l\u00e5da f\u00f6r upp till 150 teckningar, MDF, glas, passepartout, klisterm\u00e4rken, sp\u00e5rl\u00f6sa v\u00e4ggkrokar, 34,5 x 25,5 cm, askgr\u00e5 RPF052B01<\/p>\n","protected":false},"featured_media":46072,"comment_status":"open","ping_status":"closed","template":"","meta":[],"product_brand":[],"product_cat":[33],"product_tag":[],"class_list":{"0":"post-19120","1":"product","2":"type-product","3":"status-publish","4":"has-post-thumbnail","6":"product_cat-okategoriserad","8":"first","9":"instock","10":"shipping-taxable","11":"purchasable","12":"product-type-simple"},"_links":{"self":[{"href":"https:\/\/nordicmart.andreevmaster.com\/sv\/wp-json\/wp\/v2\/product\/19120","targetHints":{"allow":["GET"]}}],"collection":[{"href":"https:\/\/nordicmart.andreevmaster.com\/sv\/wp-json\/wp\/v2\/product"}],"about":[{"href":"https:\/\/nordicmart.andreevmaster.com\/sv\/wp-json\/wp\/v2\/types\/product"}],"replies":[{"embeddable":true,"href":"https:\/\/nordicmart.andreevmaster.com\/sv\/wp-json\/wp\/v2\/comments?post=19120"}],"wp:featuredmedia":[{"embeddable":true,"href":"https:\/\/nordicmart.andreevmaster.com\/sv\/wp-json\/wp\/v2\/media\/46072"}],"wp:attachment":[{"href":"https:\/\/nordicmart.andreevmaster.com\/sv\/wp-json\/wp\/v2\/media?parent=19120"}],"wp:term":[{"taxonomy":"product_brand","embeddable":true,"href":"https:\/\/nordicmart.andreevmaster.com\/sv\/wp-json\/wp\/v2\/product_brand?post=19120"},{"taxonomy":"product_cat","embeddable":true,"href":"https:\/\/nordicmart.andreevmaster.com\/sv\/wp-json\/wp\/v2\/product_cat?post=19120"},{"taxonomy":"product_tag","embeddable":true,"href":"https:\/\/nordicmart.andreevmaster.com\/sv\/wp-json\/wp\/v2\/product_tag?post=19120"}],"curies":[{"name":"wp","href":"https:\/\/api.w.org\/{rel}","templated":true}]}}